{"id":15578,"date":"2025-06-16T14:53:55","date_gmt":"2025-06-16T17:53:55","guid":{"rendered":"https:\/\/vivatatuape.com.br\/app\/?page_id=15578"},"modified":"2025-06-16T15:03:34","modified_gmt":"2025-06-16T18:03:34","slug":"self-service-no-tatuape","status":"publish","type":"page","link":"https:\/\/vivatatuape.com.br\/app\/self-service-no-tatuape\/","title":{"rendered":"Self-Service no Tatuap\u00e9"},"content":{"rendered":"\t\t<div data-elementor-type=\"wp-page\" data-elementor-id=\"15578\" class=\"elementor elementor-15578\">\n\t\t\t\t\t\t<section class=\"has-el-gap el-gap-default elementor-section elementor-top-section elementor-element elementor-element-52d762eb elementor-section-full_width elementor-section-height-default elementor-section-height-default\" data-id=\"52d762eb\" data-element_type=\"section\">\n\t\t\t\t\t\t<div class=\"elementor-container elementor-column-gap-no\">\n\t\t\t\t\t<div class=\"elementor-column elementor-col-100 elementor-top-column elementor-element elementor-element-6eb27265\" data-id=\"6eb27265\" data-element_type=\"column\">\n\t\t\t<div class=\"elementor-widget-wrap elementor-element-populated\">\n\t\t\t\t\t\t<div class=\"elementor-element elementor-element-29479493 elementor-widget elementor-widget-smartmag-featgrid\" data-id=\"29479493\" data-element_type=\"widget\" data-widget_type=\"smartmag-featgrid.default\">\n\t\t\t\t<div class=\"elementor-widget-container\">\n\t\t\t\t\t<section class=\"block-wrap block-feat-grid block-sc mb-none\" data-id=\"1\">\n\n\t\t\t\t\n\t\t\t<div class=\"block-content\">\n\t\t\t\t\t\n<section class=\"feat-grid feat-grid-eq1 static feat-grid-full feat-grid-eq1-full feat-grid-height feat-grid-equals\">\n\n\t<div class=\"slides\" data-parallax>\n\t\n\t\n\t\t\t\t\t\n\t\t\t\t\t\t\t\n\t\t\t\t<div class=\"item item-main item-large item-1 pos-center pos-bot\">\n\n\t\t\t\t\t\n<article class=\"l-post grid-overlay grid-overlay-a hover-zoom\">\n\n\t\n\t\t\t<div class=\"media\">\n\n\t\t\n\t\t\t<a href=\"https:\/\/vivatatuape.com.br\/app\/2025\/06\/16\/prensa-gastronomia\/\" class=\"image-link\" title=\"Prensa Gastronomia\"><img fetchpriority=\"high\" decoding=\"async\" width=\"788\" height=\"443\" src=\"https:\/\/vivatatuape.com.br\/app\/wp-content\/uploads\/2023\/09\/PrensaCapa.jpg\" class=\"attachment-large size-large wp-post-image\" alt=\"\" sizes=\"(max-width: 1920px) 100vw, 1920px\" title=\"Prensa Gastronomia\" srcset=\"https:\/\/vivatatuape.com.br\/app\/wp-content\/uploads\/2023\/09\/PrensaCapa.jpg 1024w, https:\/\/vivatatuape.com.br\/app\/wp-content\/uploads\/2023\/09\/PrensaCapa-600x338.jpg 600w, https:\/\/vivatatuape.com.br\/app\/wp-content\/uploads\/2023\/09\/PrensaCapa-300x169.jpg 300w, https:\/\/vivatatuape.com.br\/app\/wp-content\/uploads\/2023\/09\/PrensaCapa-768x432.jpg 768w\" \/><\/a>\t\t\t\n\t\t\t\n\t\t\t\n\t\t\t\n\t\t\n\t\t<\/div>\n\t\n\n\t\t\t<div class=\"content-wrap\">\n\t\n\t\t<div class=\"content\">\n\n\t\t\t<div class=\"post-meta post-meta-a meta-contrast has-below\"><div class=\"post-meta-items meta-above\"><span class=\"meta-item cat-labels\">\n\t\t\t\t\t\t\n\t\t\t\t\t\t<a href=\"https:\/\/vivatatuape.com.br\/app\/category\/comer-no-tatuape\/\" class=\"category term-color-9\" rel=\"category\">Comer no Tatuape<\/a>\n\t\t\t\t\t<\/span>\n\t\t\t\t\t<\/div><h2 class=\"is-title post-title\"><a href=\"https:\/\/vivatatuape.com.br\/app\/2025\/06\/16\/prensa-gastronomia\/\">Prensa Gastronomia<\/a><\/h2><div class=\"post-meta-items meta-below\"><span class=\"meta-item post-author\"><a href=\"https:\/\/vivatatuape.com.br\/app\/author\/appvivatatuape\/\" title=\"Posts de appvivatatuape\" rel=\"author\">appvivatatuape<\/a><\/span><span class=\"meta-item date\"><span class=\"date-link\"><time class=\"post-date\" datetime=\"2025-06-16T14:57:30-03:00\">16 de junho de 2025<\/time><\/span><\/span><\/div><\/div>\t\t\t\n\t\t\t\n\t\t\t\n\t\t<\/div>\n\n\t\t\t<\/div>\n\t\n<\/article>\n\t\t\t\t<\/div>\n\t\t\t\t\t\t\t\n\t\t\t\t\t\t\t\n\t\t\n\t\t<\/div>\n\n<\/section>\n\t\t\t<\/div>\n\n\t\t<\/section>\n\t\t\t\t<\/div>\n\t\t\t\t<\/div>\n\t\t\t\t\t<\/div>\n\t\t<\/div>\n\t\t\t\t\t<\/div>\n\t\t<\/section>\n\t\t\t\t<section class=\"has-el-gap el-gap-default elementor-section elementor-top-section elementor-element elementor-element-4b36af7c elementor-section-boxed elementor-section-height-default elementor-section-height-default\" data-id=\"4b36af7c\" data-element_type=\"section\">\n\t\t\t\t\t\t<div class=\"elementor-container elementor-column-gap-no\">\n\t\t\t\t\t<div class=\"elementor-column elementor-col-100 elementor-top-column elementor-element elementor-element-5d0b13b6\" data-id=\"5d0b13b6\" data-element_type=\"column\">\n\t\t\t<div class=\"elementor-widget-wrap elementor-element-populated\">\n\t\t\t\t\t\t<div class=\"elementor-element elementor-element-34cc473f elementor-widget__width-inherit elementor-widget elementor-widget-image\" data-id=\"34cc473f\" data-element_type=\"widget\" data-widget_type=\"image.default\">\n\t\t\t\t<div class=\"elementor-widget-container\">\n\t\t\t<style>\/*! elementor - v3.21.0 - 26-05-2024 *\/\n.elementor-widget-image{text-align:center}.elementor-widget-image a{display:inline-block}.elementor-widget-image a img[src$=\".svg\"]{width:48px}.elementor-widget-image img{vertical-align:middle;display:inline-block}<\/style>\t\t\t\t\t\t\t\t\t\t<img decoding=\"async\" width=\"600\" height=\"135\" src=\"https:\/\/vivatatuape.com.br\/app\/wp-content\/uploads\/2025\/06\/OndeComer.png\" class=\"attachment-full size-full wp-image-14479\" alt=\"\" srcset=\"https:\/\/vivatatuape.com.br\/app\/wp-content\/uploads\/2025\/06\/OndeComer.png 600w, https:\/\/vivatatuape.com.br\/app\/wp-content\/uploads\/2025\/06\/OndeComer-300x68.png 300w, https:\/\/vivatatuape.com.br\/app\/wp-content\/uploads\/2025\/06\/OndeComer-150x34.png 150w, https:\/\/vivatatuape.com.br\/app\/wp-content\/uploads\/2025\/06\/OndeComer-450x101.png 450w\" sizes=\"(max-width: 600px) 100vw, 600px\" \/>\t\t\t\t\t\t\t\t\t\t\t\t\t<\/div>\n\t\t\t\t<\/div>\n\t\t\t\t<div class=\"elementor-element elementor-element-6e439542 elementor-widget elementor-widget-smartmag-grid\" data-id=\"6e439542\" data-element_type=\"widget\" data-widget_type=\"smartmag-grid.default\">\n\t\t\t\t<div class=\"elementor-widget-container\">\n\t\t\t\t\t<section class=\"block-wrap block-grid block-sc cols-gap-sm mb-none\" data-id=\"2\">\n\n\t\t\t\t\n\t\t\t<div class=\"block-content\">\n\t\t\t\t\t\n\t<div class=\"loop loop-grid loop-grid-card grid grid-3 md:grid-2 xs:grid-1\">\n\n\t\t\t\t\t\n<article class=\"l-post grid-post grid-card-post\">\n\n\t\n\t\t\t<div class=\"media\">\n\n\t\t\n\t\t\t<a href=\"https:\/\/vivatatuape.com.br\/app\/2025\/06\/16\/prensa-gastronomia\/\" class=\"image-link media-ratio ratio-3-2\" title=\"Prensa Gastronomia\"><img decoding=\"async\" width=\"377\" height=\"251\" src=\"https:\/\/vivatatuape.com.br\/app\/wp-content\/uploads\/2023\/09\/PrensaCapa.jpg\" class=\"attachment-large size-large wp-post-image\" alt=\"\" sizes=\"(max-width: 377px) 100vw, 377px\" title=\"Prensa Gastronomia\" srcset=\"https:\/\/vivatatuape.com.br\/app\/wp-content\/uploads\/2023\/09\/PrensaCapa.jpg 1024w, https:\/\/vivatatuape.com.br\/app\/wp-content\/uploads\/2023\/09\/PrensaCapa-600x338.jpg 600w, https:\/\/vivatatuape.com.br\/app\/wp-content\/uploads\/2023\/09\/PrensaCapa-768x432.jpg 768w\" \/><\/a>\t\t\t\n\t\t\t\n\t\t\t\n\t\t\t\t\t\t\t\n\t\t\t\t<span class=\"cat-labels cat-labels-overlay c-overlay p-bot-left\">\n\t\t\t\t<a href=\"https:\/\/vivatatuape.com.br\/app\/category\/comer-no-tatuape\/\" class=\"category term-color-9\" rel=\"category\">Comer no Tatuape<\/a>\n\t\t\t<\/span>\n\t\t\t\t\t\t\n\t\t\t\n\t\t\n\t\t<\/div>\n\t\n\n\t\n\t\t<div class=\"content\">\n\n\t\t\t<div class=\"post-meta post-meta-a\"><h2 class=\"is-title post-title limit-lines l-lines-3\"><a href=\"https:\/\/vivatatuape.com.br\/app\/2025\/06\/16\/prensa-gastronomia\/\">Prensa Gastronomia<\/a><\/h2><\/div>\t\t\t\n\t\t\t\t\t\t\n\t\t\t\t<div class=\"excerpt\">\n\t\t\t\t\t<p>O Prensa Gastronomia oferece refei\u00e7\u00f5es mais saud\u00e1veis no sistema de self-Service por Quilo. Voc\u00ea encontra&hellip;<\/p>\n\t\t\t\t<\/div>\n\t\t\t\n\t\t\t\n\t\t\t\n\t\t<\/div>\n\n\t\n<\/article>\t\t\t\t\t\n<article class=\"l-post grid-post grid-card-post\">\n\n\t\n\t\t\t<div class=\"media\">\n\n\t\t\n\t\t\t<a href=\"https:\/\/vivatatuape.com.br\/app\/2024\/07\/22\/restaurante-prensa-natural-gourmet\/\" class=\"image-link media-ratio ratio-3-2\" title=\"Restaurante Prensa Natural Gourmet\"><img loading=\"lazy\" decoding=\"async\" width=\"377\" height=\"251\" src=\"https:\/\/vivatatuape.com.br\/app\/wp-content\/uploads\/2024\/07\/20220718_171006-1024x576-1-450x253.webp\" class=\"attachment-bunyad-medium size-bunyad-medium wp-post-image\" alt=\"\" sizes=\"(max-width: 377px) 100vw, 377px\" title=\"Restaurante Prensa Natural Gourmet\" srcset=\"https:\/\/vivatatuape.com.br\/app\/wp-content\/uploads\/2024\/07\/20220718_171006-1024x576-1-450x253.webp 450w, https:\/\/vivatatuape.com.br\/app\/wp-content\/uploads\/2024\/07\/20220718_171006-1024x576-1-600x338.webp 600w, https:\/\/vivatatuape.com.br\/app\/wp-content\/uploads\/2024\/07\/20220718_171006-1024x576-1-768x432.webp 768w, https:\/\/vivatatuape.com.br\/app\/wp-content\/uploads\/2024\/07\/20220718_171006-1024x576-1.webp 1024w\" \/><\/a>\t\t\t\n\t\t\t\n\t\t\t\n\t\t\t\t\t\t\t\n\t\t\t\t<span class=\"cat-labels cat-labels-overlay c-overlay p-bot-left\">\n\t\t\t\t<a href=\"https:\/\/vivatatuape.com.br\/app\/category\/comer-no-tatuape\/\" class=\"category term-color-9\" rel=\"category\">Comer no Tatuape<\/a>\n\t\t\t<\/span>\n\t\t\t\t\t\t\n\t\t\t\n\t\t\n\t\t<\/div>\n\t\n\n\t\n\t\t<div class=\"content\">\n\n\t\t\t<div class=\"post-meta post-meta-a\"><h2 class=\"is-title post-title limit-lines l-lines-3\"><a href=\"https:\/\/vivatatuape.com.br\/app\/2024\/07\/22\/restaurante-prensa-natural-gourmet\/\">Restaurante Prensa Natural Gourmet<\/a><\/h2><\/div>\t\t\t\n\t\t\t\t\t\t\n\t\t\t\t<div class=\"excerpt\">\n\t\t\t\t\t<p>Prensa Gastronomia oferece refei\u00e7\u00f5es mais saud\u00e1veis no sistema de self-Service por Quilo. Voc\u00ea encontra desde&hellip;<\/p>\n\t\t\t\t<\/div>\n\t\t\t\n\t\t\t\n\t\t\t\n\t\t<\/div>\n\n\t\n<\/article>\t\t\t\t\t\n<article class=\"l-post grid-post grid-card-post\">\n\n\t\n\t\t\t<div class=\"media\">\n\n\t\t\n\t\t\t<a href=\"https:\/\/vivatatuape.com.br\/app\/2023\/09\/19\/livanto\/\" class=\"image-link media-ratio ratio-3-2\" title=\"Livanto\"><img loading=\"lazy\" decoding=\"async\" width=\"377\" height=\"251\" src=\"https:\/\/vivatatuape.com.br\/app\/wp-content\/uploads\/2023\/09\/Livanto-1024x576.jpg\" class=\"attachment-large size-large wp-post-image\" alt=\"\" sizes=\"(max-width: 377px) 100vw, 377px\" title=\"Livanto\" srcset=\"https:\/\/vivatatuape.com.br\/app\/wp-content\/uploads\/2023\/09\/Livanto-1024x576.jpg 1024w, https:\/\/vivatatuape.com.br\/app\/wp-content\/uploads\/2023\/09\/Livanto-600x337.jpg 600w, https:\/\/vivatatuape.com.br\/app\/wp-content\/uploads\/2023\/09\/Livanto-768x432.jpg 768w, https:\/\/vivatatuape.com.br\/app\/wp-content\/uploads\/2023\/09\/Livanto-1440x810.jpg 1440w, https:\/\/vivatatuape.com.br\/app\/wp-content\/uploads\/2023\/09\/Livanto.jpg 1533w\" \/><\/a>\t\t\t\n\t\t\t\n\t\t\t\n\t\t\t\t\t\t\t\n\t\t\t\t<span class=\"cat-labels cat-labels-overlay c-overlay p-bot-left\">\n\t\t\t\t<a href=\"https:\/\/vivatatuape.com.br\/app\/category\/comer-no-tatuape\/\" class=\"category term-color-9\" rel=\"category\">Comer no Tatuape<\/a>\n\t\t\t<\/span>\n\t\t\t\t\t\t\n\t\t\t\n\t\t\n\t\t<\/div>\n\t\n\n\t\n\t\t<div class=\"content\">\n\n\t\t\t<div class=\"post-meta post-meta-a\"><h2 class=\"is-title post-title limit-lines l-lines-3\"><a href=\"https:\/\/vivatatuape.com.br\/app\/2023\/09\/19\/livanto\/\">Livanto<\/a><\/h2><\/div>\t\t\t\n\t\t\t\t\t\t\n\t\t\t\t<div class=\"excerpt\">\n\t\t\t\t\t<p>O Livantto Restaurante oferece diariamente almo\u00e7o completo Self-Service. A gastronomia variada e caseira no buffet&hellip;<\/p>\n\t\t\t\t<\/div>\n\t\t\t\n\t\t\t\n\t\t\t\n\t\t<\/div>\n\n\t\n<\/article>\t\t\t\t\t\n<article class=\"l-post grid-post grid-card-post\">\n\n\t\n\t\t\t<div class=\"media\">\n\n\t\t\n\t\t\t<a href=\"https:\/\/vivatatuape.com.br\/app\/2024\/07\/22\/restaurante-bem-natural\/\" class=\"image-link media-ratio ratio-3-2\" title=\"Restaurante Bem Natural \u2013 Nutri\u00e7\u00e3o com Sabor no Cora\u00e7\u00e3o do Tatuap\u00e9\"><img loading=\"lazy\" decoding=\"async\" width=\"377\" height=\"251\" src=\"https:\/\/vivatatuape.com.br\/app\/wp-content\/uploads\/2024\/07\/20240523_103205-1-1-450x253.jpg\" class=\"attachment-bunyad-medium size-bunyad-medium wp-post-image\" alt=\"\" sizes=\"(max-width: 377px) 100vw, 377px\" title=\"Restaurante Bem Natural \u2013 Nutri\u00e7\u00e3o com Sabor no Cora\u00e7\u00e3o do Tatuap\u00e9\" srcset=\"https:\/\/vivatatuape.com.br\/app\/wp-content\/uploads\/2024\/07\/20240523_103205-1-1-450x253.jpg 450w, https:\/\/vivatatuape.com.br\/app\/wp-content\/uploads\/2024\/07\/20240523_103205-1-1-scaled-600x338.jpg 600w, https:\/\/vivatatuape.com.br\/app\/wp-content\/uploads\/2024\/07\/20240523_103205-1-1-1024x577.jpg 1024w, https:\/\/vivatatuape.com.br\/app\/wp-content\/uploads\/2024\/07\/20240523_103205-1-1-768x432.jpg 768w, https:\/\/vivatatuape.com.br\/app\/wp-content\/uploads\/2024\/07\/20240523_103205-1-1-1536x865.jpg 1536w, https:\/\/vivatatuape.com.br\/app\/wp-content\/uploads\/2024\/07\/20240523_103205-1-1-2048x1153.jpg 2048w, https:\/\/vivatatuape.com.br\/app\/wp-content\/uploads\/2024\/07\/20240523_103205-1-1-1200x676.jpg 1200w\" \/><\/a>\t\t\t\n\t\t\t\n\t\t\t\n\t\t\t\t\t\t\t\n\t\t\t\t<span class=\"cat-labels cat-labels-overlay c-overlay p-bot-left\">\n\t\t\t\t<a href=\"https:\/\/vivatatuape.com.br\/app\/category\/comer-no-tatuape\/\" class=\"category term-color-9\" rel=\"category\">Comer no Tatuape<\/a>\n\t\t\t<\/span>\n\t\t\t\t\t\t\n\t\t\t\n\t\t\n\t\t<\/div>\n\t\n\n\t\n\t\t<div class=\"content\">\n\n\t\t\t<div class=\"post-meta post-meta-a\"><h2 class=\"is-title post-title limit-lines l-lines-3\"><a href=\"https:\/\/vivatatuape.com.br\/app\/2024\/07\/22\/restaurante-bem-natural\/\">Restaurante Bem Natural \u2013 Nutri\u00e7\u00e3o com Sabor no Cora\u00e7\u00e3o do Tatuap\u00e9<\/a><\/h2><\/div>\t\t\t\n\t\t\t\t\t\t\n\t\t\t\t<div class=\"excerpt\">\n\t\t\t\t\t<p>Localizado na Rua Tijuco Preto, 1647, o Restaurante Bem Natural \u00e9 um verdadeiro ref\u00fagio para&hellip;<\/p>\n\t\t\t\t<\/div>\n\t\t\t\n\t\t\t\n\t\t\t\n\t\t<\/div>\n\n\t\n<\/article>\t\t\t\t\t\n<article class=\"l-post grid-post grid-card-post\">\n\n\t\n\t\t\t<div class=\"media\">\n\n\t\t\n\t\t\t<a href=\"https:\/\/vivatatuape.com.br\/app\/2023\/09\/19\/azevedos-grill\/\" class=\"image-link media-ratio ratio-3-2\" title=\"Azevedo&#8217;s Grill\"><img loading=\"lazy\" decoding=\"async\" width=\"377\" height=\"251\" src=\"https:\/\/vivatatuape.com.br\/app\/wp-content\/uploads\/2023\/09\/Azevedos2-1024x578.jpg\" class=\"attachment-large size-large wp-post-image\" alt=\"\" sizes=\"(max-width: 377px) 100vw, 377px\" title=\"Azevedo&#8217;s Grill\" srcset=\"https:\/\/vivatatuape.com.br\/app\/wp-content\/uploads\/2023\/09\/Azevedos2-1024x578.jpg 1024w, https:\/\/vivatatuape.com.br\/app\/wp-content\/uploads\/2023\/09\/Azevedos2-600x338.jpg 600w, https:\/\/vivatatuape.com.br\/app\/wp-content\/uploads\/2023\/09\/Azevedos2-768x433.jpg 768w, https:\/\/vivatatuape.com.br\/app\/wp-content\/uploads\/2023\/09\/Azevedos2-1536x866.jpg 1536w, https:\/\/vivatatuape.com.br\/app\/wp-content\/uploads\/2023\/09\/Azevedos2-1440x812.jpg 1440w, https:\/\/vivatatuape.com.br\/app\/wp-content\/uploads\/2023\/09\/Azevedos2.jpg 1704w\" \/><\/a>\t\t\t\n\t\t\t\n\t\t\t\n\t\t\t\t\t\t\t\n\t\t\t\t<span class=\"cat-labels cat-labels-overlay c-overlay p-bot-left\">\n\t\t\t\t<a href=\"https:\/\/vivatatuape.com.br\/app\/category\/comer-no-tatuape\/\" class=\"category term-color-9\" rel=\"category\">Comer no Tatuape<\/a>\n\t\t\t<\/span>\n\t\t\t\t\t\t\n\t\t\t\n\t\t\n\t\t<\/div>\n\t\n\n\t\n\t\t<div class=\"content\">\n\n\t\t\t<div class=\"post-meta post-meta-a\"><h2 class=\"is-title post-title limit-lines l-lines-3\"><a href=\"https:\/\/vivatatuape.com.br\/app\/2023\/09\/19\/azevedos-grill\/\">Azevedo&#8217;s Grill<\/a><\/h2><\/div>\t\t\t\n\t\t\t\t\t\t\n\t\t\t\t<div class=\"excerpt\">\n\t\t\t\t\t<p>Para quem adora um self-Service por quilo com diversas op\u00e7\u00f5es de saladas, pratos quentes e&hellip;<\/p>\n\t\t\t\t<\/div>\n\t\t\t\n\t\t\t\n\t\t\t\n\t\t<\/div>\n\n\t\n<\/article>\t\t\n\t<\/div>\n\n\t\t\n\t\t\t<\/div>\n\n\t\t<\/section>\n\t\t\t\t<\/div>\n\t\t\t\t<\/div>\n\t\t\t\t\t<\/div>\n\t\t<\/div>\n\t\t\t\t\t<\/div>\n\t\t<\/section>\n\t\t\t\t<\/div>\n\t\t","protected":false},"excerpt":{"rendered":"<p>Comer no Tatuape Prensa Gastronomia appvivatatuape16 de junho de 2025 Comer no Tatuape Restaurante Bem Natural Rua Tijuco Preto, 1647 &#8211; Tatuap\u00e9 Telefone \/ WhatsApp: (11) 93737-1647 Comida saud\u00e1vel e saborosa&hellip; Comer no Tatuape Prensa Gastronomia O Prensa Gastronomia oferece refei\u00e7\u00f5es mais saud\u00e1veis no sistema de self-Service por Quilo. Voc\u00ea encontra&hellip; Comer no Tatuape Restaurante<\/p>\n","protected":false},"author":1,"featured_media":0,"parent":0,"menu_order":0,"comment_status":"closed","ping_status":"closed","template":"page-templates\/no-wrapper.php","meta":{"footnotes":""},"class_list":["post-15578","page","type-page","status-publish"],"yoast_head":"<!-- This site is optimized with the Yoast SEO plugin v25.4 - https:\/\/yoast.com\/wordpress\/plugins\/seo\/ -->\n<title>Self-Service no Tatuap\u00e9 - appvivatatuap\u00e9<\/title>\n<meta name=\"robots\" content=\"index, follow, max-snippet:-1, max-image-preview:large, max-video-preview:-1\" \/>\n<link rel=\"canonical\" href=\"https:\/\/vivatatuape.com.br\/app\/self-service-no-tatuape\/\" \/>\n<meta property=\"og:locale\" content=\"pt_BR\" \/>\n<meta property=\"og:type\" content=\"article\" \/>\n<meta property=\"og:title\" content=\"Self-Service no Tatuap\u00e9 - appvivatatuap\u00e9\" \/>\n<meta property=\"og:description\" content=\"Comer no Tatuape Prensa Gastronomia appvivatatuape16 de junho de 2025 Comer no Tatuape Restaurante Bem Natural Rua Tijuco Preto, 1647 &#8211; Tatuap\u00e9 Telefone \/ WhatsApp: (11) 93737-1647 Comida saud\u00e1vel e saborosa&hellip; Comer no Tatuape Prensa Gastronomia O Prensa Gastronomia oferece refei\u00e7\u00f5es mais saud\u00e1veis no sistema de self-Service por Quilo. Voc\u00ea encontra&hellip; Comer no Tatuape Restaurante\" \/>\n<meta property=\"og:url\" content=\"https:\/\/vivatatuape.com.br\/app\/self-service-no-tatuape\/\" \/>\n<meta property=\"og:site_name\" content=\"appvivatatuap\u00e9\" \/>\n<meta property=\"article:publisher\" content=\"https:\/\/facebook.com\/appvivatatuape\" \/>\n<meta property=\"article:modified_time\" content=\"2025-06-16T18:03:34+00:00\" \/>\n<meta property=\"og:image\" content=\"http:\/\/vivatatuape.com.br\/app\/wp-content\/uploads\/2023\/09\/PrensaCapa.jpg\" \/>\n<meta name=\"twitter:card\" content=\"summary_large_image\" \/>\n<meta name=\"twitter:label1\" content=\"Est. tempo de leitura\" \/>\n\t<meta name=\"twitter:data1\" content=\"3 minutos\" \/>\n<script type=\"application\/ld+json\" class=\"yoast-schema-graph\">{\"@context\":\"https:\/\/schema.org\",\"@graph\":[{\"@type\":\"WebPage\",\"@id\":\"https:\/\/vivatatuape.com.br\/app\/self-service-no-tatuape\/\",\"url\":\"https:\/\/vivatatuape.com.br\/app\/self-service-no-tatuape\/\",\"name\":\"Self-Service no Tatuap\u00e9 - appvivatatuap\u00e9\",\"isPartOf\":{\"@id\":\"https:\/\/vivatatuape.com.br\/app\/#website\"},\"primaryImageOfPage\":{\"@id\":\"https:\/\/vivatatuape.com.br\/app\/self-service-no-tatuape\/#primaryimage\"},\"image\":{\"@id\":\"https:\/\/vivatatuape.com.br\/app\/self-service-no-tatuape\/#primaryimage\"},\"thumbnailUrl\":\"http:\/\/vivatatuape.com.br\/app\/wp-content\/uploads\/2023\/09\/PrensaCapa.jpg\",\"datePublished\":\"2025-06-16T17:53:55+00:00\",\"dateModified\":\"2025-06-16T18:03:34+00:00\",\"breadcrumb\":{\"@id\":\"https:\/\/vivatatuape.com.br\/app\/self-service-no-tatuape\/#breadcrumb\"},\"inLanguage\":\"pt-BR\",\"potentialAction\":[{\"@type\":\"ReadAction\",\"target\":[\"https:\/\/vivatatuape.com.br\/app\/self-service-no-tatuape\/\"]}]},{\"@type\":\"ImageObject\",\"inLanguage\":\"pt-BR\",\"@id\":\"https:\/\/vivatatuape.com.br\/app\/self-service-no-tatuape\/#primaryimage\",\"url\":\"http:\/\/vivatatuape.com.br\/app\/wp-content\/uploads\/2023\/09\/PrensaCapa.jpg\",\"contentUrl\":\"http:\/\/vivatatuape.com.br\/app\/wp-content\/uploads\/2023\/09\/PrensaCapa.jpg\"},{\"@type\":\"BreadcrumbList\",\"@id\":\"https:\/\/vivatatuape.com.br\/app\/self-service-no-tatuape\/#breadcrumb\",\"itemListElement\":[{\"@type\":\"ListItem\",\"position\":1,\"name\":\"In\u00edcio\",\"item\":\"https:\/\/vivatatuape.com.br\/app\/\"},{\"@type\":\"ListItem\",\"position\":2,\"name\":\"Self-Service no Tatuap\u00e9\"}]},{\"@type\":\"WebSite\",\"@id\":\"https:\/\/vivatatuape.com.br\/app\/#website\",\"url\":\"https:\/\/vivatatuape.com.br\/app\/\",\"name\":\"Cadastro App Viva Tatuap\u00e9\",\"description\":\"App VivaTatuap\u00e9 - O Tatuap\u00e9 na Palma da sua M\u00e3o\",\"potentialAction\":[{\"@type\":\"SearchAction\",\"target\":{\"@type\":\"EntryPoint\",\"urlTemplate\":\"https:\/\/vivatatuape.com.br\/app\/?s={search_term_string}\"},\"query-input\":{\"@type\":\"PropertyValueSpecification\",\"valueRequired\":true,\"valueName\":\"search_term_string\"}}],\"inLanguage\":\"pt-BR\"}]}<\/script>\n<!-- \/ Yoast SEO plugin. -->","yoast_head_json":{"title":"Self-Service no Tatuap\u00e9 - appvivatatuap\u00e9","robots":{"index":"index","follow":"follow","max-snippet":"max-snippet:-1","max-image-preview":"max-image-preview:large","max-video-preview":"max-video-preview:-1"},"canonical":"https:\/\/vivatatuape.com.br\/app\/self-service-no-tatuape\/","og_locale":"pt_BR","og_type":"article","og_title":"Self-Service no Tatuap\u00e9 - appvivatatuap\u00e9","og_description":"Comer no Tatuape Prensa Gastronomia appvivatatuape16 de junho de 2025 Comer no Tatuape Restaurante Bem Natural Rua Tijuco Preto, 1647 &#8211; Tatuap\u00e9 Telefone \/ WhatsApp: (11) 93737-1647 Comida saud\u00e1vel e saborosa&hellip; Comer no Tatuape Prensa Gastronomia O Prensa Gastronomia oferece refei\u00e7\u00f5es mais saud\u00e1veis no sistema de self-Service por Quilo. Voc\u00ea encontra&hellip; Comer no Tatuape Restaurante","og_url":"https:\/\/vivatatuape.com.br\/app\/self-service-no-tatuape\/","og_site_name":"appvivatatuap\u00e9","article_publisher":"https:\/\/facebook.com\/appvivatatuape","article_modified_time":"2025-06-16T18:03:34+00:00","og_image":[{"url":"http:\/\/vivatatuape.com.br\/app\/wp-content\/uploads\/2023\/09\/PrensaCapa.jpg","type":"","width":"","height":""}],"twitter_card":"summary_large_image","twitter_misc":{"Est. tempo de leitura":"3 minutos"},"schema":{"@context":"https:\/\/schema.org","@graph":[{"@type":"WebPage","@id":"https:\/\/vivatatuape.com.br\/app\/self-service-no-tatuape\/","url":"https:\/\/vivatatuape.com.br\/app\/self-service-no-tatuape\/","name":"Self-Service no Tatuap\u00e9 - appvivatatuap\u00e9","isPartOf":{"@id":"https:\/\/vivatatuape.com.br\/app\/#website"},"primaryImageOfPage":{"@id":"https:\/\/vivatatuape.com.br\/app\/self-service-no-tatuape\/#primaryimage"},"image":{"@id":"https:\/\/vivatatuape.com.br\/app\/self-service-no-tatuape\/#primaryimage"},"thumbnailUrl":"http:\/\/vivatatuape.com.br\/app\/wp-content\/uploads\/2023\/09\/PrensaCapa.jpg","datePublished":"2025-06-16T17:53:55+00:00","dateModified":"2025-06-16T18:03:34+00:00","breadcrumb":{"@id":"https:\/\/vivatatuape.com.br\/app\/self-service-no-tatuape\/#breadcrumb"},"inLanguage":"pt-BR","potentialAction":[{"@type":"ReadAction","target":["https:\/\/vivatatuape.com.br\/app\/self-service-no-tatuape\/"]}]},{"@type":"ImageObject","inLanguage":"pt-BR","@id":"https:\/\/vivatatuape.com.br\/app\/self-service-no-tatuape\/#primaryimage","url":"http:\/\/vivatatuape.com.br\/app\/wp-content\/uploads\/2023\/09\/PrensaCapa.jpg","contentUrl":"http:\/\/vivatatuape.com.br\/app\/wp-content\/uploads\/2023\/09\/PrensaCapa.jpg"},{"@type":"BreadcrumbList","@id":"https:\/\/vivatatuape.com.br\/app\/self-service-no-tatuape\/#breadcrumb","itemListElement":[{"@type":"ListItem","position":1,"name":"In\u00edcio","item":"https:\/\/vivatatuape.com.br\/app\/"},{"@type":"ListItem","position":2,"name":"Self-Service no Tatuap\u00e9"}]},{"@type":"WebSite","@id":"https:\/\/vivatatuape.com.br\/app\/#website","url":"https:\/\/vivatatuape.com.br\/app\/","name":"Cadastro App Viva Tatuap\u00e9","description":"App VivaTatuap\u00e9 - O Tatuap\u00e9 na Palma da sua M\u00e3o","potentialAction":[{"@type":"SearchAction","target":{"@type":"EntryPoint","urlTemplate":"https:\/\/vivatatuape.com.br\/app\/?s={search_term_string}"},"query-input":{"@type":"PropertyValueSpecification","valueRequired":true,"valueName":"search_term_string"}}],"inLanguage":"pt-BR"}]}},"_links":{"self":[{"href":"https:\/\/vivatatuape.com.br\/app\/wp-json\/wp\/v2\/pages\/15578","targetHints":{"allow":["GET"]}}],"collection":[{"href":"https:\/\/vivatatuape.com.br\/app\/wp-json\/wp\/v2\/pages"}],"about":[{"href":"https:\/\/vivatatuape.com.br\/app\/wp-json\/wp\/v2\/types\/page"}],"author":[{"embeddable":true,"href":"https:\/\/vivatatuape.com.br\/app\/wp-json\/wp\/v2\/users\/1"}],"replies":[{"embeddable":true,"href":"https:\/\/vivatatuape.com.br\/app\/wp-json\/wp\/v2\/comments?post=15578"}],"version-history":[{"count":4,"href":"https:\/\/vivatatuape.com.br\/app\/wp-json\/wp\/v2\/pages\/15578\/revisions"}],"predecessor-version":[{"id":15583,"href":"https:\/\/vivatatuape.com.br\/app\/wp-json\/wp\/v2\/pages\/15578\/revisions\/15583"}],"wp:attachment":[{"href":"https:\/\/vivatatuape.com.br\/app\/wp-json\/wp\/v2\/media?parent=15578"}],"curies":[{"name":"wp","href":"https:\/\/api.w.org\/{rel}","templated":true}]}}