{"id":15627,"date":"2025-06-16T22:52:23","date_gmt":"2025-06-17T01:52:23","guid":{"rendered":"https:\/\/vivatatuape.com.br\/app\/?page_id=15627"},"modified":"2025-06-16T23:37:34","modified_gmt":"2025-06-17T02:37:34","slug":"beleza-e-estetica","status":"publish","type":"page","link":"https:\/\/vivatatuape.com.br\/app\/beleza-e-estetica\/","title":{"rendered":"Beleza e Est\u00e9tica"},"content":{"rendered":"\t\t<div data-elementor-type=\"wp-page\" data-elementor-id=\"15627\" class=\"elementor elementor-15627\">\n\t\t\t\t\t\t<section class=\"has-el-gap el-gap-default elementor-section elementor-top-section elementor-element elementor-element-451495fa elementor-section-boxed elementor-section-height-default elementor-section-height-default\" data-id=\"451495fa\" data-element_type=\"section\">\n\t\t\t\t\t\t<div class=\"elementor-container elementor-column-gap-no\">\n\t\t\t\t\t<div class=\"elementor-column elementor-col-100 elementor-top-column elementor-element elementor-element-4fabd026\" data-id=\"4fabd026\" data-element_type=\"column\">\n\t\t\t<div class=\"elementor-widget-wrap elementor-element-populated\">\n\t\t\t\t\t\t<div class=\"elementor-element elementor-element-28f67fb4 elementor-widget elementor-widget-smartmag-grid\" data-id=\"28f67fb4\" data-element_type=\"widget\" data-widget_type=\"smartmag-grid.default\">\n\t\t\t\t<div class=\"elementor-widget-container\">\n\t\t\t\t\t<section class=\"block-wrap block-grid block-sc cols-gap-sm mb-none\" data-id=\"1\">\n\n\t\t\t\t\n\t\t\t<div class=\"block-content\">\n\t\t\t\t\t\n\t<div class=\"loop loop-grid loop-grid-card grid grid-3 md:grid-2 xs:grid-1\">\n\n\t\t\t\t\t\n<article class=\"l-post grid-post grid-card-post\">\n\n\t\n\t\t\t<div class=\"media\">\n\n\t\t\n\t\t\t<a href=\"https:\/\/vivatatuape.com.br\/app\/2024\/09\/26\/clinica-cimes-cuidados-medicos-esteticos-e-personalizados\/\" class=\"image-link media-ratio ratio-3-2\" title=\"Cl\u00ednica CIMES &#8211; Cuidados m\u00e9dicos, est\u00e9ticos e personalizados\"><img fetchpriority=\"high\" decoding=\"async\" width=\"377\" height=\"251\" src=\"https:\/\/vivatatuape.com.br\/app\/wp-content\/uploads\/2024\/09\/Fachada-450x292.jpg\" class=\"attachment-bunyad-medium size-bunyad-medium wp-post-image\" alt=\"\" sizes=\"(max-width: 377px) 100vw, 377px\" title=\"Cl\u00ednica CIMES &#8211; Cuidados m\u00e9dicos, est\u00e9ticos e personalizados\" srcset=\"https:\/\/vivatatuape.com.br\/app\/wp-content\/uploads\/2024\/09\/Fachada-450x292.jpg 450w, https:\/\/vivatatuape.com.br\/app\/wp-content\/uploads\/2024\/09\/Fachada-600x389.jpg 600w, https:\/\/vivatatuape.com.br\/app\/wp-content\/uploads\/2024\/09\/Fachada-300x194.jpg 300w, https:\/\/vivatatuape.com.br\/app\/wp-content\/uploads\/2024\/09\/Fachada-1024x664.jpg 1024w, https:\/\/vivatatuape.com.br\/app\/wp-content\/uploads\/2024\/09\/Fachada-768x498.jpg 768w, https:\/\/vivatatuape.com.br\/app\/wp-content\/uploads\/2024\/09\/Fachada-150x97.jpg 150w, https:\/\/vivatatuape.com.br\/app\/wp-content\/uploads\/2024\/09\/Fachada.jpg 1080w\" \/><\/a>\t\t\t\n\t\t\t\n\t\t\t\n\t\t\t\t\t\t\t\n\t\t\t\t<span class=\"cat-labels cat-labels-overlay c-overlay p-bot-left\">\n\t\t\t\t<a href=\"https:\/\/vivatatuape.com.br\/app\/category\/destaques\/\" class=\"category term-color-117\" rel=\"category\">Destaques<\/a>\n\t\t\t<\/span>\n\t\t\t\t\t\t\n\t\t\t\n\t\t\n\t\t<\/div>\n\t\n\n\t\n\t\t<div class=\"content\">\n\n\t\t\t<div class=\"post-meta post-meta-a\"><h2 class=\"is-title post-title limit-lines l-lines-3\"><a href=\"https:\/\/vivatatuape.com.br\/app\/2024\/09\/26\/clinica-cimes-cuidados-medicos-esteticos-e-personalizados\/\">Cl\u00ednica CIMES &#8211; Cuidados m\u00e9dicos, est\u00e9ticos e personalizados<\/a><\/h2><\/div>\t\t\t\n\t\t\t\t\t\t\n\t\t\t\t<div class=\"excerpt\">\n\t\t\t\t\t<p>A Cl\u00ednica CIMES, localizada no cora\u00e7\u00e3o do Tatuap\u00e9, S\u00e3o Paulo, foi fundada pelo Dr. F\u00e1bio&hellip;<\/p>\n\t\t\t\t<\/div>\n\t\t\t\n\t\t\t\n\t\t\t\n\t\t<\/div>\n\n\t\n<\/article>\t\t\t\t\t\n<article class=\"l-post grid-post grid-card-post\">\n\n\t\n\t\t\t<div class=\"media\">\n\n\t\t\n\t\t\t<a href=\"https:\/\/vivatatuape.com.br\/app\/2025\/06\/20\/rk-clinica-de-beleza\/\" class=\"image-link media-ratio ratio-3-2\" title=\"RK Cl\u00ednica de Beleza &#8211; Um novo conceito de beleza e bem-estar no Tatuap\u00e9\"><img decoding=\"async\" width=\"377\" height=\"251\" src=\"https:\/\/vivatatuape.com.br\/app\/wp-content\/uploads\/2025\/06\/1000213979-450x338.jpg\" class=\"attachment-bunyad-medium size-bunyad-medium wp-post-image\" alt=\"\" sizes=\"(max-width: 377px) 100vw, 377px\" title=\"RK Cl\u00ednica de Beleza &#8211; Um novo conceito de beleza e bem-estar no Tatuap\u00e9\" srcset=\"https:\/\/vivatatuape.com.br\/app\/wp-content\/uploads\/2025\/06\/1000213979-450x338.jpg 450w, https:\/\/vivatatuape.com.br\/app\/wp-content\/uploads\/2025\/06\/1000213979-scaled-600x450.jpg 600w, https:\/\/vivatatuape.com.br\/app\/wp-content\/uploads\/2025\/06\/1000213979-1024x768.jpg 1024w, https:\/\/vivatatuape.com.br\/app\/wp-content\/uploads\/2025\/06\/1000213979-768x576.jpg 768w, https:\/\/vivatatuape.com.br\/app\/wp-content\/uploads\/2025\/06\/1000213979-1536x1152.jpg 1536w, https:\/\/vivatatuape.com.br\/app\/wp-content\/uploads\/2025\/06\/1000213979-2048x1536.jpg 2048w, https:\/\/vivatatuape.com.br\/app\/wp-content\/uploads\/2025\/06\/1000213979-1200x900.jpg 1200w\" \/><\/a>\t\t\t\n\t\t\t\n\t\t\t\n\t\t\t\t\t\t\t\n\t\t\t\t<span class=\"cat-labels cat-labels-overlay c-overlay p-bot-left\">\n\t\t\t\t<a href=\"https:\/\/vivatatuape.com.br\/app\/category\/beleza\/\" class=\"category term-color-15\" rel=\"category\">Beleza<\/a>\n\t\t\t<\/span>\n\t\t\t\t\t\t\n\t\t\t\n\t\t\n\t\t<\/div>\n\t\n\n\t\n\t\t<div class=\"content\">\n\n\t\t\t<div class=\"post-meta post-meta-a\"><h2 class=\"is-title post-title limit-lines l-lines-3\"><a href=\"https:\/\/vivatatuape.com.br\/app\/2025\/06\/20\/rk-clinica-de-beleza\/\">RK Cl\u00ednica de Beleza &#8211; Um novo conceito de beleza e bem-estar no Tatuap\u00e9<\/a><\/h2><\/div>\t\t\t\n\t\t\t\t\t\t\n\t\t\t\t<div class=\"excerpt\">\n\t\t\t\t\t<p>O RK CL\u00cdNICA DE BELEZA APRESENTA UM NOVO CONCEITO EM BELEZA E BEM-ESTAR. Localizado na&hellip;<\/p>\n\t\t\t\t<\/div>\n\t\t\t\n\t\t\t\n\t\t\t\n\t\t<\/div>\n\n\t\n<\/article>\t\t\t\t\t\n<article class=\"l-post grid-post grid-card-post\">\n\n\t\n\t\t\t<div class=\"media\">\n\n\t\t\n\t\t\t<a href=\"https:\/\/vivatatuape.com.br\/app\/2024\/09\/28\/beleza-urbana\/\" class=\"image-link media-ratio ratio-3-2\" title=\"Beleza Urbana\"><img decoding=\"async\" width=\"377\" height=\"251\" src=\"https:\/\/vivatatuape.com.br\/app\/wp-content\/uploads\/2024\/09\/20240910_085420-1-450x253.jpg\" class=\"attachment-bunyad-medium size-bunyad-medium wp-post-image\" alt=\"\" sizes=\"(max-width: 377px) 100vw, 377px\" title=\"Beleza Urbana\" srcset=\"https:\/\/vivatatuape.com.br\/app\/wp-content\/uploads\/2024\/09\/20240910_085420-1-450x253.jpg 450w, https:\/\/vivatatuape.com.br\/app\/wp-content\/uploads\/2024\/09\/20240910_085420-1-scaled-600x338.jpg 600w, https:\/\/vivatatuape.com.br\/app\/wp-content\/uploads\/2024\/09\/20240910_085420-1-1024x577.jpg 1024w, https:\/\/vivatatuape.com.br\/app\/wp-content\/uploads\/2024\/09\/20240910_085420-1-768x432.jpg 768w, https:\/\/vivatatuape.com.br\/app\/wp-content\/uploads\/2024\/09\/20240910_085420-1-1536x865.jpg 1536w, https:\/\/vivatatuape.com.br\/app\/wp-content\/uploads\/2024\/09\/20240910_085420-1-2048x1153.jpg 2048w, https:\/\/vivatatuape.com.br\/app\/wp-content\/uploads\/2024\/09\/20240910_085420-1-1200x676.jpg 1200w\" \/><\/a>\t\t\t\n\t\t\t\n\t\t\t\n\t\t\t\t\t\t\t\n\t\t\t\t<span class=\"cat-labels cat-labels-overlay c-overlay p-bot-left\">\n\t\t\t\t<a href=\"https:\/\/vivatatuape.com.br\/app\/category\/beleza\/\" class=\"category term-color-15\" rel=\"category\">Beleza<\/a>\n\t\t\t<\/span>\n\t\t\t\t\t\t\n\t\t\t\n\t\t\n\t\t<\/div>\n\t\n\n\t\n\t\t<div class=\"content\">\n\n\t\t\t<div class=\"post-meta post-meta-a\"><h2 class=\"is-title post-title limit-lines l-lines-3\"><a href=\"https:\/\/vivatatuape.com.br\/app\/2024\/09\/28\/beleza-urbana\/\">Beleza Urbana<\/a><\/h2><\/div>\t\t\t\n\t\t\t\t\t\t\n\t\t\t\t<div class=\"excerpt\">\n\t\t\t\t\t<p>O Beleza Urbano \u00e9 um sal\u00e3o com 12 anos de experi\u00eancia no mercado da beleza!&hellip;<\/p>\n\t\t\t\t<\/div>\n\t\t\t\n\t\t\t\n\t\t\t\n\t\t<\/div>\n\n\t\n<\/article>\t\t\t\t\t\n<article class=\"l-post grid-post grid-card-post\">\n\n\t\n\t\t\t<div class=\"media\">\n\n\t\t\n\t\t\t<a href=\"https:\/\/vivatatuape.com.br\/app\/2024\/01\/18\/baffa-bronze-beauty-seu-corpo-bronzeado-o-ano-inteiro\/\" class=\"image-link media-ratio ratio-3-2\" title=\"Baffa Bronze &#038; Beauty &#8211; Seu corpo bronzeado o ano inteiro\"><img loading=\"lazy\" decoding=\"async\" width=\"377\" height=\"251\" src=\"https:\/\/vivatatuape.com.br\/app\/wp-content\/uploads\/2024\/01\/HomeBaffa-1024x439.png\" class=\"attachment-large size-large wp-post-image\" alt=\"\" sizes=\"(max-width: 377px) 100vw, 377px\" title=\"Baffa Bronze &#038; Beauty &#8211; Seu corpo bronzeado o ano inteiro\" srcset=\"https:\/\/vivatatuape.com.br\/app\/wp-content\/uploads\/2024\/01\/HomeBaffa-1024x439.png 1024w, https:\/\/vivatatuape.com.br\/app\/wp-content\/uploads\/2024\/01\/HomeBaffa-600x257.png 600w, https:\/\/vivatatuape.com.br\/app\/wp-content\/uploads\/2024\/01\/HomeBaffa-768x329.png 768w, https:\/\/vivatatuape.com.br\/app\/wp-content\/uploads\/2024\/01\/HomeBaffa.png 1400w\" \/><\/a>\t\t\t\n\t\t\t\n\t\t\t\n\t\t\t\t\t\t\t\n\t\t\t\t<span class=\"cat-labels cat-labels-overlay c-overlay p-bot-left\">\n\t\t\t\t<a href=\"https:\/\/vivatatuape.com.br\/app\/category\/beleza\/\" class=\"category term-color-15\" rel=\"category\">Beleza<\/a>\n\t\t\t<\/span>\n\t\t\t\t\t\t\n\t\t\t\n\t\t\n\t\t<\/div>\n\t\n\n\t\n\t\t<div class=\"content\">\n\n\t\t\t<div class=\"post-meta post-meta-a\"><h2 class=\"is-title post-title limit-lines l-lines-3\"><a href=\"https:\/\/vivatatuape.com.br\/app\/2024\/01\/18\/baffa-bronze-beauty-seu-corpo-bronzeado-o-ano-inteiro\/\">Baffa Bronze &#038; Beauty &#8211; Seu corpo bronzeado o ano inteiro<\/a><\/h2><\/div>\t\t\t\n\t\t\t\t\t\t\n\t\t\t\t<div class=\"excerpt\">\n\t\t\t\t\t<p>Ter a pele bronzeada \u00e9 desejo de muita gente, especialmente durante o ver\u00e3o, mas com&hellip;<\/p>\n\t\t\t\t<\/div>\n\t\t\t\n\t\t\t\n\t\t\t\n\t\t<\/div>\n\n\t\n<\/article>\t\t\n\t<\/div>\n\n\t\t\n\t\t\t<\/div>\n\n\t\t<\/section>\n\t\t\t\t<\/div>\n\t\t\t\t<\/div>\n\t\t\t\t\t<\/div>\n\t\t<\/div>\n\t\t\t\t\t<\/div>\n\t\t<\/section>\n\t\t\t\t<\/div>\n\t\t","protected":false},"excerpt":{"rendered":"<p>Beleza Baffa Bronze &amp; Beauty \u2013 Seu corpo bronzeado o ano inteiro Ter a pele bronzeada \u00e9 desejo de muita gente, especialmente durante o ver\u00e3o, mas com\u2026 Beleza N\u00e3o + Pelo L\u00edder mundial em depila\u00e7\u00e3o! A N\u00e3o+Pelo trabalha com a tecnologia Sun&amp;Safe: Depila\u00e7\u00e3o duradoura, indicada para\u2026 Beleza Drs da Beleza Estetica &amp; Spa \u2013 Beleza<\/p>\n","protected":false},"author":1,"featured_media":0,"parent":0,"menu_order":0,"comment_status":"closed","ping_status":"closed","template":"page-templates\/no-wrapper.php","meta":{"footnotes":""},"class_list":["post-15627","page","type-page","status-publish"],"yoast_head":"<!-- This site is optimized with the Yoast SEO plugin v25.4 - https:\/\/yoast.com\/wordpress\/plugins\/seo\/ -->\n<title>Beleza e Est\u00e9tica - appvivatatuap\u00e9<\/title>\n<meta name=\"robots\" content=\"index, follow, max-snippet:-1, max-image-preview:large, max-video-preview:-1\" \/>\n<link rel=\"canonical\" href=\"https:\/\/vivatatuape.com.br\/app\/beleza-e-estetica\/\" \/>\n<meta property=\"og:locale\" content=\"pt_BR\" \/>\n<meta property=\"og:type\" content=\"article\" \/>\n<meta property=\"og:title\" content=\"Beleza e Est\u00e9tica - appvivatatuap\u00e9\" \/>\n<meta property=\"og:description\" content=\"Beleza Baffa Bronze &amp; Beauty \u2013 Seu corpo bronzeado o ano inteiro Ter a pele bronzeada \u00e9 desejo de muita gente, especialmente durante o ver\u00e3o, mas com\u2026 Beleza N\u00e3o + Pelo L\u00edder mundial em depila\u00e7\u00e3o! A N\u00e3o+Pelo trabalha com a tecnologia Sun&amp;Safe: Depila\u00e7\u00e3o duradoura, indicada para\u2026 Beleza Drs da Beleza Estetica &amp; Spa \u2013 Beleza\" \/>\n<meta property=\"og:url\" content=\"https:\/\/vivatatuape.com.br\/app\/beleza-e-estetica\/\" \/>\n<meta property=\"og:site_name\" content=\"appvivatatuap\u00e9\" \/>\n<meta property=\"article:publisher\" content=\"https:\/\/facebook.com\/appvivatatuape\" \/>\n<meta property=\"article:modified_time\" content=\"2025-06-17T02:37:34+00:00\" \/>\n<meta property=\"og:image\" content=\"http:\/\/vivatatuape.com.br\/app\/wp-content\/uploads\/2024\/01\/HomeBaffa-1024x439.png\" \/>\n<meta name=\"twitter:card\" content=\"summary_large_image\" \/>\n<meta name=\"twitter:label1\" content=\"Est. tempo de leitura\" \/>\n\t<meta name=\"twitter:data1\" content=\"1 minuto\" \/>\n<script type=\"application\/ld+json\" class=\"yoast-schema-graph\">{\"@context\":\"https:\/\/schema.org\",\"@graph\":[{\"@type\":\"WebPage\",\"@id\":\"https:\/\/vivatatuape.com.br\/app\/beleza-e-estetica\/\",\"url\":\"https:\/\/vivatatuape.com.br\/app\/beleza-e-estetica\/\",\"name\":\"Beleza e Est\u00e9tica - appvivatatuap\u00e9\",\"isPartOf\":{\"@id\":\"https:\/\/vivatatuape.com.br\/app\/#website\"},\"primaryImageOfPage\":{\"@id\":\"https:\/\/vivatatuape.com.br\/app\/beleza-e-estetica\/#primaryimage\"},\"image\":{\"@id\":\"https:\/\/vivatatuape.com.br\/app\/beleza-e-estetica\/#primaryimage\"},\"thumbnailUrl\":\"http:\/\/vivatatuape.com.br\/app\/wp-content\/uploads\/2024\/01\/HomeBaffa-1024x439.png\",\"datePublished\":\"2025-06-17T01:52:23+00:00\",\"dateModified\":\"2025-06-17T02:37:34+00:00\",\"breadcrumb\":{\"@id\":\"https:\/\/vivatatuape.com.br\/app\/beleza-e-estetica\/#breadcrumb\"},\"inLanguage\":\"pt-BR\",\"potentialAction\":[{\"@type\":\"ReadAction\",\"target\":[\"https:\/\/vivatatuape.com.br\/app\/beleza-e-estetica\/\"]}]},{\"@type\":\"ImageObject\",\"inLanguage\":\"pt-BR\",\"@id\":\"https:\/\/vivatatuape.com.br\/app\/beleza-e-estetica\/#primaryimage\",\"url\":\"http:\/\/vivatatuape.com.br\/app\/wp-content\/uploads\/2024\/01\/HomeBaffa-1024x439.png\",\"contentUrl\":\"http:\/\/vivatatuape.com.br\/app\/wp-content\/uploads\/2024\/01\/HomeBaffa-1024x439.png\"},{\"@type\":\"BreadcrumbList\",\"@id\":\"https:\/\/vivatatuape.com.br\/app\/beleza-e-estetica\/#breadcrumb\",\"itemListElement\":[{\"@type\":\"ListItem\",\"position\":1,\"name\":\"In\u00edcio\",\"item\":\"https:\/\/vivatatuape.com.br\/app\/\"},{\"@type\":\"ListItem\",\"position\":2,\"name\":\"Beleza e Est\u00e9tica\"}]},{\"@type\":\"WebSite\",\"@id\":\"https:\/\/vivatatuape.com.br\/app\/#website\",\"url\":\"https:\/\/vivatatuape.com.br\/app\/\",\"name\":\"Cadastro App Viva Tatuap\u00e9\",\"description\":\"App VivaTatuap\u00e9 - O Tatuap\u00e9 na Palma da sua M\u00e3o\",\"potentialAction\":[{\"@type\":\"SearchAction\",\"target\":{\"@type\":\"EntryPoint\",\"urlTemplate\":\"https:\/\/vivatatuape.com.br\/app\/?s={search_term_string}\"},\"query-input\":{\"@type\":\"PropertyValueSpecification\",\"valueRequired\":true,\"valueName\":\"search_term_string\"}}],\"inLanguage\":\"pt-BR\"}]}<\/script>\n<!-- \/ Yoast SEO plugin. -->","yoast_head_json":{"title":"Beleza e Est\u00e9tica - appvivatatuap\u00e9","robots":{"index":"index","follow":"follow","max-snippet":"max-snippet:-1","max-image-preview":"max-image-preview:large","max-video-preview":"max-video-preview:-1"},"canonical":"https:\/\/vivatatuape.com.br\/app\/beleza-e-estetica\/","og_locale":"pt_BR","og_type":"article","og_title":"Beleza e Est\u00e9tica - appvivatatuap\u00e9","og_description":"Beleza Baffa Bronze &amp; Beauty \u2013 Seu corpo bronzeado o ano inteiro Ter a pele bronzeada \u00e9 desejo de muita gente, especialmente durante o ver\u00e3o, mas com\u2026 Beleza N\u00e3o + Pelo L\u00edder mundial em depila\u00e7\u00e3o! A N\u00e3o+Pelo trabalha com a tecnologia Sun&amp;Safe: Depila\u00e7\u00e3o duradoura, indicada para\u2026 Beleza Drs da Beleza Estetica &amp; Spa \u2013 Beleza","og_url":"https:\/\/vivatatuape.com.br\/app\/beleza-e-estetica\/","og_site_name":"appvivatatuap\u00e9","article_publisher":"https:\/\/facebook.com\/appvivatatuape","article_modified_time":"2025-06-17T02:37:34+00:00","og_image":[{"url":"http:\/\/vivatatuape.com.br\/app\/wp-content\/uploads\/2024\/01\/HomeBaffa-1024x439.png","type":"","width":"","height":""}],"twitter_card":"summary_large_image","twitter_misc":{"Est. tempo de leitura":"1 minuto"},"schema":{"@context":"https:\/\/schema.org","@graph":[{"@type":"WebPage","@id":"https:\/\/vivatatuape.com.br\/app\/beleza-e-estetica\/","url":"https:\/\/vivatatuape.com.br\/app\/beleza-e-estetica\/","name":"Beleza e Est\u00e9tica - appvivatatuap\u00e9","isPartOf":{"@id":"https:\/\/vivatatuape.com.br\/app\/#website"},"primaryImageOfPage":{"@id":"https:\/\/vivatatuape.com.br\/app\/beleza-e-estetica\/#primaryimage"},"image":{"@id":"https:\/\/vivatatuape.com.br\/app\/beleza-e-estetica\/#primaryimage"},"thumbnailUrl":"http:\/\/vivatatuape.com.br\/app\/wp-content\/uploads\/2024\/01\/HomeBaffa-1024x439.png","datePublished":"2025-06-17T01:52:23+00:00","dateModified":"2025-06-17T02:37:34+00:00","breadcrumb":{"@id":"https:\/\/vivatatuape.com.br\/app\/beleza-e-estetica\/#breadcrumb"},"inLanguage":"pt-BR","potentialAction":[{"@type":"ReadAction","target":["https:\/\/vivatatuape.com.br\/app\/beleza-e-estetica\/"]}]},{"@type":"ImageObject","inLanguage":"pt-BR","@id":"https:\/\/vivatatuape.com.br\/app\/beleza-e-estetica\/#primaryimage","url":"http:\/\/vivatatuape.com.br\/app\/wp-content\/uploads\/2024\/01\/HomeBaffa-1024x439.png","contentUrl":"http:\/\/vivatatuape.com.br\/app\/wp-content\/uploads\/2024\/01\/HomeBaffa-1024x439.png"},{"@type":"BreadcrumbList","@id":"https:\/\/vivatatuape.com.br\/app\/beleza-e-estetica\/#breadcrumb","itemListElement":[{"@type":"ListItem","position":1,"name":"In\u00edcio","item":"https:\/\/vivatatuape.com.br\/app\/"},{"@type":"ListItem","position":2,"name":"Beleza e Est\u00e9tica"}]},{"@type":"WebSite","@id":"https:\/\/vivatatuape.com.br\/app\/#website","url":"https:\/\/vivatatuape.com.br\/app\/","name":"Cadastro App Viva Tatuap\u00e9","description":"App VivaTatuap\u00e9 - O Tatuap\u00e9 na Palma da sua M\u00e3o","potentialAction":[{"@type":"SearchAction","target":{"@type":"EntryPoint","urlTemplate":"https:\/\/vivatatuape.com.br\/app\/?s={search_term_string}"},"query-input":{"@type":"PropertyValueSpecification","valueRequired":true,"valueName":"search_term_string"}}],"inLanguage":"pt-BR"}]}},"_links":{"self":[{"href":"https:\/\/vivatatuape.com.br\/app\/wp-json\/wp\/v2\/pages\/15627","targetHints":{"allow":["GET"]}}],"collection":[{"href":"https:\/\/vivatatuape.com.br\/app\/wp-json\/wp\/v2\/pages"}],"about":[{"href":"https:\/\/vivatatuape.com.br\/app\/wp-json\/wp\/v2\/types\/page"}],"author":[{"embeddable":true,"href":"https:\/\/vivatatuape.com.br\/app\/wp-json\/wp\/v2\/users\/1"}],"replies":[{"embeddable":true,"href":"https:\/\/vivatatuape.com.br\/app\/wp-json\/wp\/v2\/comments?post=15627"}],"version-history":[{"count":5,"href":"https:\/\/vivatatuape.com.br\/app\/wp-json\/wp\/v2\/pages\/15627\/revisions"}],"predecessor-version":[{"id":15646,"href":"https:\/\/vivatatuape.com.br\/app\/wp-json\/wp\/v2\/pages\/15627\/revisions\/15646"}],"wp:attachment":[{"href":"https:\/\/vivatatuape.com.br\/app\/wp-json\/wp\/v2\/media?parent=15627"}],"curies":[{"name":"wp","href":"https:\/\/api.w.org\/{rel}","templated":true}]}}