{"id":15631,"date":"2025-06-16T22:56:57","date_gmt":"2025-06-17T01:56:57","guid":{"rendered":"https:\/\/vivatatuape.com.br\/app\/?page_id=15631"},"modified":"2025-06-16T23:01:08","modified_gmt":"2025-06-17T02:01:08","slug":"saude-2","status":"publish","type":"page","link":"https:\/\/vivatatuape.com.br\/app\/saude-2\/","title":{"rendered":"Sa\u00fade"},"content":{"rendered":"\t\t<div data-elementor-type=\"wp-page\" data-elementor-id=\"15631\" class=\"elementor elementor-15631\">\n\t\t\t\t\t\t<section class=\"has-el-gap el-gap-default elementor-section elementor-top-section elementor-element elementor-element-144f79d0 elementor-section-boxed elementor-section-height-default elementor-section-height-default\" data-id=\"144f79d0\" data-element_type=\"section\">\n\t\t\t\t\t\t<div class=\"elementor-container elementor-column-gap-no\">\n\t\t\t\t\t<div class=\"elementor-column elementor-col-100 elementor-top-column elementor-element elementor-element-31a1ea77\" data-id=\"31a1ea77\" data-element_type=\"column\">\n\t\t\t<div class=\"elementor-widget-wrap elementor-element-populated\">\n\t\t\t\t\t\t<div class=\"elementor-element elementor-element-1b9a6dd1 elementor-widget elementor-widget-smartmag-grid\" data-id=\"1b9a6dd1\" data-element_type=\"widget\" data-widget_type=\"smartmag-grid.default\">\n\t\t\t\t<div class=\"elementor-widget-container\">\n\t\t\t\t\t<section class=\"block-wrap block-grid block-sc cols-gap-sm mb-none\" data-id=\"1\">\n\n\t\t\t\t\n\t\t\t<div class=\"block-content\">\n\t\t\t\t\t\n\t<div class=\"loop loop-grid loop-grid-card grid grid-3 md:grid-2 xs:grid-1\">\n\n\t\t\t\t\t\n<article class=\"l-post grid-post grid-card-post\">\n\n\t\n\t\t\t<div class=\"media\">\n\n\t\t\n\t\t\t<a href=\"https:\/\/vivatatuape.com.br\/app\/2025\/04\/24\/blg-dra-bianca-lais-guelfi\/\" class=\"image-link media-ratio ratio-3-2\" title=\"BLG &#8211; DRA BIANCA\u00a0LA\u00cdS\u00a0GUELFI\"><img fetchpriority=\"high\" decoding=\"async\" width=\"377\" height=\"251\" src=\"https:\/\/vivatatuape.com.br\/app\/wp-content\/uploads\/2025\/04\/Imagem-do-WhatsApp-de-2025-04-23-as-13.46.09_3fd97cea-450x289.jpg\" class=\"attachment-bunyad-medium size-bunyad-medium wp-post-image\" alt=\"\" sizes=\"(max-width: 377px) 100vw, 377px\" title=\"BLG &#8211; DRA BIANCA\u00a0LA\u00cdS\u00a0GUELFI\" srcset=\"https:\/\/vivatatuape.com.br\/app\/wp-content\/uploads\/2025\/04\/Imagem-do-WhatsApp-de-2025-04-23-as-13.46.09_3fd97cea-450x289.jpg 450w, https:\/\/vivatatuape.com.br\/app\/wp-content\/uploads\/2025\/04\/Imagem-do-WhatsApp-de-2025-04-23-as-13.46.09_3fd97cea-600x385.jpg 600w, https:\/\/vivatatuape.com.br\/app\/wp-content\/uploads\/2025\/04\/Imagem-do-WhatsApp-de-2025-04-23-as-13.46.09_3fd97cea-300x193.jpg 300w, https:\/\/vivatatuape.com.br\/app\/wp-content\/uploads\/2025\/04\/Imagem-do-WhatsApp-de-2025-04-23-as-13.46.09_3fd97cea-1024x658.jpg 1024w, https:\/\/vivatatuape.com.br\/app\/wp-content\/uploads\/2025\/04\/Imagem-do-WhatsApp-de-2025-04-23-as-13.46.09_3fd97cea-768x493.jpg 768w, https:\/\/vivatatuape.com.br\/app\/wp-content\/uploads\/2025\/04\/Imagem-do-WhatsApp-de-2025-04-23-as-13.46.09_3fd97cea-1536x987.jpg 1536w, https:\/\/vivatatuape.com.br\/app\/wp-content\/uploads\/2025\/04\/Imagem-do-WhatsApp-de-2025-04-23-as-13.46.09_3fd97cea-150x96.jpg 150w, https:\/\/vivatatuape.com.br\/app\/wp-content\/uploads\/2025\/04\/Imagem-do-WhatsApp-de-2025-04-23-as-13.46.09_3fd97cea-1200x771.jpg 1200w, https:\/\/vivatatuape.com.br\/app\/wp-content\/uploads\/2025\/04\/Imagem-do-WhatsApp-de-2025-04-23-as-13.46.09_3fd97cea.jpg 1599w\" \/><\/a>\t\t\t\n\t\t\t\n\t\t\t\n\t\t\t\t\t\t\t\n\t\t\t\t<span class=\"cat-labels cat-labels-overlay c-overlay p-bot-left\">\n\t\t\t\t<a href=\"https:\/\/vivatatuape.com.br\/app\/category\/novidades-no-app\/\" class=\"category term-color-41\" rel=\"category\">Novidades no App<\/a>\n\t\t\t<\/span>\n\t\t\t\t\t\t\n\t\t\t\n\t\t\n\t\t<\/div>\n\t\n\n\t\n\t\t<div class=\"content\">\n\n\t\t\t<div class=\"post-meta post-meta-a\"><h2 class=\"is-title post-title limit-lines l-lines-3\"><a href=\"https:\/\/vivatatuape.com.br\/app\/2025\/04\/24\/blg-dra-bianca-lais-guelfi\/\">BLG &#8211; DRA BIANCA\u00a0LA\u00cdS\u00a0GUELFI<\/a><\/h2><\/div>\t\t\t\n\t\t\t\t\t\t\n\t\t\t\t<div class=\"excerpt\">\n\t\t\t\t\t<p>Me chamo Bianca La\u00eds Guelfi, sou fisioterapeuta h\u00e1 26 anos, com especializa\u00e7\u00e3o em Sa\u00fade da&hellip;<\/p>\n\t\t\t\t<\/div>\n\t\t\t\n\t\t\t\n\t\t\t\n\t\t<\/div>\n\n\t\n<\/article>\t\t\t\t\t\n<article class=\"l-post grid-post grid-card-post\">\n\n\t\n\t\t\t<div class=\"media\">\n\n\t\t\n\t\t\t<a href=\"https:\/\/vivatatuape.com.br\/app\/2025\/01\/16\/ss-pilates-classico\/\" class=\"image-link media-ratio ratio-3-2\" title=\"SS Pilates Cl\u00e1ssico\"><img decoding=\"async\" width=\"377\" height=\"251\" src=\"https:\/\/vivatatuape.com.br\/app\/wp-content\/uploads\/2025\/01\/Imagem-do-WhatsApp-de-2025-01-31-as-20.33.55_5a8633a9-450x253.jpg\" class=\"attachment-bunyad-medium size-bunyad-medium wp-post-image\" alt=\"\" sizes=\"(max-width: 377px) 100vw, 377px\" title=\"SS Pilates Cl\u00e1ssico\" srcset=\"https:\/\/vivatatuape.com.br\/app\/wp-content\/uploads\/2025\/01\/Imagem-do-WhatsApp-de-2025-01-31-as-20.33.55_5a8633a9-450x253.jpg 450w, https:\/\/vivatatuape.com.br\/app\/wp-content\/uploads\/2025\/01\/Imagem-do-WhatsApp-de-2025-01-31-as-20.33.55_5a8633a9-600x338.jpg 600w, https:\/\/vivatatuape.com.br\/app\/wp-content\/uploads\/2025\/01\/Imagem-do-WhatsApp-de-2025-01-31-as-20.33.55_5a8633a9-1024x576.jpg 1024w, https:\/\/vivatatuape.com.br\/app\/wp-content\/uploads\/2025\/01\/Imagem-do-WhatsApp-de-2025-01-31-as-20.33.55_5a8633a9-768x432.jpg 768w, https:\/\/vivatatuape.com.br\/app\/wp-content\/uploads\/2025\/01\/Imagem-do-WhatsApp-de-2025-01-31-as-20.33.55_5a8633a9-1536x864.jpg 1536w, https:\/\/vivatatuape.com.br\/app\/wp-content\/uploads\/2025\/01\/Imagem-do-WhatsApp-de-2025-01-31-as-20.33.55_5a8633a9-1200x675.jpg 1200w, https:\/\/vivatatuape.com.br\/app\/wp-content\/uploads\/2025\/01\/Imagem-do-WhatsApp-de-2025-01-31-as-20.33.55_5a8633a9.jpg 1600w\" \/><\/a>\t\t\t\n\t\t\t\n\t\t\t\n\t\t\t\t\t\t\t\n\t\t\t\t<span class=\"cat-labels cat-labels-overlay c-overlay p-bot-left\">\n\t\t\t\t<a href=\"https:\/\/vivatatuape.com.br\/app\/category\/novidades-no-app\/\" class=\"category term-color-41\" rel=\"category\">Novidades no App<\/a>\n\t\t\t<\/span>\n\t\t\t\t\t\t\n\t\t\t\n\t\t\n\t\t<\/div>\n\t\n\n\t\n\t\t<div class=\"content\">\n\n\t\t\t<div class=\"post-meta post-meta-a\"><h2 class=\"is-title post-title limit-lines l-lines-3\"><a href=\"https:\/\/vivatatuape.com.br\/app\/2025\/01\/16\/ss-pilates-classico\/\">SS Pilates Cl\u00e1ssico<\/a><\/h2><\/div>\t\t\t\n\t\t\t\t\t\t\n\t\t\t\t<div class=\"excerpt\">\n\t\t\t\t\t<p>Rua Martim Pescador, 227- Tatuap\u00e9 WhatsApp: 11 97064-0528 Sou propriet\u00e1ria e instrutora de Pilates Cl\u00e1ssico&hellip;<\/p>\n\t\t\t\t<\/div>\n\t\t\t\n\t\t\t\n\t\t\t\n\t\t<\/div>\n\n\t\n<\/article>\t\t\t\t\t\n<article class=\"l-post grid-post grid-card-post\">\n\n\t\n\t\t\t<div class=\"media\">\n\n\t\t\n\t\t\t<a href=\"https:\/\/vivatatuape.com.br\/app\/2025\/06\/12\/dra-valeria-munhoz-fisioterapeuta-especializada-na-reabilitacao-de-cabeca-e-pescoco\/\" class=\"image-link media-ratio ratio-3-2\" title=\"Dra Val\u00e9ria Munhoz &#8211; Fisioterapeuta especializada na reabilita\u00e7\u00e3o de cabe\u00e7a e pesco\u00e7o\"><img decoding=\"async\" width=\"377\" height=\"251\" src=\"https:\/\/vivatatuape.com.br\/app\/wp-content\/uploads\/2025\/06\/Novo-Projeto-30-450x253.jpg\" class=\"attachment-bunyad-medium size-bunyad-medium wp-post-image\" alt=\"\" sizes=\"(max-width: 377px) 100vw, 377px\" title=\"Dra Val\u00e9ria Munhoz &#8211; Fisioterapeuta especializada na reabilita\u00e7\u00e3o de cabe\u00e7a e pesco\u00e7o\" srcset=\"https:\/\/vivatatuape.com.br\/app\/wp-content\/uploads\/2025\/06\/Novo-Projeto-30-450x253.jpg 450w, https:\/\/vivatatuape.com.br\/app\/wp-content\/uploads\/2025\/06\/Novo-Projeto-30-600x338.jpg 600w, https:\/\/vivatatuape.com.br\/app\/wp-content\/uploads\/2025\/06\/Novo-Projeto-30-1024x576.jpg 1024w, https:\/\/vivatatuape.com.br\/app\/wp-content\/uploads\/2025\/06\/Novo-Projeto-30-768x432.jpg 768w, https:\/\/vivatatuape.com.br\/app\/wp-content\/uploads\/2025\/06\/Novo-Projeto-30-1200x675.jpg 1200w, https:\/\/vivatatuape.com.br\/app\/wp-content\/uploads\/2025\/06\/Novo-Projeto-30.jpg 1280w\" \/><\/a>\t\t\t\n\t\t\t\n\t\t\t\n\t\t\t\t\t\t\t\n\t\t\t\t<span class=\"cat-labels cat-labels-overlay c-overlay p-bot-left\">\n\t\t\t\t<a href=\"https:\/\/vivatatuape.com.br\/app\/category\/novidades-no-app\/\" class=\"category term-color-41\" rel=\"category\">Novidades no App<\/a>\n\t\t\t<\/span>\n\t\t\t\t\t\t\n\t\t\t\n\t\t\n\t\t<\/div>\n\t\n\n\t\n\t\t<div class=\"content\">\n\n\t\t\t<div class=\"post-meta post-meta-a\"><h2 class=\"is-title post-title limit-lines l-lines-3\"><a href=\"https:\/\/vivatatuape.com.br\/app\/2025\/06\/12\/dra-valeria-munhoz-fisioterapeuta-especializada-na-reabilitacao-de-cabeca-e-pescoco\/\">Dra Val\u00e9ria Munhoz &#8211; Fisioterapeuta especializada na reabilita\u00e7\u00e3o de cabe\u00e7a e pesco\u00e7o<\/a><\/h2><\/div>\t\t\t\n\t\t\t\t\t\t\n\t\t\t\t<div class=\"excerpt\">\n\t\t\t\t\t<p>Conselheiro Carr\u00e3o, 284 sala 605 WhatsApp : 11 977893031 Dra Val\u00e9ria Munhoz, fisioterapeuta especializada na&hellip;<\/p>\n\t\t\t\t<\/div>\n\t\t\t\n\t\t\t\n\t\t\t\n\t\t<\/div>\n\n\t\n<\/article>\t\t\t\t\t\n<article class=\"l-post grid-post grid-card-post\">\n\n\t\n\t\t\t<div class=\"media\">\n\n\t\t\n\t\t\t<a href=\"https:\/\/vivatatuape.com.br\/app\/2025\/03\/26\/clinica-vertz-tatuape-quiropraxia-e-bem-estar-corporal\/\" class=\"image-link media-ratio ratio-3-2\" title=\"Cl\u00ednica Vertz Tatuap\u00e9 &#8211; Quiropraxia e Bem Estar Corporal\"><img loading=\"lazy\" decoding=\"async\" width=\"377\" height=\"251\" src=\"https:\/\/vivatatuape.com.br\/app\/wp-content\/uploads\/2025\/03\/20250307_113726-450x253.jpg\" class=\"attachment-bunyad-medium size-bunyad-medium wp-post-image\" alt=\"\" sizes=\"(max-width: 377px) 100vw, 377px\" title=\"Cl\u00ednica Vertz Tatuap\u00e9 &#8211; Quiropraxia e Bem Estar Corporal\" srcset=\"https:\/\/vivatatuape.com.br\/app\/wp-content\/uploads\/2025\/03\/20250307_113726-450x253.jpg 450w, https:\/\/vivatatuape.com.br\/app\/wp-content\/uploads\/2025\/03\/20250307_113726-600x338.jpg 600w, https:\/\/vivatatuape.com.br\/app\/wp-content\/uploads\/2025\/03\/20250307_113726-1024x576.jpg 1024w, https:\/\/vivatatuape.com.br\/app\/wp-content\/uploads\/2025\/03\/20250307_113726-768x432.jpg 768w, https:\/\/vivatatuape.com.br\/app\/wp-content\/uploads\/2025\/03\/20250307_113726-1536x864.jpg 1536w, https:\/\/vivatatuape.com.br\/app\/wp-content\/uploads\/2025\/03\/20250307_113726-1200x675.jpg 1200w, https:\/\/vivatatuape.com.br\/app\/wp-content\/uploads\/2025\/03\/20250307_113726.jpg 1681w\" \/><\/a>\t\t\t\n\t\t\t\n\t\t\t\n\t\t\t\t\t\t\t\n\t\t\t\t<span class=\"cat-labels cat-labels-overlay c-overlay p-bot-left\">\n\t\t\t\t<a href=\"https:\/\/vivatatuape.com.br\/app\/category\/novidades-no-app\/\" class=\"category term-color-41\" rel=\"category\">Novidades no App<\/a>\n\t\t\t<\/span>\n\t\t\t\t\t\t\n\t\t\t\n\t\t\n\t\t<\/div>\n\t\n\n\t\n\t\t<div class=\"content\">\n\n\t\t\t<div class=\"post-meta post-meta-a\"><h2 class=\"is-title post-title limit-lines l-lines-3\"><a href=\"https:\/\/vivatatuape.com.br\/app\/2025\/03\/26\/clinica-vertz-tatuape-quiropraxia-e-bem-estar-corporal\/\">Cl\u00ednica Vertz Tatuap\u00e9 &#8211; Quiropraxia e Bem Estar Corporal<\/a><\/h2><\/div>\t\t\t\n\t\t\t\t\t\t\n\t\t\t\t<div class=\"excerpt\">\n\t\t\t\t\t<p>Fundada em 2011 pelo quiropraxista e fisioterapeuta Gilberto Barros, a Cl\u00ednica de Quiropraxia Vertz\u00ae se&hellip;<\/p>\n\t\t\t\t<\/div>\n\t\t\t\n\t\t\t\n\t\t\t\n\t\t<\/div>\n\n\t\n<\/article>\t\t\t\t\t\n<article class=\"l-post grid-post grid-card-post\">\n\n\t\n\t\t\t<div class=\"media\">\n\n\t\t\n\t\t\t<a href=\"https:\/\/vivatatuape.com.br\/app\/2024\/11\/25\/a-tiger-odontologia-chegou-no-tatuape\/\" class=\"image-link media-ratio ratio-3-2\" title=\"A Tiger Odontologia Chegou no Tatuap\u00e9\"><img loading=\"lazy\" decoding=\"async\" width=\"377\" height=\"251\" src=\"https:\/\/vivatatuape.com.br\/app\/wp-content\/uploads\/2024\/11\/20241119_200103-450x253.jpg\" class=\"attachment-bunyad-medium size-bunyad-medium wp-post-image\" alt=\"\" sizes=\"(max-width: 377px) 100vw, 377px\" title=\"A Tiger Odontologia Chegou no Tatuap\u00e9\" srcset=\"https:\/\/vivatatuape.com.br\/app\/wp-content\/uploads\/2024\/11\/20241119_200103-450x253.jpg 450w, https:\/\/vivatatuape.com.br\/app\/wp-content\/uploads\/2024\/11\/20241119_200103-scaled-600x338.jpg 600w, https:\/\/vivatatuape.com.br\/app\/wp-content\/uploads\/2024\/11\/20241119_200103-1024x577.jpg 1024w, https:\/\/vivatatuape.com.br\/app\/wp-content\/uploads\/2024\/11\/20241119_200103-768x432.jpg 768w, https:\/\/vivatatuape.com.br\/app\/wp-content\/uploads\/2024\/11\/20241119_200103-1536x865.jpg 1536w, https:\/\/vivatatuape.com.br\/app\/wp-content\/uploads\/2024\/11\/20241119_200103-2048x1153.jpg 2048w, https:\/\/vivatatuape.com.br\/app\/wp-content\/uploads\/2024\/11\/20241119_200103-1200x676.jpg 1200w\" \/><\/a>\t\t\t\n\t\t\t\n\t\t\t\n\t\t\t\t\t\t\t\n\t\t\t\t<span class=\"cat-labels cat-labels-overlay c-overlay p-bot-left\">\n\t\t\t\t<a href=\"https:\/\/vivatatuape.com.br\/app\/category\/novidades\/\" class=\"category term-color-8\" rel=\"category\">Acontece no Tatuap\u00e9<\/a>\n\t\t\t<\/span>\n\t\t\t\t\t\t\n\t\t\t\n\t\t\n\t\t<\/div>\n\t\n\n\t\n\t\t<div class=\"content\">\n\n\t\t\t<div class=\"post-meta post-meta-a\"><h2 class=\"is-title post-title limit-lines l-lines-3\"><a href=\"https:\/\/vivatatuape.com.br\/app\/2024\/11\/25\/a-tiger-odontologia-chegou-no-tatuape\/\">A Tiger Odontologia Chegou no Tatuap\u00e9<\/a><\/h2><\/div>\t\t\t\n\t\t\t\t\t\t\n\t\t\t\t<div class=\"excerpt\">\n\t\t\t\t\t<p>A odontologia passou por grandes avan\u00e7os nos \u00faltimos anos, com novas tecnologias, materiais e t\u00e9cnicas.&hellip;<\/p>\n\t\t\t\t<\/div>\n\t\t\t\n\t\t\t\n\t\t\t\n\t\t<\/div>\n\n\t\n<\/article>\t\t\t\t\t\n<article class=\"l-post grid-post grid-card-post\">\n\n\t\n\t\t\t<div class=\"media\">\n\n\t\t\n\t\t\t<a href=\"https:\/\/vivatatuape.com.br\/app\/2024\/08\/12\/clinica-viotto-tatuape-cuidado-especial-com-a-estetica-e-sua-saude-bucal\/\" class=\"image-link media-ratio ratio-3-2\" title=\"Cl\u00ednica Viotto Tatuap\u00e9 &#8211; Cuidado especial com a est\u00e9tica e sua sa\u00fade bucal.\"><img loading=\"lazy\" decoding=\"async\" width=\"377\" height=\"251\" src=\"https:\/\/vivatatuape.com.br\/app\/wp-content\/uploads\/2024\/08\/20240719_112025-450x253.jpg\" class=\"attachment-bunyad-medium size-bunyad-medium wp-post-image\" alt=\"\" sizes=\"(max-width: 377px) 100vw, 377px\" title=\"Cl\u00ednica Viotto Tatuap\u00e9 &#8211; Cuidado especial com a est\u00e9tica e sua sa\u00fade bucal.\" srcset=\"https:\/\/vivatatuape.com.br\/app\/wp-content\/uploads\/2024\/08\/20240719_112025-450x253.jpg 450w, https:\/\/vivatatuape.com.br\/app\/wp-content\/uploads\/2024\/08\/20240719_112025-600x338.jpg 600w, https:\/\/vivatatuape.com.br\/app\/wp-content\/uploads\/2024\/08\/20240719_112025-1024x576.jpg 1024w, https:\/\/vivatatuape.com.br\/app\/wp-content\/uploads\/2024\/08\/20240719_112025-768x432.jpg 768w, https:\/\/vivatatuape.com.br\/app\/wp-content\/uploads\/2024\/08\/20240719_112025-1536x864.jpg 1536w, https:\/\/vivatatuape.com.br\/app\/wp-content\/uploads\/2024\/08\/20240719_112025-1200x675.jpg 1200w, https:\/\/vivatatuape.com.br\/app\/wp-content\/uploads\/2024\/08\/20240719_112025.jpg 1608w\" \/><\/a>\t\t\t\n\t\t\t\n\t\t\t\n\t\t\t\t\t\t\t\n\t\t\t\t<span class=\"cat-labels cat-labels-overlay c-overlay p-bot-left\">\n\t\t\t\t<a href=\"https:\/\/vivatatuape.com.br\/app\/category\/dentistas\/\" class=\"category term-color-175\" rel=\"category\">Dentistas<\/a>\n\t\t\t<\/span>\n\t\t\t\t\t\t\n\t\t\t\n\t\t\n\t\t<\/div>\n\t\n\n\t\n\t\t<div class=\"content\">\n\n\t\t\t<div class=\"post-meta post-meta-a\"><h2 class=\"is-title post-title limit-lines l-lines-3\"><a href=\"https:\/\/vivatatuape.com.br\/app\/2024\/08\/12\/clinica-viotto-tatuape-cuidado-especial-com-a-estetica-e-sua-saude-bucal\/\">Cl\u00ednica Viotto Tatuap\u00e9 &#8211; Cuidado especial com a est\u00e9tica e sua sa\u00fade bucal.<\/a><\/h2><\/div>\t\t\t\n\t\t\t\t\t\t\n\t\t\t\t<div class=\"excerpt\">\n\t\t\t\t\t<p>Quem n\u00e3o gosta de ter um sorriso bonito? Ter um sorriso radiante n\u00e3o s\u00f3 melhora&hellip;<\/p>\n\t\t\t\t<\/div>\n\t\t\t\n\t\t\t\n\t\t\t\n\t\t<\/div>\n\n\t\n<\/article>\t\t\n\t<\/div>\n\n\t\t\n\t\t\t<\/div>\n\n\t\t<\/section>\n\t\t\t\t<\/div>\n\t\t\t\t<\/div>\n\t\t\t\t\t<\/div>\n\t\t<\/div>\n\t\t\t\t\t<\/div>\n\t\t<\/section>\n\t\t\t\t<\/div>\n\t\t","protected":false},"excerpt":{"rendered":"<p>Dentistas Cl\u00ednica Viotto Tatuap\u00e9 \u2013 Cuidado especial com a est\u00e9tica e sua sa\u00fade bucal. Quem n\u00e3o gosta de ter um sorriso bonito? Ter um sorriso radiante n\u00e3o s\u00f3 melhora\u2026 Novidades no App Dra Val\u00e9ria Munhoz \u2013 Fisioterapeuta especializada na reabilita\u00e7\u00e3o de cabe\u00e7a e pesco\u00e7o Conselheiro Carr\u00e3o, 284 sala 605 WhatsApp : 11 977893031 Dra Val\u00e9ria<\/p>\n","protected":false},"author":1,"featured_media":0,"parent":0,"menu_order":0,"comment_status":"closed","ping_status":"closed","template":"page-templates\/no-wrapper.php","meta":{"footnotes":""},"class_list":["post-15631","page","type-page","status-publish"],"yoast_head":"<!-- This site is optimized with the Yoast SEO plugin v25.4 - https:\/\/yoast.com\/wordpress\/plugins\/seo\/ -->\n<title>Sa\u00fade - appvivatatuap\u00e9<\/title>\n<meta name=\"robots\" content=\"index, follow, max-snippet:-1, max-image-preview:large, max-video-preview:-1\" \/>\n<link rel=\"canonical\" href=\"https:\/\/vivatatuape.com.br\/app\/saude-2\/\" \/>\n<meta property=\"og:locale\" content=\"pt_BR\" \/>\n<meta property=\"og:type\" content=\"article\" \/>\n<meta property=\"og:title\" content=\"Sa\u00fade - appvivatatuap\u00e9\" \/>\n<meta property=\"og:description\" content=\"Dentistas Cl\u00ednica Viotto Tatuap\u00e9 \u2013 Cuidado especial com a est\u00e9tica e sua sa\u00fade bucal. Quem n\u00e3o gosta de ter um sorriso bonito? Ter um sorriso radiante n\u00e3o s\u00f3 melhora\u2026 Novidades no App Dra Val\u00e9ria Munhoz \u2013 Fisioterapeuta especializada na reabilita\u00e7\u00e3o de cabe\u00e7a e pesco\u00e7o Conselheiro Carr\u00e3o, 284 sala 605 WhatsApp : 11 977893031 Dra Val\u00e9ria\" \/>\n<meta property=\"og:url\" content=\"https:\/\/vivatatuape.com.br\/app\/saude-2\/\" \/>\n<meta property=\"og:site_name\" content=\"appvivatatuap\u00e9\" \/>\n<meta property=\"article:publisher\" content=\"https:\/\/facebook.com\/appvivatatuape\" \/>\n<meta property=\"article:modified_time\" content=\"2025-06-17T02:01:08+00:00\" \/>\n<meta property=\"og:image\" content=\"http:\/\/vivatatuape.com.br\/app\/wp-content\/uploads\/2024\/08\/20240719_112025-450x253.jpg\" \/>\n<meta name=\"twitter:card\" content=\"summary_large_image\" \/>\n<meta name=\"twitter:label1\" content=\"Est. tempo de leitura\" \/>\n\t<meta name=\"twitter:data1\" content=\"2 minutos\" \/>\n<script type=\"application\/ld+json\" class=\"yoast-schema-graph\">{\"@context\":\"https:\/\/schema.org\",\"@graph\":[{\"@type\":\"WebPage\",\"@id\":\"https:\/\/vivatatuape.com.br\/app\/saude-2\/\",\"url\":\"https:\/\/vivatatuape.com.br\/app\/saude-2\/\",\"name\":\"Sa\u00fade - appvivatatuap\u00e9\",\"isPartOf\":{\"@id\":\"https:\/\/vivatatuape.com.br\/app\/#website\"},\"primaryImageOfPage\":{\"@id\":\"https:\/\/vivatatuape.com.br\/app\/saude-2\/#primaryimage\"},\"image\":{\"@id\":\"https:\/\/vivatatuape.com.br\/app\/saude-2\/#primaryimage\"},\"thumbnailUrl\":\"http:\/\/vivatatuape.com.br\/app\/wp-content\/uploads\/2024\/08\/20240719_112025-450x253.jpg\",\"datePublished\":\"2025-06-17T01:56:57+00:00\",\"dateModified\":\"2025-06-17T02:01:08+00:00\",\"breadcrumb\":{\"@id\":\"https:\/\/vivatatuape.com.br\/app\/saude-2\/#breadcrumb\"},\"inLanguage\":\"pt-BR\",\"potentialAction\":[{\"@type\":\"ReadAction\",\"target\":[\"https:\/\/vivatatuape.com.br\/app\/saude-2\/\"]}]},{\"@type\":\"ImageObject\",\"inLanguage\":\"pt-BR\",\"@id\":\"https:\/\/vivatatuape.com.br\/app\/saude-2\/#primaryimage\",\"url\":\"http:\/\/vivatatuape.com.br\/app\/wp-content\/uploads\/2024\/08\/20240719_112025-450x253.jpg\",\"contentUrl\":\"http:\/\/vivatatuape.com.br\/app\/wp-content\/uploads\/2024\/08\/20240719_112025-450x253.jpg\"},{\"@type\":\"BreadcrumbList\",\"@id\":\"https:\/\/vivatatuape.com.br\/app\/saude-2\/#breadcrumb\",\"itemListElement\":[{\"@type\":\"ListItem\",\"position\":1,\"name\":\"In\u00edcio\",\"item\":\"https:\/\/vivatatuape.com.br\/app\/\"},{\"@type\":\"ListItem\",\"position\":2,\"name\":\"Sa\u00fade\"}]},{\"@type\":\"WebSite\",\"@id\":\"https:\/\/vivatatuape.com.br\/app\/#website\",\"url\":\"https:\/\/vivatatuape.com.br\/app\/\",\"name\":\"Cadastro App Viva Tatuap\u00e9\",\"description\":\"App VivaTatuap\u00e9 - O Tatuap\u00e9 na Palma da sua M\u00e3o\",\"potentialAction\":[{\"@type\":\"SearchAction\",\"target\":{\"@type\":\"EntryPoint\",\"urlTemplate\":\"https:\/\/vivatatuape.com.br\/app\/?s={search_term_string}\"},\"query-input\":{\"@type\":\"PropertyValueSpecification\",\"valueRequired\":true,\"valueName\":\"search_term_string\"}}],\"inLanguage\":\"pt-BR\"}]}<\/script>\n<!-- \/ Yoast SEO plugin. -->","yoast_head_json":{"title":"Sa\u00fade - appvivatatuap\u00e9","robots":{"index":"index","follow":"follow","max-snippet":"max-snippet:-1","max-image-preview":"max-image-preview:large","max-video-preview":"max-video-preview:-1"},"canonical":"https:\/\/vivatatuape.com.br\/app\/saude-2\/","og_locale":"pt_BR","og_type":"article","og_title":"Sa\u00fade - appvivatatuap\u00e9","og_description":"Dentistas Cl\u00ednica Viotto Tatuap\u00e9 \u2013 Cuidado especial com a est\u00e9tica e sua sa\u00fade bucal. Quem n\u00e3o gosta de ter um sorriso bonito? Ter um sorriso radiante n\u00e3o s\u00f3 melhora\u2026 Novidades no App Dra Val\u00e9ria Munhoz \u2013 Fisioterapeuta especializada na reabilita\u00e7\u00e3o de cabe\u00e7a e pesco\u00e7o Conselheiro Carr\u00e3o, 284 sala 605 WhatsApp : 11 977893031 Dra Val\u00e9ria","og_url":"https:\/\/vivatatuape.com.br\/app\/saude-2\/","og_site_name":"appvivatatuap\u00e9","article_publisher":"https:\/\/facebook.com\/appvivatatuape","article_modified_time":"2025-06-17T02:01:08+00:00","og_image":[{"url":"http:\/\/vivatatuape.com.br\/app\/wp-content\/uploads\/2024\/08\/20240719_112025-450x253.jpg","type":"","width":"","height":""}],"twitter_card":"summary_large_image","twitter_misc":{"Est. tempo de leitura":"2 minutos"},"schema":{"@context":"https:\/\/schema.org","@graph":[{"@type":"WebPage","@id":"https:\/\/vivatatuape.com.br\/app\/saude-2\/","url":"https:\/\/vivatatuape.com.br\/app\/saude-2\/","name":"Sa\u00fade - appvivatatuap\u00e9","isPartOf":{"@id":"https:\/\/vivatatuape.com.br\/app\/#website"},"primaryImageOfPage":{"@id":"https:\/\/vivatatuape.com.br\/app\/saude-2\/#primaryimage"},"image":{"@id":"https:\/\/vivatatuape.com.br\/app\/saude-2\/#primaryimage"},"thumbnailUrl":"http:\/\/vivatatuape.com.br\/app\/wp-content\/uploads\/2024\/08\/20240719_112025-450x253.jpg","datePublished":"2025-06-17T01:56:57+00:00","dateModified":"2025-06-17T02:01:08+00:00","breadcrumb":{"@id":"https:\/\/vivatatuape.com.br\/app\/saude-2\/#breadcrumb"},"inLanguage":"pt-BR","potentialAction":[{"@type":"ReadAction","target":["https:\/\/vivatatuape.com.br\/app\/saude-2\/"]}]},{"@type":"ImageObject","inLanguage":"pt-BR","@id":"https:\/\/vivatatuape.com.br\/app\/saude-2\/#primaryimage","url":"http:\/\/vivatatuape.com.br\/app\/wp-content\/uploads\/2024\/08\/20240719_112025-450x253.jpg","contentUrl":"http:\/\/vivatatuape.com.br\/app\/wp-content\/uploads\/2024\/08\/20240719_112025-450x253.jpg"},{"@type":"BreadcrumbList","@id":"https:\/\/vivatatuape.com.br\/app\/saude-2\/#breadcrumb","itemListElement":[{"@type":"ListItem","position":1,"name":"In\u00edcio","item":"https:\/\/vivatatuape.com.br\/app\/"},{"@type":"ListItem","position":2,"name":"Sa\u00fade"}]},{"@type":"WebSite","@id":"https:\/\/vivatatuape.com.br\/app\/#website","url":"https:\/\/vivatatuape.com.br\/app\/","name":"Cadastro App Viva Tatuap\u00e9","description":"App VivaTatuap\u00e9 - O Tatuap\u00e9 na Palma da sua M\u00e3o","potentialAction":[{"@type":"SearchAction","target":{"@type":"EntryPoint","urlTemplate":"https:\/\/vivatatuape.com.br\/app\/?s={search_term_string}"},"query-input":{"@type":"PropertyValueSpecification","valueRequired":true,"valueName":"search_term_string"}}],"inLanguage":"pt-BR"}]}},"_links":{"self":[{"href":"https:\/\/vivatatuape.com.br\/app\/wp-json\/wp\/v2\/pages\/15631","targetHints":{"allow":["GET"]}}],"collection":[{"href":"https:\/\/vivatatuape.com.br\/app\/wp-json\/wp\/v2\/pages"}],"about":[{"href":"https:\/\/vivatatuape.com.br\/app\/wp-json\/wp\/v2\/types\/page"}],"author":[{"embeddable":true,"href":"https:\/\/vivatatuape.com.br\/app\/wp-json\/wp\/v2\/users\/1"}],"replies":[{"embeddable":true,"href":"https:\/\/vivatatuape.com.br\/app\/wp-json\/wp\/v2\/comments?post=15631"}],"version-history":[{"count":5,"href":"https:\/\/vivatatuape.com.br\/app\/wp-json\/wp\/v2\/pages\/15631\/revisions"}],"predecessor-version":[{"id":15638,"href":"https:\/\/vivatatuape.com.br\/app\/wp-json\/wp\/v2\/pages\/15631\/revisions\/15638"}],"wp:attachment":[{"href":"https:\/\/vivatatuape.com.br\/app\/wp-json\/wp\/v2\/media?parent=15631"}],"curies":[{"name":"wp","href":"https:\/\/api.w.org\/{rel}","templated":true}]}}