{"id":26034,"date":"2026-03-04T22:10:19","date_gmt":"2026-03-05T01:10:19","guid":{"rendered":"https:\/\/vivatatuape.com.br\/app\/?page_id=26034"},"modified":"2026-03-05T13:38:38","modified_gmt":"2026-03-05T16:38:38","slug":"elementor-26034","status":"publish","type":"page","link":"https:\/\/vivatatuape.com.br\/app\/elementor-26034\/","title":{"rendered":"Material para cadastro e campanhas nas redes sociais"},"content":{"rendered":"\t\t<div data-elementor-type=\"wp-page\" data-elementor-id=\"26034\" class=\"elementor elementor-26034\">\n\t\t\t\t\t\t<section class=\"has-el-gap el-gap-default elementor-section elementor-top-section elementor-element elementor-element-38d4027 is-full-xs elementor-section-boxed elementor-section-height-default elementor-section-height-default\" data-id=\"38d4027\" data-element_type=\"section\" data-settings=\"{&quot;background_background&quot;:&quot;slideshow&quot;,&quot;background_slideshow_gallery&quot;:[{&quot;id&quot;:14457,&quot;url&quot;:&quot;http:\\\/\\\/vivatatuape.com.br\\\/app\\\/wp-content\\\/uploads\\\/2025\\\/06\\\/banner-bg.jpg&quot;}],&quot;background_slideshow_loop&quot;:&quot;yes&quot;,&quot;background_slideshow_slide_duration&quot;:5000,&quot;background_slideshow_slide_transition&quot;:&quot;fade&quot;,&quot;background_slideshow_transition_duration&quot;:500}\">\n\t\t\t\t\t\t<div class=\"elementor-container elementor-column-gap-no\">\n\t\t\t\t\t<div class=\"elementor-column elementor-col-50 elementor-top-column elementor-element elementor-element-21a93707\" data-id=\"21a93707\" data-element_type=\"column\">\n\t\t\t<div class=\"elementor-widget-wrap elementor-element-populated\">\n\t\t\t\t\t\t<div class=\"elementor-element elementor-element-6820a504 elementor-widget elementor-widget-heading\" data-id=\"6820a504\" data-element_type=\"widget\" data-widget_type=\"heading.default\">\n\t\t\t\t<div class=\"elementor-widget-container\">\n\t\t\t<style>\/*! elementor - v3.21.0 - 26-05-2024 *\/\n.elementor-heading-title{padding:0;margin:0;line-height:1}.elementor-widget-heading .elementor-heading-title[class*=elementor-size-]>a{color:inherit;font-size:inherit;line-height:inherit}.elementor-widget-heading .elementor-heading-title.elementor-size-small{font-size:15px}.elementor-widget-heading .elementor-heading-title.elementor-size-medium{font-size:19px}.elementor-widget-heading .elementor-heading-title.elementor-size-large{font-size:29px}.elementor-widget-heading .elementor-heading-title.elementor-size-xl{font-size:39px}.elementor-widget-heading .elementor-heading-title.elementor-size-xxl{font-size:59px}<\/style><h2 class=\"elementor-heading-title elementor-size-default\"> Uma nova maneira de divulgar sua empresa no Tatuap\u00e9.<\/h2>\t\t<\/div>\n\t\t\t\t<\/div>\n\t\t\t\t<div class=\"elementor-element elementor-element-4fad2272 elementor-widget elementor-widget-text-editor\" data-id=\"4fad2272\" data-element_type=\"widget\" data-widget_type=\"text-editor.default\">\n\t\t\t\t<div class=\"elementor-widget-container\">\n\t\t\t<style>\/*! elementor - v3.21.0 - 26-05-2024 *\/\n.elementor-widget-text-editor.elementor-drop-cap-view-stacked .elementor-drop-cap{background-color:#69727d;color:#fff}.elementor-widget-text-editor.elementor-drop-cap-view-framed .elementor-drop-cap{color:#69727d;border:3px solid;background-color:transparent}.elementor-widget-text-editor:not(.elementor-drop-cap-view-default) .elementor-drop-cap{margin-top:8px}.elementor-widget-text-editor:not(.elementor-drop-cap-view-default) .elementor-drop-cap-letter{width:1em;height:1em}.elementor-widget-text-editor .elementor-drop-cap{float:left;text-align:center;line-height:1;font-size:50px}.elementor-widget-text-editor .elementor-drop-cap-letter{display:inline-block}<\/style>\t\t\t\t<p>O Tatuap\u00e9 merecia um app exclusivo onde fosse poss\u00edvel acompanhar tudo que acontece no bairro, com not\u00edcias, informa\u00e7\u00f5es, novidades, dicas e encontrar facilmente as melhores empresas e servi\u00e7os do bairro.\u00a0<\/p>\t\t\t\t\t\t<\/div>\n\t\t\t\t<\/div>\n\t\t\t\t<div class=\"elementor-element elementor-element-31fb5808 elementor-widget elementor-widget-text-editor\" data-id=\"31fb5808\" data-element_type=\"widget\" data-widget_type=\"text-editor.default\">\n\t\t\t\t<div class=\"elementor-widget-container\">\n\t\t\t\t\t\t\t<p>Foi pensando nisso que criamos o appvivatatuape<\/p>\t\t\t\t\t\t<\/div>\n\t\t\t\t<\/div>\n\t\t\t\t<section class=\"elementor-section elementor-inner-section elementor-element elementor-element-7dc52d29 elementor-section-full_width is-full-xs elementor-section-height-default elementor-section-height-default\" data-id=\"7dc52d29\" data-element_type=\"section\">\n\t\t\t\t\t\t<div class=\"elementor-container elementor-column-gap-narrow\">\n\t\t\t\t\t<div class=\"elementor-column elementor-col-50 elementor-inner-column elementor-element elementor-element-5205fea3\" data-id=\"5205fea3\" data-element_type=\"column\">\n\t\t\t<div class=\"elementor-widget-wrap elementor-element-populated\">\n\t\t\t\t\t\t<div class=\"elementor-element elementor-element-5269a30e elementor-widget elementor-widget-image\" data-id=\"5269a30e\" data-element_type=\"widget\" data-widget_type=\"image.default\">\n\t\t\t\t<div class=\"elementor-widget-container\">\n\t\t\t<style>\/*! elementor - v3.21.0 - 26-05-2024 *\/\n.elementor-widget-image{text-align:center}.elementor-widget-image a{display:inline-block}.elementor-widget-image a img[src$=\".svg\"]{width:48px}.elementor-widget-image img{vertical-align:middle;display:inline-block}<\/style>\t\t\t\t\t\t\t\t\t\t\t<a href=\"https:\/\/apple.co\/44EvrnY\">\n\t\t\t\t\t\t\t<img fetchpriority=\"high\" decoding=\"async\" width=\"788\" height=\"263\" src=\"https:\/\/vivatatuape.com.br\/app\/wp-content\/uploads\/2025\/02\/apple.co_44EvrnY-2.png\" class=\"attachment-large size-large wp-image-8847\" alt=\"\" srcset=\"https:\/\/vivatatuape.com.br\/app\/wp-content\/uploads\/2025\/02\/apple.co_44EvrnY-2.png 900w, https:\/\/vivatatuape.com.br\/app\/wp-content\/uploads\/2025\/02\/apple.co_44EvrnY-2-600x200.png 600w, https:\/\/vivatatuape.com.br\/app\/wp-content\/uploads\/2025\/02\/apple.co_44EvrnY-2-300x100.png 300w, https:\/\/vivatatuape.com.br\/app\/wp-content\/uploads\/2025\/02\/apple.co_44EvrnY-2-768x256.png 768w, https:\/\/vivatatuape.com.br\/app\/wp-content\/uploads\/2025\/02\/apple.co_44EvrnY-2-150x50.png 150w, https:\/\/vivatatuape.com.br\/app\/wp-content\/uploads\/2025\/02\/apple.co_44EvrnY-2-450x150.png 450w\" sizes=\"(max-width: 788px) 100vw, 788px\" \/>\t\t\t\t\t\t\t\t<\/a>\n\t\t\t\t\t\t\t\t\t\t\t\t\t<\/div>\n\t\t\t\t<\/div>\n\t\t\t\t\t<\/div>\n\t\t<\/div>\n\t\t\t\t<div class=\"elementor-column elementor-col-50 elementor-inner-column elementor-element elementor-element-638e7682\" data-id=\"638e7682\" data-element_type=\"column\">\n\t\t\t<div class=\"elementor-widget-wrap elementor-element-populated\">\n\t\t\t\t\t\t<div class=\"elementor-element elementor-element-5cc0d0f5 elementor-widget elementor-widget-image\" data-id=\"5cc0d0f5\" data-element_type=\"widget\" data-widget_type=\"image.default\">\n\t\t\t\t<div class=\"elementor-widget-container\">\n\t\t\t\t\t\t\t\t\t\t\t\t\t\t<a href=\"https:\/\/bit.ly\/2JNrS7y\">\n\t\t\t\t\t\t\t<img decoding=\"async\" width=\"788\" height=\"263\" src=\"https:\/\/vivatatuape.com.br\/app\/wp-content\/uploads\/2025\/02\/apple.co_44EvrnY-1.png\" class=\"attachment-large size-large wp-image-8848\" alt=\"\" srcset=\"https:\/\/vivatatuape.com.br\/app\/wp-content\/uploads\/2025\/02\/apple.co_44EvrnY-1.png 900w, https:\/\/vivatatuape.com.br\/app\/wp-content\/uploads\/2025\/02\/apple.co_44EvrnY-1-600x200.png 600w, https:\/\/vivatatuape.com.br\/app\/wp-content\/uploads\/2025\/02\/apple.co_44EvrnY-1-300x100.png 300w, https:\/\/vivatatuape.com.br\/app\/wp-content\/uploads\/2025\/02\/apple.co_44EvrnY-1-768x256.png 768w, https:\/\/vivatatuape.com.br\/app\/wp-content\/uploads\/2025\/02\/apple.co_44EvrnY-1-150x50.png 150w, https:\/\/vivatatuape.com.br\/app\/wp-content\/uploads\/2025\/02\/apple.co_44EvrnY-1-450x150.png 450w\" sizes=\"(max-width: 788px) 100vw, 788px\" \/>\t\t\t\t\t\t\t\t<\/a>\n\t\t\t\t\t\t\t\t\t\t\t\t\t<\/div>\n\t\t\t\t<\/div>\n\t\t\t\t\t<\/div>\n\t\t<\/div>\n\t\t\t\t\t<\/div>\n\t\t<\/section>\n\t\t\t\t\t<\/div>\n\t\t<\/div>\n\t\t\t\t<div class=\"elementor-column elementor-col-50 elementor-top-column elementor-element elementor-element-197ecddc\" data-id=\"197ecddc\" data-element_type=\"column\">\n\t\t\t<div class=\"elementor-widget-wrap elementor-element-populated\">\n\t\t\t\t\t\t<div class=\"elementor-element elementor-element-1f55dbcb elementor-widget elementor-widget-image\" data-id=\"1f55dbcb\" data-element_type=\"widget\" data-widget_type=\"image.default\">\n\t\t\t\t<div class=\"elementor-widget-container\">\n\t\t\t\t\t\t\t\t\t\t\t\t\t<img decoding=\"async\" width=\"560\" height=\"860\" src=\"https:\/\/vivatatuape.com.br\/app\/wp-content\/uploads\/2025\/05\/cel-4.png\" class=\"attachment-full size-full wp-image-14123\" alt=\"\" srcset=\"https:\/\/vivatatuape.com.br\/app\/wp-content\/uploads\/2025\/05\/cel-4.png 560w, https:\/\/vivatatuape.com.br\/app\/wp-content\/uploads\/2025\/05\/cel-4-195x300.png 195w, https:\/\/vivatatuape.com.br\/app\/wp-content\/uploads\/2025\/05\/cel-4-150x230.png 150w, https:\/\/vivatatuape.com.br\/app\/wp-content\/uploads\/2025\/05\/cel-4-450x691.png 450w\" sizes=\"(max-width: 560px) 100vw, 560px\" \/>\t\t\t\t\t\t\t\t\t\t\t\t\t<\/div>\n\t\t\t\t<\/div>\n\t\t\t\t\t<\/div>\n\t\t<\/div>\n\t\t\t\t\t<\/div>\n\t\t<\/section>\n\t\t\t\t<section class=\"has-el-gap el-gap-default elementor-section elementor-top-section elementor-element elementor-element-dcc04b3 elementor-section-boxed elementor-section-height-default elementor-section-height-default\" data-id=\"dcc04b3\" data-element_type=\"section\" data-settings=\"{&quot;background_background&quot;:&quot;classic&quot;}\">\n\t\t\t\t\t\t<div class=\"elementor-container elementor-column-gap-no\">\n\t\t\t\t\t<div class=\"elementor-column elementor-col-100 elementor-top-column elementor-element elementor-element-0827e2d\" data-id=\"0827e2d\" data-element_type=\"column\">\n\t\t\t<div class=\"elementor-widget-wrap elementor-element-populated\">\n\t\t\t\t\t\t<div class=\"elementor-element elementor-element-d5a8423 elementor-widget elementor-widget-heading\" data-id=\"d5a8423\" data-element_type=\"widget\" data-widget_type=\"heading.default\">\n\t\t\t\t<div class=\"elementor-widget-container\">\n\t\t\t<h1 class=\"elementor-heading-title elementor-size-default\">O que precisamos para cadastrar sua empresa no site e no appvivatatuape <\/h1>\t\t<\/div>\n\t\t\t\t<\/div>\n\t\t\t\t\t<\/div>\n\t\t<\/div>\n\t\t\t\t\t<\/div>\n\t\t<\/section>\n\t\t\t\t<section class=\"has-el-gap el-gap-default elementor-section elementor-top-section elementor-element elementor-element-72879de elementor-section-boxed elementor-section-height-default elementor-section-height-default\" data-id=\"72879de\" data-element_type=\"section\" data-settings=\"{&quot;background_background&quot;:&quot;classic&quot;}\">\n\t\t\t\t\t\t<div class=\"elementor-container elementor-column-gap-no\">\n\t\t\t\t\t<div class=\"elementor-column elementor-col-100 elementor-top-column elementor-element elementor-element-0d75325\" data-id=\"0d75325\" data-element_type=\"column\">\n\t\t\t<div class=\"elementor-widget-wrap elementor-element-populated\">\n\t\t\t\t\t\t<div class=\"elementor-element elementor-element-543d7dc elementor-widget elementor-widget-html\" data-id=\"543d7dc\" data-element_type=\"widget\" data-widget_type=\"html.default\">\n\t\t\t\t<div class=\"elementor-widget-container\">\n\t\t\t<section> <h5> <p>At\u00e9 5 fotos da empresa ou do seu trabalho (formato horizontal 1920x1080). <br>Recomenda-se incluir a fachada.<\/p> <p>Um breve release sobre seu trabalho (hist\u00f3ria, diferenciais, especialidades).<\/p> <p>Endere\u00e7o completo da empresa.<\/p> <p>N\u00famero de WhatsApp e telefone.<\/p> <p>Hor\u00e1rio de funcionamento.<\/p> <p>Redes sociais (Facebook, Instagram, entre outras).<\/p> <p>Website (se houver).<\/p> <\/h4> <\/ul> <\/section>\t\t<\/div>\n\t\t\t\t<\/div>\n\t\t\t\t\t<\/div>\n\t\t<\/div>\n\t\t\t\t\t<\/div>\n\t\t<\/section>\n\t\t\t\t<section class=\"has-el-gap el-gap-default elementor-section elementor-top-section elementor-element elementor-element-1cfa57c elementor-section-boxed elementor-section-height-default elementor-section-height-default\" data-id=\"1cfa57c\" data-element_type=\"section\" data-settings=\"{&quot;background_background&quot;:&quot;classic&quot;}\">\n\t\t\t\t\t\t<div class=\"elementor-container elementor-column-gap-no\">\n\t\t\t\t\t<div class=\"elementor-column elementor-col-100 elementor-top-column elementor-element elementor-element-ff93ef0\" data-id=\"ff93ef0\" data-element_type=\"column\">\n\t\t\t<div class=\"elementor-widget-wrap elementor-element-populated\">\n\t\t\t\t\t\t<div class=\"elementor-element elementor-element-45585d3 elementor-widget elementor-widget-heading\" data-id=\"45585d3\" data-element_type=\"widget\" data-widget_type=\"heading.default\">\n\t\t\t\t<div class=\"elementor-widget-container\">\n\t\t\t<h1 class=\"elementor-heading-title elementor-size-default\">O que precisamos para para realizar a divulga\u00e7\u00e3o da sua empresa nas redes do appvivatatuape<\/h1>\t\t<\/div>\n\t\t\t\t<\/div>\n\t\t\t\t\t<\/div>\n\t\t<\/div>\n\t\t\t\t\t<\/div>\n\t\t<\/section>\n\t\t\t\t<section class=\"has-el-gap el-gap-default elementor-section elementor-top-section elementor-element elementor-element-03dcfb4 elementor-section-boxed elementor-section-height-default elementor-section-height-default\" data-id=\"03dcfb4\" data-element_type=\"section\" data-settings=\"{&quot;background_background&quot;:&quot;classic&quot;}\">\n\t\t\t\t\t\t<div class=\"elementor-container elementor-column-gap-no\">\n\t\t\t\t\t<div class=\"elementor-column elementor-col-100 elementor-top-column elementor-element elementor-element-5e51736\" data-id=\"5e51736\" data-element_type=\"column\">\n\t\t\t<div class=\"elementor-widget-wrap elementor-element-populated\">\n\t\t\t\t\t\t<div class=\"elementor-element elementor-element-33ea60a elementor-widget elementor-widget-html\" data-id=\"33ea60a\" data-element_type=\"widget\" data-widget_type=\"html.default\">\n\t\t\t\t<div class=\"elementor-widget-container\">\n\t\t\t<section>\r\n  <h2>Envio de arquivos<\/h2>\r\n  <p>Os arquivos <strong>(Fotos, v\u00eddeos e a legenda do post)<\/strong> devem ser enviados para: <strong> <a href=\"mailto:appvivatatuape@gmail.com\">appvivatatuape@gmail.com<\/a><\/strong>  at\u00e9 o <strong>quinto dia de cada m\u00eas<\/strong>, para formata\u00e7\u00e3o e agendamento da campanha.\r\n  Caso sejam muito pesados, utilize o site <a href=\"https:\/\/www.transfernow.net\/pt\" target=\"_blank\">TransferNow<\/a>, r\u00e1pido, f\u00e1cil e gratuito.<\/p>\r\n  <p>Tamb\u00e9m \u00e9 poss\u00edvel enviar pelo WhatsApp, lembrando que nesse caso os arquivos podem perder qualidade.<\/p>\r\n\r\n<\/section>\r\n\r\n<section>\r\n\r\n  <h2>Instagram<\/h2>\r\n  <p>Prefer\u00eancia pelo formato <strong>Collab<\/strong>, que garante maior engajamento. Basta a empresa realizar a postagem e marcar <strong>@appvivatatuape<\/strong> para que seja compartilhada tamb\u00e9m na nossa p\u00e1gina.<\/p>\r\n  <p>Arquivos aceitos: v\u00eddeos (Reels\/Feed) ou at\u00e9 5 imagens (carrossel). Todas as imagens do carrossel devem ter exatamente o mesmo tamanho.<\/p>\r\n\r\n  <h2>Facebook e Threads<\/h2>\r\n  <p>Aceitam links. Utilizamos postagem no formato de mat\u00e9ria, com legenda, foto de capa da p\u00e1gina no site e link para visualiza\u00e7\u00e3o da empresa. O mesmo material enviado para Instagram ser\u00e1 replicado no Facebook e Threads.<\/p>\r\n\r\n  <h2>Stories (Instagram e Facebook)<\/h2>\r\n  <p>V\u00eddeo de at\u00e9 1 minuto ou at\u00e9 2 imagens. Todas as postagens s\u00e3o realizadas com a marca\u00e7\u00e3o da empresa (@).<\/p>\r\n  \r\n   <h2>Formatos utilizados<\/h2>\r\n  <ul>\r\n    <li><strong>Reels:<\/strong> 1080 x 1920 (vertical)<\/li>\r\n    <li><strong>Stories:<\/strong> 1080 x 1920 (vertical)<\/li>\r\n    <li><strong>Carrossel:<\/strong> Quadrado 1080 x 1080 | Retangular 1080 x 1430<\/li>\r\n  <\/ul>\r\n<\/section>\t\t<\/div>\n\t\t\t\t<\/div>\n\t\t\t\t\t<\/div>\n\t\t<\/div>\n\t\t\t\t\t<\/div>\n\t\t<\/section>\n\t\t\t\t<section class=\"has-el-gap el-gap-default elementor-section elementor-top-section elementor-element elementor-element-fe8ac2f elementor-section-full_width elementor-section-height-default elementor-section-height-default\" data-id=\"fe8ac2f\" data-element_type=\"section\">\n\t\t\t\t\t\t<div class=\"elementor-container elementor-column-gap-no\">\n\t\t\t\t\t<div class=\"elementor-column elementor-col-100 elementor-top-column elementor-element elementor-element-0ae1285\" data-id=\"0ae1285\" data-element_type=\"column\">\n\t\t\t<div class=\"elementor-widget-wrap\">\n\t\t\t\t\t\t\t<\/div>\n\t\t<\/div>\n\t\t\t\t\t<\/div>\n\t\t<\/section>\n\t\t\t\t<\/div>\n\t\t","protected":false},"excerpt":{"rendered":"<p>Uma nova maneira de divulgar sua empresa no Tatuap\u00e9. O Tatuap\u00e9 merecia um app exclusivo onde fosse poss\u00edvel acompanhar tudo que acontece no bairro, com not\u00edcias, informa\u00e7\u00f5es, novidades, dicas e encontrar facilmente as melhores empresas e servi\u00e7os do bairro.\u00a0 Foi pensando nisso que criamos o appvivatatuape O que precisamos para cadastrar sua empresa no site<\/p>\n","protected":false},"author":1,"featured_media":0,"parent":0,"menu_order":0,"comment_status":"closed","ping_status":"closed","template":"page-templates\/no-wrapper.php","meta":{"footnotes":""},"class_list":["post-26034","page","type-page","status-publish"],"yoast_head":"<!-- This site is optimized with the Yoast SEO plugin v25.4 - https:\/\/yoast.com\/wordpress\/plugins\/seo\/ -->\n<title>Material para cadastro e campanhas nas redes sociais - appvivatatuap\u00e9<\/title>\n<meta name=\"robots\" content=\"index, follow, max-snippet:-1, max-image-preview:large, max-video-preview:-1\" \/>\n<link rel=\"canonical\" href=\"https:\/\/vivatatuape.com.br\/app\/elementor-26034\/\" \/>\n<meta property=\"og:locale\" content=\"pt_BR\" \/>\n<meta property=\"og:type\" content=\"article\" \/>\n<meta property=\"og:title\" content=\"Material para cadastro e campanhas nas redes sociais - appvivatatuap\u00e9\" \/>\n<meta property=\"og:description\" content=\"Uma nova maneira de divulgar sua empresa no Tatuap\u00e9. O Tatuap\u00e9 merecia um app exclusivo onde fosse poss\u00edvel acompanhar tudo que acontece no bairro, com not\u00edcias, informa\u00e7\u00f5es, novidades, dicas e encontrar facilmente as melhores empresas e servi\u00e7os do bairro.\u00a0 Foi pensando nisso que criamos o appvivatatuape O que precisamos para cadastrar sua empresa no site\" \/>\n<meta property=\"og:url\" content=\"https:\/\/vivatatuape.com.br\/app\/elementor-26034\/\" \/>\n<meta property=\"og:site_name\" content=\"appvivatatuap\u00e9\" \/>\n<meta property=\"article:publisher\" content=\"https:\/\/facebook.com\/appvivatatuape\" \/>\n<meta property=\"article:modified_time\" content=\"2026-03-05T16:38:38+00:00\" \/>\n<meta property=\"og:image\" content=\"http:\/\/vivatatuape.com.br\/app\/wp-content\/uploads\/2025\/02\/apple.co_44EvrnY-2.png\" \/>\n<meta name=\"twitter:card\" content=\"summary_large_image\" \/>\n<meta name=\"twitter:label1\" content=\"Est. tempo de leitura\" \/>\n\t<meta name=\"twitter:data1\" content=\"3 minutos\" \/>\n<script type=\"application\/ld+json\" class=\"yoast-schema-graph\">{\"@context\":\"https:\/\/schema.org\",\"@graph\":[{\"@type\":\"WebPage\",\"@id\":\"https:\/\/vivatatuape.com.br\/app\/elementor-26034\/\",\"url\":\"https:\/\/vivatatuape.com.br\/app\/elementor-26034\/\",\"name\":\"Material para cadastro e campanhas nas redes sociais - appvivatatuap\u00e9\",\"isPartOf\":{\"@id\":\"https:\/\/vivatatuape.com.br\/app\/#website\"},\"primaryImageOfPage\":{\"@id\":\"https:\/\/vivatatuape.com.br\/app\/elementor-26034\/#primaryimage\"},\"image\":{\"@id\":\"https:\/\/vivatatuape.com.br\/app\/elementor-26034\/#primaryimage\"},\"thumbnailUrl\":\"http:\/\/vivatatuape.com.br\/app\/wp-content\/uploads\/2025\/02\/apple.co_44EvrnY-2.png\",\"datePublished\":\"2026-03-05T01:10:19+00:00\",\"dateModified\":\"2026-03-05T16:38:38+00:00\",\"breadcrumb\":{\"@id\":\"https:\/\/vivatatuape.com.br\/app\/elementor-26034\/#breadcrumb\"},\"inLanguage\":\"pt-BR\",\"potentialAction\":[{\"@type\":\"ReadAction\",\"target\":[\"https:\/\/vivatatuape.com.br\/app\/elementor-26034\/\"]}]},{\"@type\":\"ImageObject\",\"inLanguage\":\"pt-BR\",\"@id\":\"https:\/\/vivatatuape.com.br\/app\/elementor-26034\/#primaryimage\",\"url\":\"https:\/\/vivatatuape.com.br\/app\/wp-content\/uploads\/2025\/02\/apple.co_44EvrnY-2.png\",\"contentUrl\":\"https:\/\/vivatatuape.com.br\/app\/wp-content\/uploads\/2025\/02\/apple.co_44EvrnY-2.png\",\"width\":900,\"height\":300},{\"@type\":\"BreadcrumbList\",\"@id\":\"https:\/\/vivatatuape.com.br\/app\/elementor-26034\/#breadcrumb\",\"itemListElement\":[{\"@type\":\"ListItem\",\"position\":1,\"name\":\"In\u00edcio\",\"item\":\"https:\/\/vivatatuape.com.br\/app\/\"},{\"@type\":\"ListItem\",\"position\":2,\"name\":\"Material para cadastro e campanhas nas redes sociais\"}]},{\"@type\":\"WebSite\",\"@id\":\"https:\/\/vivatatuape.com.br\/app\/#website\",\"url\":\"https:\/\/vivatatuape.com.br\/app\/\",\"name\":\"Cadastro App Viva Tatuap\u00e9\",\"description\":\"App VivaTatuap\u00e9 - O Tatuap\u00e9 na Palma da sua M\u00e3o\",\"potentialAction\":[{\"@type\":\"SearchAction\",\"target\":{\"@type\":\"EntryPoint\",\"urlTemplate\":\"https:\/\/vivatatuape.com.br\/app\/?s={search_term_string}\"},\"query-input\":{\"@type\":\"PropertyValueSpecification\",\"valueRequired\":true,\"valueName\":\"search_term_string\"}}],\"inLanguage\":\"pt-BR\"}]}<\/script>\n<!-- \/ Yoast SEO plugin. -->","yoast_head_json":{"title":"Material para cadastro e campanhas nas redes sociais - appvivatatuap\u00e9","robots":{"index":"index","follow":"follow","max-snippet":"max-snippet:-1","max-image-preview":"max-image-preview:large","max-video-preview":"max-video-preview:-1"},"canonical":"https:\/\/vivatatuape.com.br\/app\/elementor-26034\/","og_locale":"pt_BR","og_type":"article","og_title":"Material para cadastro e campanhas nas redes sociais - appvivatatuap\u00e9","og_description":"Uma nova maneira de divulgar sua empresa no Tatuap\u00e9. O Tatuap\u00e9 merecia um app exclusivo onde fosse poss\u00edvel acompanhar tudo que acontece no bairro, com not\u00edcias, informa\u00e7\u00f5es, novidades, dicas e encontrar facilmente as melhores empresas e servi\u00e7os do bairro.\u00a0 Foi pensando nisso que criamos o appvivatatuape O que precisamos para cadastrar sua empresa no site","og_url":"https:\/\/vivatatuape.com.br\/app\/elementor-26034\/","og_site_name":"appvivatatuap\u00e9","article_publisher":"https:\/\/facebook.com\/appvivatatuape","article_modified_time":"2026-03-05T16:38:38+00:00","og_image":[{"url":"http:\/\/vivatatuape.com.br\/app\/wp-content\/uploads\/2025\/02\/apple.co_44EvrnY-2.png","type":"","width":"","height":""}],"twitter_card":"summary_large_image","twitter_misc":{"Est. tempo de leitura":"3 minutos"},"schema":{"@context":"https:\/\/schema.org","@graph":[{"@type":"WebPage","@id":"https:\/\/vivatatuape.com.br\/app\/elementor-26034\/","url":"https:\/\/vivatatuape.com.br\/app\/elementor-26034\/","name":"Material para cadastro e campanhas nas redes sociais - appvivatatuap\u00e9","isPartOf":{"@id":"https:\/\/vivatatuape.com.br\/app\/#website"},"primaryImageOfPage":{"@id":"https:\/\/vivatatuape.com.br\/app\/elementor-26034\/#primaryimage"},"image":{"@id":"https:\/\/vivatatuape.com.br\/app\/elementor-26034\/#primaryimage"},"thumbnailUrl":"http:\/\/vivatatuape.com.br\/app\/wp-content\/uploads\/2025\/02\/apple.co_44EvrnY-2.png","datePublished":"2026-03-05T01:10:19+00:00","dateModified":"2026-03-05T16:38:38+00:00","breadcrumb":{"@id":"https:\/\/vivatatuape.com.br\/app\/elementor-26034\/#breadcrumb"},"inLanguage":"pt-BR","potentialAction":[{"@type":"ReadAction","target":["https:\/\/vivatatuape.com.br\/app\/elementor-26034\/"]}]},{"@type":"ImageObject","inLanguage":"pt-BR","@id":"https:\/\/vivatatuape.com.br\/app\/elementor-26034\/#primaryimage","url":"https:\/\/vivatatuape.com.br\/app\/wp-content\/uploads\/2025\/02\/apple.co_44EvrnY-2.png","contentUrl":"https:\/\/vivatatuape.com.br\/app\/wp-content\/uploads\/2025\/02\/apple.co_44EvrnY-2.png","width":900,"height":300},{"@type":"BreadcrumbList","@id":"https:\/\/vivatatuape.com.br\/app\/elementor-26034\/#breadcrumb","itemListElement":[{"@type":"ListItem","position":1,"name":"In\u00edcio","item":"https:\/\/vivatatuape.com.br\/app\/"},{"@type":"ListItem","position":2,"name":"Material para cadastro e campanhas nas redes sociais"}]},{"@type":"WebSite","@id":"https:\/\/vivatatuape.com.br\/app\/#website","url":"https:\/\/vivatatuape.com.br\/app\/","name":"Cadastro App Viva Tatuap\u00e9","description":"App VivaTatuap\u00e9 - O Tatuap\u00e9 na Palma da sua M\u00e3o","potentialAction":[{"@type":"SearchAction","target":{"@type":"EntryPoint","urlTemplate":"https:\/\/vivatatuape.com.br\/app\/?s={search_term_string}"},"query-input":{"@type":"PropertyValueSpecification","valueRequired":true,"valueName":"search_term_string"}}],"inLanguage":"pt-BR"}]}},"_links":{"self":[{"href":"https:\/\/vivatatuape.com.br\/app\/wp-json\/wp\/v2\/pages\/26034","targetHints":{"allow":["GET"]}}],"collection":[{"href":"https:\/\/vivatatuape.com.br\/app\/wp-json\/wp\/v2\/pages"}],"about":[{"href":"https:\/\/vivatatuape.com.br\/app\/wp-json\/wp\/v2\/types\/page"}],"author":[{"embeddable":true,"href":"https:\/\/vivatatuape.com.br\/app\/wp-json\/wp\/v2\/users\/1"}],"replies":[{"embeddable":true,"href":"https:\/\/vivatatuape.com.br\/app\/wp-json\/wp\/v2\/comments?post=26034"}],"version-history":[{"count":12,"href":"https:\/\/vivatatuape.com.br\/app\/wp-json\/wp\/v2\/pages\/26034\/revisions"}],"predecessor-version":[{"id":26061,"href":"https:\/\/vivatatuape.com.br\/app\/wp-json\/wp\/v2\/pages\/26034\/revisions\/26061"}],"wp:attachment":[{"href":"https:\/\/vivatatuape.com.br\/app\/wp-json\/wp\/v2\/media?parent=26034"}],"curies":[{"name":"wp","href":"https:\/\/api.w.org\/{rel}","templated":true}]}}