{"id":4058,"date":"2024-08-26T14:51:27","date_gmt":"2024-08-26T17:51:27","guid":{"rendered":"https:\/\/vivatatuape.com.br\/app\/?page_id=4058"},"modified":"2025-06-03T14:05:25","modified_gmt":"2025-06-03T17:05:25","slug":"pizzarias","status":"publish","type":"page","link":"https:\/\/vivatatuape.com.br\/app\/pizzarias\/","title":{"rendered":"Pizzarias"},"content":{"rendered":"\t\t<div data-elementor-type=\"wp-page\" data-elementor-id=\"4058\" class=\"elementor elementor-4058\">\n\t\t\t\t\t\t<section class=\"has-el-gap el-gap-default elementor-section elementor-top-section elementor-element elementor-element-53825f01 elementor-section-full_width is-full-xs elementor-section-height-default elementor-section-height-default\" data-id=\"53825f01\" data-element_type=\"section\">\n\t\t\t\t\t\t<div class=\"elementor-container elementor-column-gap-no\">\n\t\t\t\t\t<div class=\"elementor-column elementor-col-100 elementor-top-column elementor-element elementor-element-269308c8\" data-id=\"269308c8\" data-element_type=\"column\">\n\t\t\t<div class=\"elementor-widget-wrap elementor-element-populated\">\n\t\t\t\t\t\t<div class=\"elementor-element elementor-element-50188ee2 elementor-widget elementor-widget-smartmag-featgrid\" data-id=\"50188ee2\" data-element_type=\"widget\" data-widget_type=\"smartmag-featgrid.default\">\n\t\t\t\t<div class=\"elementor-widget-container\">\n\t\t\t\t\t<section class=\"block-wrap block-feat-grid block-sc mb-none\" data-id=\"1\">\n\n\t\t\t\t\n\t\t\t<div class=\"block-content\">\n\t\t\t\t\t\n<section class=\"feat-grid feat-grid-eq1 static feat-grid-full feat-grid-eq1-full feat-grid-height feat-grid-equals\">\n\n\t<div class=\"slides\" data-parallax>\n\t\n\t\n\t\t\t\t\t\n\t\t\t\t\t\t\t\n\t\t\t\t<div class=\"item item-main item-large item-1 pos-center pos-bot\">\n\n\t\t\t\t\t\n<article class=\"l-post grid-overlay grid-overlay-a hover-zoom\">\n\n\t\n\t\t\t<div class=\"media\">\n\n\t\t\n\t\t\t<a href=\"https:\/\/vivatatuape.com.br\/app\/2024\/10\/01\/pizzaria-villagio\/\" class=\"image-link\" title=\"Pizzaria Villagio\"><img fetchpriority=\"high\" decoding=\"async\" width=\"788\" height=\"444\" src=\"https:\/\/vivatatuape.com.br\/app\/wp-content\/uploads\/2024\/10\/20240613_155304-1024x577.jpg\" class=\"attachment-large size-large wp-post-image\" alt=\"\" sizes=\"(max-width: 1920px) 100vw, 1920px\" title=\"Pizzaria Villagio\" srcset=\"https:\/\/vivatatuape.com.br\/app\/wp-content\/uploads\/2024\/10\/20240613_155304-1024x577.jpg 1024w, https:\/\/vivatatuape.com.br\/app\/wp-content\/uploads\/2024\/10\/20240613_155304-scaled-600x338.jpg 600w, https:\/\/vivatatuape.com.br\/app\/wp-content\/uploads\/2024\/10\/20240613_155304-300x169.jpg 300w, https:\/\/vivatatuape.com.br\/app\/wp-content\/uploads\/2024\/10\/20240613_155304-768x432.jpg 768w, https:\/\/vivatatuape.com.br\/app\/wp-content\/uploads\/2024\/10\/20240613_155304-1536x865.jpg 1536w, https:\/\/vivatatuape.com.br\/app\/wp-content\/uploads\/2024\/10\/20240613_155304-2048x1153.jpg 2048w, https:\/\/vivatatuape.com.br\/app\/wp-content\/uploads\/2024\/10\/20240613_155304-150x84.jpg 150w, https:\/\/vivatatuape.com.br\/app\/wp-content\/uploads\/2024\/10\/20240613_155304-450x253.jpg 450w, https:\/\/vivatatuape.com.br\/app\/wp-content\/uploads\/2024\/10\/20240613_155304-1200x676.jpg 1200w\" \/><\/a>\t\t\t\n\t\t\t\n\t\t\t\n\t\t\t\n\t\t\n\t\t<\/div>\n\t\n\n\t\t\t<div class=\"content-wrap\">\n\t\n\t\t<div class=\"content\">\n\n\t\t\t<div class=\"post-meta post-meta-a meta-contrast has-below\"><div class=\"post-meta-items meta-above\"><span class=\"meta-item cat-labels\">\n\t\t\t\t\t\t\n\t\t\t\t\t\t<a href=\"https:\/\/vivatatuape.com.br\/app\/category\/pizzarias\/\" class=\"category term-color-116\" rel=\"category\">Pizzarias<\/a>\n\t\t\t\t\t<\/span>\n\t\t\t\t\t<\/div><h2 class=\"is-title post-title\"><a href=\"https:\/\/vivatatuape.com.br\/app\/2024\/10\/01\/pizzaria-villagio\/\">Pizzaria Villagio<\/a><\/h2><div class=\"post-meta-items meta-below\"><span class=\"meta-item post-author\"><a href=\"https:\/\/vivatatuape.com.br\/app\/author\/appvivatatuape\/\" title=\"Posts de appvivatatuape\" rel=\"author\">appvivatatuape<\/a><\/span><span class=\"meta-item date\"><span class=\"date-link\"><time class=\"post-date\" datetime=\"2024-10-01T13:36:21-03:00\">1 de outubro de 2024<\/time><\/span><\/span><\/div><\/div>\t\t\t\n\t\t\t\n\t\t\t\n\t\t<\/div>\n\n\t\t\t<\/div>\n\t\n<\/article>\n\t\t\t\t<\/div>\n\t\t\t\t\t\t\t\n\t\t\t\t\t\t\t\n\t\t\n\t\t<\/div>\n\n<\/section>\n\t\t\t<\/div>\n\n\t\t<\/section>\n\t\t\t\t<\/div>\n\t\t\t\t<\/div>\n\t\t\t\t\t<\/div>\n\t\t<\/div>\n\t\t\t\t\t<\/div>\n\t\t<\/section>\n\t\t\t\t<section class=\"has-el-gap el-gap-default elementor-section elementor-top-section elementor-element elementor-element-3e4973c4 elementor-section-boxed elementor-section-height-default elementor-section-height-default\" data-id=\"3e4973c4\" data-element_type=\"section\">\n\t\t\t\t\t\t<div class=\"elementor-container elementor-column-gap-no\">\n\t\t\t\t\t<div class=\"elementor-column elementor-col-100 elementor-top-column elementor-element elementor-element-109f7773\" data-id=\"109f7773\" data-element_type=\"column\">\n\t\t\t<div class=\"elementor-widget-wrap elementor-element-populated\">\n\t\t\t\t\t\t<div class=\"elementor-element elementor-element-764c09d elementor-widget__width-inherit elementor-widget elementor-widget-image\" data-id=\"764c09d\" data-element_type=\"widget\" data-widget_type=\"image.default\">\n\t\t\t\t<div class=\"elementor-widget-container\">\n\t\t\t<style>\/*! elementor - v3.21.0 - 26-05-2024 *\/\n.elementor-widget-image{text-align:center}.elementor-widget-image a{display:inline-block}.elementor-widget-image a img[src$=\".svg\"]{width:48px}.elementor-widget-image img{vertical-align:middle;display:inline-block}<\/style>\t\t\t\t\t\t\t\t\t\t<img decoding=\"async\" width=\"600\" height=\"135\" src=\"https:\/\/vivatatuape.com.br\/app\/wp-content\/uploads\/2025\/06\/PizzariasTopo.png\" class=\"attachment-full size-full wp-image-14649\" alt=\"\" srcset=\"https:\/\/vivatatuape.com.br\/app\/wp-content\/uploads\/2025\/06\/PizzariasTopo.png 600w, https:\/\/vivatatuape.com.br\/app\/wp-content\/uploads\/2025\/06\/PizzariasTopo-300x68.png 300w, https:\/\/vivatatuape.com.br\/app\/wp-content\/uploads\/2025\/06\/PizzariasTopo-150x34.png 150w, https:\/\/vivatatuape.com.br\/app\/wp-content\/uploads\/2025\/06\/PizzariasTopo-450x101.png 450w\" sizes=\"(max-width: 600px) 100vw, 600px\" \/>\t\t\t\t\t\t\t\t\t\t\t\t\t<\/div>\n\t\t\t\t<\/div>\n\t\t\t\t<div class=\"elementor-element elementor-element-70f9d9ad elementor-widget elementor-widget-smartmag-grid\" data-id=\"70f9d9ad\" data-element_type=\"widget\" data-widget_type=\"smartmag-grid.default\">\n\t\t\t\t<div class=\"elementor-widget-container\">\n\t\t\t\t\t<section class=\"block-wrap block-grid block-sc cols-gap-sm mb-none\" data-id=\"2\">\n\n\t\t\t\t\n\t\t\t<div class=\"block-content\">\n\t\t\t\t\t\n\t<div class=\"loop loop-grid loop-grid-card grid grid-3 md:grid-2 xs:grid-1\">\n\n\t\t\t\t\t\n<article class=\"l-post grid-post grid-card-post\">\n\n\t\n\t\t\t<div class=\"media\">\n\n\t\t\n\t\t\t<a href=\"https:\/\/vivatatuape.com.br\/app\/2024\/07\/20\/camelo-pizzaria-tatuape\/\" class=\"image-link media-ratio ratio-3-2\" title=\"Camelo Pizzaria Tatuap\u00e9\"><img decoding=\"async\" width=\"377\" height=\"251\" src=\"https:\/\/vivatatuape.com.br\/app\/wp-content\/uploads\/2024\/07\/Fachada2-Copia-450x253.jpg\" class=\"attachment-bunyad-medium size-bunyad-medium wp-post-image\" alt=\"\" sizes=\"(max-width: 377px) 100vw, 377px\" title=\"Camelo Pizzaria Tatuap\u00e9\" srcset=\"https:\/\/vivatatuape.com.br\/app\/wp-content\/uploads\/2024\/07\/Fachada2-Copia-450x253.jpg 450w, https:\/\/vivatatuape.com.br\/app\/wp-content\/uploads\/2024\/07\/Fachada2-Copia-600x338.jpg 600w, https:\/\/vivatatuape.com.br\/app\/wp-content\/uploads\/2024\/07\/Fachada2-Copia-1024x576.jpg 1024w, https:\/\/vivatatuape.com.br\/app\/wp-content\/uploads\/2024\/07\/Fachada2-Copia-768x432.jpg 768w, https:\/\/vivatatuape.com.br\/app\/wp-content\/uploads\/2024\/07\/Fachada2-Copia-1536x864.jpg 1536w, https:\/\/vivatatuape.com.br\/app\/wp-content\/uploads\/2024\/07\/Fachada2-Copia-1200x675.jpg 1200w, https:\/\/vivatatuape.com.br\/app\/wp-content\/uploads\/2024\/07\/Fachada2-Copia.jpg 1608w\" \/><\/a>\t\t\t\n\t\t\t\n\t\t\t\n\t\t\t\t\t\t\t\n\t\t\t\t<span class=\"cat-labels cat-labels-overlay c-overlay p-bot-left\">\n\t\t\t\t<a href=\"https:\/\/vivatatuape.com.br\/app\/category\/destaques\/\" class=\"category term-color-117\" rel=\"category\">Destaques<\/a>\n\t\t\t<\/span>\n\t\t\t\t\t\t\n\t\t\t\n\t\t\n\t\t<\/div>\n\t\n\n\t\n\t\t<div class=\"content\">\n\n\t\t\t<div class=\"post-meta post-meta-a\"><h2 class=\"is-title post-title limit-lines l-lines-3\"><a href=\"https:\/\/vivatatuape.com.br\/app\/2024\/07\/20\/camelo-pizzaria-tatuape\/\">Camelo Pizzaria Tatuap\u00e9<\/a><\/h2><\/div>\t\t\t\n\t\t\t\t\t\t\n\t\t\t\t<div class=\"excerpt\">\n\t\t\t\t\t<p>A pizzaria Camelo \u00e9 conhecida por sua massa fina e pela variedade de sabores, que&hellip;<\/p>\n\t\t\t\t<\/div>\n\t\t\t\n\t\t\t\n\t\t\t\n\t\t<\/div>\n\n\t\n<\/article>\t\t\t\t\t\n<article class=\"l-post grid-post grid-card-post\">\n\n\t\n\t\t\t<div class=\"media\">\n\n\t\t\n\t\t\t<a href=\"https:\/\/vivatatuape.com.br\/app\/2024\/07\/20\/pizzaria-fellice-tatuape\/\" class=\"image-link media-ratio ratio-3-2\" title=\"Pizzaria Fellice Tatuap\u00e9\"><img loading=\"lazy\" decoding=\"async\" width=\"377\" height=\"251\" src=\"https:\/\/vivatatuape.com.br\/app\/wp-content\/uploads\/2024\/07\/20240719_175801-EDIT-450x253.jpg\" class=\"attachment-bunyad-medium size-bunyad-medium wp-post-image\" alt=\"\" sizes=\"(max-width: 377px) 100vw, 377px\" title=\"Pizzaria Fellice Tatuap\u00e9\" srcset=\"https:\/\/vivatatuape.com.br\/app\/wp-content\/uploads\/2024\/07\/20240719_175801-EDIT-450x253.jpg 450w, https:\/\/vivatatuape.com.br\/app\/wp-content\/uploads\/2024\/07\/20240719_175801-EDIT-600x338.jpg 600w, https:\/\/vivatatuape.com.br\/app\/wp-content\/uploads\/2024\/07\/20240719_175801-EDIT-1024x576.jpg 1024w, https:\/\/vivatatuape.com.br\/app\/wp-content\/uploads\/2024\/07\/20240719_175801-EDIT-768x432.jpg 768w, https:\/\/vivatatuape.com.br\/app\/wp-content\/uploads\/2024\/07\/20240719_175801-EDIT-1536x864.jpg 1536w, https:\/\/vivatatuape.com.br\/app\/wp-content\/uploads\/2024\/07\/20240719_175801-EDIT-1200x675.jpg 1200w, https:\/\/vivatatuape.com.br\/app\/wp-content\/uploads\/2024\/07\/20240719_175801-EDIT.jpg 1608w\" \/><\/a>\t\t\t\n\t\t\t\n\t\t\t\n\t\t\t\t\t\t\t\n\t\t\t\t<span class=\"cat-labels cat-labels-overlay c-overlay p-bot-left\">\n\t\t\t\t<a href=\"https:\/\/vivatatuape.com.br\/app\/category\/comer-no-tatuape\/\" class=\"category term-color-9\" rel=\"category\">Comer no Tatuape<\/a>\n\t\t\t<\/span>\n\t\t\t\t\t\t\n\t\t\t\n\t\t\n\t\t<\/div>\n\t\n\n\t\n\t\t<div class=\"content\">\n\n\t\t\t<div class=\"post-meta post-meta-a\"><h2 class=\"is-title post-title limit-lines l-lines-3\"><a href=\"https:\/\/vivatatuape.com.br\/app\/2024\/07\/20\/pizzaria-fellice-tatuape\/\">Pizzaria Fellice Tatuap\u00e9<\/a><\/h2><\/div>\t\t\t\n\t\t\t\t\t\t\n\t\t\t\t<div class=\"excerpt\">\n\t\t\t\t\t<p>\u00c9 dif\u00edcil encontrar quem n\u00e3o goste de pizza. Individuais, fam\u00edlia, redondas, quadradas, para comer com&hellip;<\/p>\n\t\t\t\t<\/div>\n\t\t\t\n\t\t\t\n\t\t\t\n\t\t<\/div>\n\n\t\n<\/article>\t\t\t\t\t\n<article class=\"l-post grid-post grid-card-post\">\n\n\t\n\t\t\t<div class=\"media\">\n\n\t\t\n\t\t\t<a href=\"https:\/\/vivatatuape.com.br\/app\/2024\/08\/29\/pizzaria-valentina\/\" class=\"image-link media-ratio ratio-3-2\" title=\"Pizzaria Valentina\"><img loading=\"lazy\" decoding=\"async\" width=\"377\" height=\"251\" src=\"https:\/\/vivatatuape.com.br\/app\/wp-content\/uploads\/2024\/08\/Valentina-1-450x254.webp\" class=\"attachment-bunyad-medium size-bunyad-medium wp-post-image\" alt=\"\" sizes=\"(max-width: 377px) 100vw, 377px\" title=\"Pizzaria Valentina\" srcset=\"https:\/\/vivatatuape.com.br\/app\/wp-content\/uploads\/2024\/08\/Valentina-1-450x254.webp 450w, https:\/\/vivatatuape.com.br\/app\/wp-content\/uploads\/2024\/08\/Valentina-1-600x338.webp 600w, https:\/\/vivatatuape.com.br\/app\/wp-content\/uploads\/2024\/08\/Valentina-1-1024x578.webp 1024w, https:\/\/vivatatuape.com.br\/app\/wp-content\/uploads\/2024\/08\/Valentina-1-768x433.webp 768w, https:\/\/vivatatuape.com.br\/app\/wp-content\/uploads\/2024\/08\/Valentina-1-1536x866.webp 1536w, https:\/\/vivatatuape.com.br\/app\/wp-content\/uploads\/2024\/08\/Valentina-1-1200x677.webp 1200w, https:\/\/vivatatuape.com.br\/app\/wp-content\/uploads\/2024\/08\/Valentina-1.webp 1704w\" \/><\/a>\t\t\t\n\t\t\t\n\t\t\t\n\t\t\t\t\t\t\t\n\t\t\t\t<span class=\"cat-labels cat-labels-overlay c-overlay p-bot-left\">\n\t\t\t\t<a href=\"https:\/\/vivatatuape.com.br\/app\/category\/pizzarias\/\" class=\"category term-color-116\" rel=\"category\">Pizzarias<\/a>\n\t\t\t<\/span>\n\t\t\t\t\t\t\n\t\t\t\n\t\t\n\t\t<\/div>\n\t\n\n\t\n\t\t<div class=\"content\">\n\n\t\t\t<div class=\"post-meta post-meta-a\"><h2 class=\"is-title post-title limit-lines l-lines-3\"><a href=\"https:\/\/vivatatuape.com.br\/app\/2024\/08\/29\/pizzaria-valentina\/\">Pizzaria Valentina<\/a><\/h2><\/div>\t\t\t\n\t\t\t\t\t\t\n\t\t\t\t<div class=\"excerpt\">\n\t\t\t\t\t<p>A cl\u00e1ssica Pizzaria Valentina est\u00e1 de volta agora em uma nova casa, na Rua Francisco&hellip;<\/p>\n\t\t\t\t<\/div>\n\t\t\t\n\t\t\t\n\t\t\t\n\t\t<\/div>\n\n\t\n<\/article>\t\t\n\t<\/div>\n\n\t\t\n\t\t\t<\/div>\n\n\t\t<\/section>\n\t\t\t\t<\/div>\n\t\t\t\t<\/div>\n\t\t\t\t\t<\/div>\n\t\t<\/div>\n\t\t\t\t\t<\/div>\n\t\t<\/section>\n\t\t\t\t<\/div>\n\t\t","protected":false},"excerpt":{"rendered":"<p>Pizzarias Pizzaria Villagio appvivatatuape1 de outubro de 2024 Destaques Camelo Pizzaria Tatuap\u00e9 A pizzaria Camelo \u00e9 conhecida por sua massa fina e pela variedade de sabores, que&hellip; Pizzarias Br\u00e0z Pizzaria Na Br\u00e1z, tudo \u00e9 pensado para que voc\u00ea tenha a melhor e mais aut\u00eantica experi\u00eancia&hellip; Comer no Tatuape Pizzaria Fellice Tatuap\u00e9 \u00c9 dif\u00edcil encontrar quem<\/p>\n","protected":false},"author":1,"featured_media":4064,"parent":0,"menu_order":0,"comment_status":"closed","ping_status":"closed","template":"page-templates\/no-wrapper.php","meta":{"footnotes":""},"class_list":["post-4058","page","type-page","status-publish","has-post-thumbnail"],"yoast_head":"<!-- This site is optimized with the Yoast SEO plugin v25.4 - https:\/\/yoast.com\/wordpress\/plugins\/seo\/ -->\n<title>Pizzarias - appvivatatuap\u00e9<\/title>\n<meta name=\"description\" content=\"Encontra as melhores pizzarias do Tatuap\u00e9 no App VivaTatuap\u00e9. Confira os melhores lugares para voc\u00ea comer uma pizza deliciosa no Tatuap\u00e9.\" \/>\n<meta name=\"robots\" content=\"index, follow, max-snippet:-1, max-image-preview:large, max-video-preview:-1\" \/>\n<link rel=\"canonical\" href=\"https:\/\/vivatatuape.com.br\/app\/pizzarias\/\" \/>\n<meta property=\"og:locale\" content=\"pt_BR\" \/>\n<meta property=\"og:type\" content=\"article\" \/>\n<meta property=\"og:title\" content=\"Pizzarias - appvivatatuap\u00e9\" \/>\n<meta property=\"og:description\" content=\"Encontra as melhores pizzarias do Tatuap\u00e9 no App VivaTatuap\u00e9. Confira os melhores lugares para voc\u00ea comer uma pizza deliciosa no Tatuap\u00e9.\" \/>\n<meta property=\"og:url\" content=\"https:\/\/vivatatuape.com.br\/app\/pizzarias\/\" \/>\n<meta property=\"og:site_name\" content=\"appvivatatuap\u00e9\" \/>\n<meta property=\"article:publisher\" content=\"https:\/\/facebook.com\/appvivatatuape\" \/>\n<meta property=\"article:modified_time\" content=\"2025-06-03T17:05:25+00:00\" \/>\n<meta property=\"og:image\" content=\"http:\/\/vivatatuape.com.br\/app\/wp-content\/uploads\/2024\/08\/20240718_205243-2.jpg\" \/>\n\t<meta property=\"og:image:width\" content=\"2252\" \/>\n\t<meta property=\"og:image:height\" content=\"1265\" \/>\n\t<meta property=\"og:image:type\" content=\"image\/jpeg\" \/>\n<meta name=\"twitter:card\" content=\"summary_large_image\" \/>\n<meta name=\"twitter:label1\" content=\"Est. tempo de leitura\" \/>\n\t<meta name=\"twitter:data1\" content=\"2 minutos\" \/>\n<script type=\"application\/ld+json\" class=\"yoast-schema-graph\">{\"@context\":\"https:\/\/schema.org\",\"@graph\":[{\"@type\":\"WebPage\",\"@id\":\"https:\/\/vivatatuape.com.br\/app\/pizzarias\/\",\"url\":\"https:\/\/vivatatuape.com.br\/app\/pizzarias\/\",\"name\":\"Pizzarias - appvivatatuap\u00e9\",\"isPartOf\":{\"@id\":\"https:\/\/vivatatuape.com.br\/app\/#website\"},\"primaryImageOfPage\":{\"@id\":\"https:\/\/vivatatuape.com.br\/app\/pizzarias\/#primaryimage\"},\"image\":{\"@id\":\"https:\/\/vivatatuape.com.br\/app\/pizzarias\/#primaryimage\"},\"thumbnailUrl\":\"https:\/\/vivatatuape.com.br\/app\/wp-content\/uploads\/2024\/08\/20240718_205243-2.jpg\",\"datePublished\":\"2024-08-26T17:51:27+00:00\",\"dateModified\":\"2025-06-03T17:05:25+00:00\",\"description\":\"Encontra as melhores pizzarias do Tatuap\u00e9 no App VivaTatuap\u00e9. Confira os melhores lugares para voc\u00ea comer uma pizza deliciosa no Tatuap\u00e9.\",\"breadcrumb\":{\"@id\":\"https:\/\/vivatatuape.com.br\/app\/pizzarias\/#breadcrumb\"},\"inLanguage\":\"pt-BR\",\"potentialAction\":[{\"@type\":\"ReadAction\",\"target\":[\"https:\/\/vivatatuape.com.br\/app\/pizzarias\/\"]}]},{\"@type\":\"ImageObject\",\"inLanguage\":\"pt-BR\",\"@id\":\"https:\/\/vivatatuape.com.br\/app\/pizzarias\/#primaryimage\",\"url\":\"https:\/\/vivatatuape.com.br\/app\/wp-content\/uploads\/2024\/08\/20240718_205243-2.jpg\",\"contentUrl\":\"https:\/\/vivatatuape.com.br\/app\/wp-content\/uploads\/2024\/08\/20240718_205243-2.jpg\",\"width\":2252,\"height\":1265},{\"@type\":\"BreadcrumbList\",\"@id\":\"https:\/\/vivatatuape.com.br\/app\/pizzarias\/#breadcrumb\",\"itemListElement\":[{\"@type\":\"ListItem\",\"position\":1,\"name\":\"In\u00edcio\",\"item\":\"https:\/\/vivatatuape.com.br\/app\/\"},{\"@type\":\"ListItem\",\"position\":2,\"name\":\"Pizzarias\"}]},{\"@type\":\"WebSite\",\"@id\":\"https:\/\/vivatatuape.com.br\/app\/#website\",\"url\":\"https:\/\/vivatatuape.com.br\/app\/\",\"name\":\"Cadastro App Viva Tatuap\u00e9\",\"description\":\"App VivaTatuap\u00e9 - O Tatuap\u00e9 na Palma da sua M\u00e3o\",\"potentialAction\":[{\"@type\":\"SearchAction\",\"target\":{\"@type\":\"EntryPoint\",\"urlTemplate\":\"https:\/\/vivatatuape.com.br\/app\/?s={search_term_string}\"},\"query-input\":{\"@type\":\"PropertyValueSpecification\",\"valueRequired\":true,\"valueName\":\"search_term_string\"}}],\"inLanguage\":\"pt-BR\"}]}<\/script>\n<!-- \/ Yoast SEO plugin. -->","yoast_head_json":{"title":"Pizzarias - appvivatatuap\u00e9","description":"Encontra as melhores pizzarias do Tatuap\u00e9 no App VivaTatuap\u00e9. Confira os melhores lugares para voc\u00ea comer uma pizza deliciosa no Tatuap\u00e9.","robots":{"index":"index","follow":"follow","max-snippet":"max-snippet:-1","max-image-preview":"max-image-preview:large","max-video-preview":"max-video-preview:-1"},"canonical":"https:\/\/vivatatuape.com.br\/app\/pizzarias\/","og_locale":"pt_BR","og_type":"article","og_title":"Pizzarias - appvivatatuap\u00e9","og_description":"Encontra as melhores pizzarias do Tatuap\u00e9 no App VivaTatuap\u00e9. Confira os melhores lugares para voc\u00ea comer uma pizza deliciosa no Tatuap\u00e9.","og_url":"https:\/\/vivatatuape.com.br\/app\/pizzarias\/","og_site_name":"appvivatatuap\u00e9","article_publisher":"https:\/\/facebook.com\/appvivatatuape","article_modified_time":"2025-06-03T17:05:25+00:00","og_image":[{"width":2252,"height":1265,"url":"http:\/\/vivatatuape.com.br\/app\/wp-content\/uploads\/2024\/08\/20240718_205243-2.jpg","type":"image\/jpeg"}],"twitter_card":"summary_large_image","twitter_misc":{"Est. tempo de leitura":"2 minutos"},"schema":{"@context":"https:\/\/schema.org","@graph":[{"@type":"WebPage","@id":"https:\/\/vivatatuape.com.br\/app\/pizzarias\/","url":"https:\/\/vivatatuape.com.br\/app\/pizzarias\/","name":"Pizzarias - appvivatatuap\u00e9","isPartOf":{"@id":"https:\/\/vivatatuape.com.br\/app\/#website"},"primaryImageOfPage":{"@id":"https:\/\/vivatatuape.com.br\/app\/pizzarias\/#primaryimage"},"image":{"@id":"https:\/\/vivatatuape.com.br\/app\/pizzarias\/#primaryimage"},"thumbnailUrl":"https:\/\/vivatatuape.com.br\/app\/wp-content\/uploads\/2024\/08\/20240718_205243-2.jpg","datePublished":"2024-08-26T17:51:27+00:00","dateModified":"2025-06-03T17:05:25+00:00","description":"Encontra as melhores pizzarias do Tatuap\u00e9 no App VivaTatuap\u00e9. Confira os melhores lugares para voc\u00ea comer uma pizza deliciosa no Tatuap\u00e9.","breadcrumb":{"@id":"https:\/\/vivatatuape.com.br\/app\/pizzarias\/#breadcrumb"},"inLanguage":"pt-BR","potentialAction":[{"@type":"ReadAction","target":["https:\/\/vivatatuape.com.br\/app\/pizzarias\/"]}]},{"@type":"ImageObject","inLanguage":"pt-BR","@id":"https:\/\/vivatatuape.com.br\/app\/pizzarias\/#primaryimage","url":"https:\/\/vivatatuape.com.br\/app\/wp-content\/uploads\/2024\/08\/20240718_205243-2.jpg","contentUrl":"https:\/\/vivatatuape.com.br\/app\/wp-content\/uploads\/2024\/08\/20240718_205243-2.jpg","width":2252,"height":1265},{"@type":"BreadcrumbList","@id":"https:\/\/vivatatuape.com.br\/app\/pizzarias\/#breadcrumb","itemListElement":[{"@type":"ListItem","position":1,"name":"In\u00edcio","item":"https:\/\/vivatatuape.com.br\/app\/"},{"@type":"ListItem","position":2,"name":"Pizzarias"}]},{"@type":"WebSite","@id":"https:\/\/vivatatuape.com.br\/app\/#website","url":"https:\/\/vivatatuape.com.br\/app\/","name":"Cadastro App Viva Tatuap\u00e9","description":"App VivaTatuap\u00e9 - O Tatuap\u00e9 na Palma da sua M\u00e3o","potentialAction":[{"@type":"SearchAction","target":{"@type":"EntryPoint","urlTemplate":"https:\/\/vivatatuape.com.br\/app\/?s={search_term_string}"},"query-input":{"@type":"PropertyValueSpecification","valueRequired":true,"valueName":"search_term_string"}}],"inLanguage":"pt-BR"}]}},"_links":{"self":[{"href":"https:\/\/vivatatuape.com.br\/app\/wp-json\/wp\/v2\/pages\/4058","targetHints":{"allow":["GET"]}}],"collection":[{"href":"https:\/\/vivatatuape.com.br\/app\/wp-json\/wp\/v2\/pages"}],"about":[{"href":"https:\/\/vivatatuape.com.br\/app\/wp-json\/wp\/v2\/types\/page"}],"author":[{"embeddable":true,"href":"https:\/\/vivatatuape.com.br\/app\/wp-json\/wp\/v2\/users\/1"}],"replies":[{"embeddable":true,"href":"https:\/\/vivatatuape.com.br\/app\/wp-json\/wp\/v2\/comments?post=4058"}],"version-history":[{"count":7,"href":"https:\/\/vivatatuape.com.br\/app\/wp-json\/wp\/v2\/pages\/4058\/revisions"}],"predecessor-version":[{"id":14652,"href":"https:\/\/vivatatuape.com.br\/app\/wp-json\/wp\/v2\/pages\/4058\/revisions\/14652"}],"wp:featuredmedia":[{"embeddable":true,"href":"https:\/\/vivatatuape.com.br\/app\/wp-json\/wp\/v2\/media\/4064"}],"wp:attachment":[{"href":"https:\/\/vivatatuape.com.br\/app\/wp-json\/wp\/v2\/media?parent=4058"}],"curies":[{"name":"wp","href":"https:\/\/api.w.org\/{rel}","templated":true}]}}