{"id":4066,"date":"2024-08-26T15:00:06","date_gmt":"2024-08-26T18:00:06","guid":{"rendered":"https:\/\/vivatatuape.com.br\/app\/?page_id=4066"},"modified":"2025-06-03T14:51:55","modified_gmt":"2025-06-03T17:51:55","slug":"japones","status":"publish","type":"page","link":"https:\/\/vivatatuape.com.br\/app\/japones\/","title":{"rendered":"Japon\u00eas"},"content":{"rendered":"\t\t<div data-elementor-type=\"wp-page\" data-elementor-id=\"4066\" class=\"elementor elementor-4066\">\n\t\t\t\t\t\t<section class=\"has-el-gap el-gap-default elementor-section elementor-top-section elementor-element elementor-element-31215a05 elementor-section-full_width is-full-xs elementor-section-height-default elementor-section-height-default\" data-id=\"31215a05\" data-element_type=\"section\">\n\t\t\t\t\t\t<div class=\"elementor-container elementor-column-gap-no\">\n\t\t\t\t\t<div class=\"elementor-column elementor-col-100 elementor-top-column elementor-element elementor-element-4c490fe9\" data-id=\"4c490fe9\" data-element_type=\"column\">\n\t\t\t<div class=\"elementor-widget-wrap elementor-element-populated\">\n\t\t\t\t\t\t<div class=\"elementor-element elementor-element-33e6f15a elementor-widget elementor-widget-smartmag-featgrid\" data-id=\"33e6f15a\" data-element_type=\"widget\" data-widget_type=\"smartmag-featgrid.default\">\n\t\t\t\t<div class=\"elementor-widget-container\">\n\t\t\t\t\t<section class=\"block-wrap block-feat-grid block-sc mb-none\" data-id=\"1\">\n\n\t\t\t\t\n\t\t\t<div class=\"block-content\">\n\t\t\t\t\t\n<section class=\"feat-grid feat-grid-eq1 static feat-grid-full feat-grid-eq1-full feat-grid-height feat-grid-equals\">\n\n\t<div class=\"slides\" data-parallax>\n\t\n\t\n\t\t\t\t\t\n\t\t\t\t\t\t\t\n\t\t\t\t<div class=\"item item-main item-large item-1 pos-center pos-bot\">\n\n\t\t\t\t\t\n<article class=\"l-post grid-overlay grid-overlay-a hover-zoom\">\n\n\t\n\t\t\t<div class=\"media\">\n\n\t\t\n\t\t\t<a href=\"https:\/\/vivatatuape.com.br\/app\/2025\/06\/30\/jappa-da-quitanda-inaugura-nova-unidade-no-shopping-analia-franco-com-sabores-exclusivos-e-experiencia-premium\/\" class=\"image-link\" title=\"Jappa da Quitanda inaugura nova unidade no Shopping An\u00e1lia Franco com sabores exclusivos e experi\u00eancia premium\"><img fetchpriority=\"high\" decoding=\"async\" width=\"788\" height=\"444\" src=\"https:\/\/vivatatuape.com.br\/app\/wp-content\/uploads\/2025\/06\/Imagem-do-WhatsApp-de-2025-06-26-as-23.33.56_c6acae10-1024x577.jpg\" class=\"attachment-large size-large wp-post-image\" alt=\"\" sizes=\"(max-width: 1920px) 100vw, 1920px\" title=\"Jappa da Quitanda inaugura nova unidade no Shopping An\u00e1lia Franco com sabores exclusivos e experi\u00eancia premium\" srcset=\"https:\/\/vivatatuape.com.br\/app\/wp-content\/uploads\/2025\/06\/Imagem-do-WhatsApp-de-2025-06-26-as-23.33.56_c6acae10-1024x577.jpg 1024w, https:\/\/vivatatuape.com.br\/app\/wp-content\/uploads\/2025\/06\/Imagem-do-WhatsApp-de-2025-06-26-as-23.33.56_c6acae10-scaled-600x338.jpg 600w, https:\/\/vivatatuape.com.br\/app\/wp-content\/uploads\/2025\/06\/Imagem-do-WhatsApp-de-2025-06-26-as-23.33.56_c6acae10-300x169.jpg 300w, https:\/\/vivatatuape.com.br\/app\/wp-content\/uploads\/2025\/06\/Imagem-do-WhatsApp-de-2025-06-26-as-23.33.56_c6acae10-768x432.jpg 768w, https:\/\/vivatatuape.com.br\/app\/wp-content\/uploads\/2025\/06\/Imagem-do-WhatsApp-de-2025-06-26-as-23.33.56_c6acae10-1536x865.jpg 1536w, https:\/\/vivatatuape.com.br\/app\/wp-content\/uploads\/2025\/06\/Imagem-do-WhatsApp-de-2025-06-26-as-23.33.56_c6acae10-2048x1153.jpg 2048w, https:\/\/vivatatuape.com.br\/app\/wp-content\/uploads\/2025\/06\/Imagem-do-WhatsApp-de-2025-06-26-as-23.33.56_c6acae10-150x84.jpg 150w, https:\/\/vivatatuape.com.br\/app\/wp-content\/uploads\/2025\/06\/Imagem-do-WhatsApp-de-2025-06-26-as-23.33.56_c6acae10-450x253.jpg 450w, https:\/\/vivatatuape.com.br\/app\/wp-content\/uploads\/2025\/06\/Imagem-do-WhatsApp-de-2025-06-26-as-23.33.56_c6acae10-1200x676.jpg 1200w\" \/><\/a>\t\t\t\n\t\t\t\n\t\t\t\n\t\t\t\n\t\t\n\t\t<\/div>\n\t\n\n\t\t\t<div class=\"content-wrap\">\n\t\n\t\t<div class=\"content\">\n\n\t\t\t<div class=\"post-meta post-meta-a meta-contrast has-below\"><div class=\"post-meta-items meta-above\"><span class=\"meta-item cat-labels\">\n\t\t\t\t\t\t\n\t\t\t\t\t\t<a href=\"https:\/\/vivatatuape.com.br\/app\/category\/comer-no-tatuape\/\" class=\"category term-color-9\" rel=\"category\">Comer no Tatuape<\/a>\n\t\t\t\t\t<\/span>\n\t\t\t\t\t<\/div><h2 class=\"is-title post-title\"><a href=\"https:\/\/vivatatuape.com.br\/app\/2025\/06\/30\/jappa-da-quitanda-inaugura-nova-unidade-no-shopping-analia-franco-com-sabores-exclusivos-e-experiencia-premium\/\">Jappa da Quitanda inaugura nova unidade no Shopping An\u00e1lia Franco com sabores exclusivos e experi\u00eancia premium<\/a><\/h2><div class=\"post-meta-items meta-below\"><span class=\"meta-item post-author\"><a href=\"https:\/\/vivatatuape.com.br\/app\/author\/appvivatatuape\/\" title=\"Posts de appvivatatuape\" rel=\"author\">appvivatatuape<\/a><\/span><span class=\"meta-item date\"><span class=\"date-link\"><time class=\"post-date\" datetime=\"2025-06-30T15:02:33-03:00\">30 de junho de 2025<\/time><\/span><\/span><\/div><\/div>\t\t\t\n\t\t\t\n\t\t\t\n\t\t<\/div>\n\n\t\t\t<\/div>\n\t\n<\/article>\n\t\t\t\t<\/div>\n\t\t\t\t\t\t\t\n\t\t\t\t\t\t\t\n\t\t\n\t\t<\/div>\n\n<\/section>\n\t\t\t<\/div>\n\n\t\t<\/section>\n\t\t\t\t<\/div>\n\t\t\t\t<\/div>\n\t\t\t\t\t<\/div>\n\t\t<\/div>\n\t\t\t\t\t<\/div>\n\t\t<\/section>\n\t\t\t\t<section class=\"has-el-gap el-gap-default elementor-section elementor-top-section elementor-element elementor-element-2d54da11 elementor-section-boxed elementor-section-height-default elementor-section-height-default\" data-id=\"2d54da11\" data-element_type=\"section\">\n\t\t\t\t\t\t<div class=\"elementor-container elementor-column-gap-no\">\n\t\t\t\t\t<div class=\"elementor-column elementor-col-100 elementor-top-column elementor-element elementor-element-2d2cc91f\" data-id=\"2d2cc91f\" data-element_type=\"column\">\n\t\t\t<div class=\"elementor-widget-wrap elementor-element-populated\">\n\t\t\t\t\t\t<div class=\"elementor-element elementor-element-43b64713 elementor-widget__width-inherit elementor-widget elementor-widget-image\" data-id=\"43b64713\" data-element_type=\"widget\" data-widget_type=\"image.default\">\n\t\t\t\t<div class=\"elementor-widget-container\">\n\t\t\t<style>\/*! elementor - v3.21.0 - 26-05-2024 *\/\n.elementor-widget-image{text-align:center}.elementor-widget-image a{display:inline-block}.elementor-widget-image a img[src$=\".svg\"]{width:48px}.elementor-widget-image img{vertical-align:middle;display:inline-block}<\/style>\t\t\t\t\t\t\t\t\t\t<img decoding=\"async\" width=\"600\" height=\"135\" src=\"https:\/\/vivatatuape.com.br\/app\/wp-content\/uploads\/2025\/06\/RestauranteJapones.png\" class=\"attachment-full size-full wp-image-14653\" alt=\"\" srcset=\"https:\/\/vivatatuape.com.br\/app\/wp-content\/uploads\/2025\/06\/RestauranteJapones.png 600w, https:\/\/vivatatuape.com.br\/app\/wp-content\/uploads\/2025\/06\/RestauranteJapones-300x68.png 300w, https:\/\/vivatatuape.com.br\/app\/wp-content\/uploads\/2025\/06\/RestauranteJapones-150x34.png 150w, https:\/\/vivatatuape.com.br\/app\/wp-content\/uploads\/2025\/06\/RestauranteJapones-450x101.png 450w\" sizes=\"(max-width: 600px) 100vw, 600px\" \/>\t\t\t\t\t\t\t\t\t\t\t\t\t<\/div>\n\t\t\t\t<\/div>\n\t\t\t\t<div class=\"elementor-element elementor-element-7685087b elementor-widget elementor-widget-smartmag-grid\" data-id=\"7685087b\" data-element_type=\"widget\" data-widget_type=\"smartmag-grid.default\">\n\t\t\t\t<div class=\"elementor-widget-container\">\n\t\t\t\t\t<section class=\"block-wrap block-grid block-sc cols-gap-sm mb-none\" data-id=\"2\">\n\n\t\t\t\t\n\t\t\t<div class=\"block-content\">\n\t\t\t\t\t\n\t<div class=\"loop loop-grid loop-grid-card grid grid-3 md:grid-2 xs:grid-1\">\n\n\t\t\t\t\t\n<article class=\"l-post grid-post grid-card-post\">\n\n\t\n\t\t\t<div class=\"media\">\n\n\t\t\n\t\t\t<a href=\"https:\/\/vivatatuape.com.br\/app\/2025\/06\/30\/jappa-da-quitanda-inaugura-nova-unidade-no-shopping-analia-franco-com-sabores-exclusivos-e-experiencia-premium\/\" class=\"image-link media-ratio ratio-3-2\" title=\"Jappa da Quitanda inaugura nova unidade no Shopping An\u00e1lia Franco com sabores exclusivos e experi\u00eancia premium\"><img decoding=\"async\" width=\"377\" height=\"251\" src=\"https:\/\/vivatatuape.com.br\/app\/wp-content\/uploads\/2025\/06\/Imagem-do-WhatsApp-de-2025-06-26-as-23.33.56_c6acae10-450x253.jpg\" class=\"attachment-bunyad-medium size-bunyad-medium wp-post-image\" alt=\"\" sizes=\"(max-width: 377px) 100vw, 377px\" title=\"Jappa da Quitanda inaugura nova unidade no Shopping An\u00e1lia Franco com sabores exclusivos e experi\u00eancia premium\" srcset=\"https:\/\/vivatatuape.com.br\/app\/wp-content\/uploads\/2025\/06\/Imagem-do-WhatsApp-de-2025-06-26-as-23.33.56_c6acae10-450x253.jpg 450w, https:\/\/vivatatuape.com.br\/app\/wp-content\/uploads\/2025\/06\/Imagem-do-WhatsApp-de-2025-06-26-as-23.33.56_c6acae10-scaled-600x338.jpg 600w, https:\/\/vivatatuape.com.br\/app\/wp-content\/uploads\/2025\/06\/Imagem-do-WhatsApp-de-2025-06-26-as-23.33.56_c6acae10-1024x577.jpg 1024w, https:\/\/vivatatuape.com.br\/app\/wp-content\/uploads\/2025\/06\/Imagem-do-WhatsApp-de-2025-06-26-as-23.33.56_c6acae10-768x432.jpg 768w, https:\/\/vivatatuape.com.br\/app\/wp-content\/uploads\/2025\/06\/Imagem-do-WhatsApp-de-2025-06-26-as-23.33.56_c6acae10-1536x865.jpg 1536w, https:\/\/vivatatuape.com.br\/app\/wp-content\/uploads\/2025\/06\/Imagem-do-WhatsApp-de-2025-06-26-as-23.33.56_c6acae10-2048x1153.jpg 2048w, https:\/\/vivatatuape.com.br\/app\/wp-content\/uploads\/2025\/06\/Imagem-do-WhatsApp-de-2025-06-26-as-23.33.56_c6acae10-1200x676.jpg 1200w\" \/><\/a>\t\t\t\n\t\t\t\n\t\t\t\n\t\t\t\t\t\t\t\n\t\t\t\t<span class=\"cat-labels cat-labels-overlay c-overlay p-bot-left\">\n\t\t\t\t<a href=\"https:\/\/vivatatuape.com.br\/app\/category\/comer-no-tatuape\/\" class=\"category term-color-9\" rel=\"category\">Comer no Tatuape<\/a>\n\t\t\t<\/span>\n\t\t\t\t\t\t\n\t\t\t\n\t\t\n\t\t<\/div>\n\t\n\n\t\n\t\t<div class=\"content\">\n\n\t\t\t<div class=\"post-meta post-meta-a\"><h2 class=\"is-title post-title limit-lines l-lines-3\"><a href=\"https:\/\/vivatatuape.com.br\/app\/2025\/06\/30\/jappa-da-quitanda-inaugura-nova-unidade-no-shopping-analia-franco-com-sabores-exclusivos-e-experiencia-premium\/\">Jappa da Quitanda inaugura nova unidade no Shopping An\u00e1lia Franco com sabores exclusivos e experi\u00eancia premium<\/a><\/h2><\/div>\t\t\t\n\t\t\t\t\t\t\n\t\t\t\t<div class=\"excerpt\">\n\t\t\t\t\t<p>O aclamado restaurante japon\u00eas *Jappa da Quitanda*, nascido no cora\u00e7\u00e3o do Rio de Janeiro, acaba&hellip;<\/p>\n\t\t\t\t<\/div>\n\t\t\t\n\t\t\t\n\t\t\t\n\t\t<\/div>\n\n\t\n<\/article>\t\t\t\t\t\n<article class=\"l-post grid-post grid-card-post\">\n\n\t\n\t\t\t<div class=\"media\">\n\n\t\t\n\t\t\t<a href=\"https:\/\/vivatatuape.com.br\/app\/2024\/08\/13\/nahoe-sushi\/\" class=\"image-link media-ratio ratio-3-2\" title=\"Nahoe Sushi\"><img loading=\"lazy\" decoding=\"async\" width=\"377\" height=\"251\" src=\"https:\/\/vivatatuape.com.br\/app\/wp-content\/uploads\/2024\/07\/20240808_211625-450x253.jpg\" class=\"attachment-bunyad-medium size-bunyad-medium wp-post-image\" alt=\"\" sizes=\"(max-width: 377px) 100vw, 377px\" title=\"Nahoe Sushi\" srcset=\"https:\/\/vivatatuape.com.br\/app\/wp-content\/uploads\/2024\/07\/20240808_211625-450x253.jpg 450w, https:\/\/vivatatuape.com.br\/app\/wp-content\/uploads\/2024\/07\/20240808_211625-600x338.jpg 600w, https:\/\/vivatatuape.com.br\/app\/wp-content\/uploads\/2024\/07\/20240808_211625-1024x576.jpg 1024w, https:\/\/vivatatuape.com.br\/app\/wp-content\/uploads\/2024\/07\/20240808_211625-768x432.jpg 768w, https:\/\/vivatatuape.com.br\/app\/wp-content\/uploads\/2024\/07\/20240808_211625-1536x864.jpg 1536w, https:\/\/vivatatuape.com.br\/app\/wp-content\/uploads\/2024\/07\/20240808_211625-1200x675.jpg 1200w, https:\/\/vivatatuape.com.br\/app\/wp-content\/uploads\/2024\/07\/20240808_211625.jpg 1608w\" \/><\/a>\t\t\t\n\t\t\t\n\t\t\t\n\t\t\t\t\t\t\t\n\t\t\t\t<span class=\"cat-labels cat-labels-overlay c-overlay p-bot-left\">\n\t\t\t\t<a href=\"https:\/\/vivatatuape.com.br\/app\/category\/comer-no-tatuape\/\" class=\"category term-color-9\" rel=\"category\">Comer no Tatuape<\/a>\n\t\t\t<\/span>\n\t\t\t\t\t\t\n\t\t\t\n\t\t\n\t\t<\/div>\n\t\n\n\t\n\t\t<div class=\"content\">\n\n\t\t\t<div class=\"post-meta post-meta-a\"><h2 class=\"is-title post-title limit-lines l-lines-3\"><a href=\"https:\/\/vivatatuape.com.br\/app\/2024\/08\/13\/nahoe-sushi\/\">Nahoe Sushi<\/a><\/h2><\/div>\t\t\t\n\t\t\t\t\t\t\n\t\t\t\t<div class=\"excerpt\">\n\t\t\t\t\t<p>O Nahoe Sushi, com mais de 15 anos de hist\u00f3ria, \u00e9 um dos melhores restaurantes&hellip;<\/p>\n\t\t\t\t<\/div>\n\t\t\t\n\t\t\t\n\t\t\t\n\t\t<\/div>\n\n\t\n<\/article>\t\t\t\t\t\n<article class=\"l-post grid-post grid-card-post\">\n\n\t\n\t\t\t<div class=\"media\">\n\n\t\t\n\t\t\t<a href=\"https:\/\/vivatatuape.com.br\/app\/2025\/01\/28\/ikeda-sushi-tatuape\/\" class=\"image-link media-ratio ratio-3-2\" title=\"Ikeda Sushi Tatuap\u00e9\"><img loading=\"lazy\" decoding=\"async\" width=\"377\" height=\"251\" src=\"https:\/\/vivatatuape.com.br\/app\/wp-content\/uploads\/2025\/01\/20250122_191942-450x253.jpg\" class=\"attachment-bunyad-medium size-bunyad-medium wp-post-image\" alt=\"\" sizes=\"(max-width: 377px) 100vw, 377px\" title=\"Ikeda Sushi Tatuap\u00e9\" srcset=\"https:\/\/vivatatuape.com.br\/app\/wp-content\/uploads\/2025\/01\/20250122_191942-450x253.jpg 450w, https:\/\/vivatatuape.com.br\/app\/wp-content\/uploads\/2025\/01\/20250122_191942-600x338.jpg 600w, https:\/\/vivatatuape.com.br\/app\/wp-content\/uploads\/2025\/01\/20250122_191942-1024x577.jpg 1024w, https:\/\/vivatatuape.com.br\/app\/wp-content\/uploads\/2025\/01\/20250122_191942-768x433.jpg 768w, https:\/\/vivatatuape.com.br\/app\/wp-content\/uploads\/2025\/01\/20250122_191942-1536x865.jpg 1536w, https:\/\/vivatatuape.com.br\/app\/wp-content\/uploads\/2025\/01\/20250122_191942-1200x676.jpg 1200w, https:\/\/vivatatuape.com.br\/app\/wp-content\/uploads\/2025\/01\/20250122_191942.jpg 1694w\" \/><\/a>\t\t\t\n\t\t\t\n\t\t\t\n\t\t\t\t\t\t\t\n\t\t\t\t<span class=\"cat-labels cat-labels-overlay c-overlay p-bot-left\">\n\t\t\t\t<a href=\"https:\/\/vivatatuape.com.br\/app\/category\/restaurantes\/japones\/\" class=\"category term-color-178\" rel=\"category\">Japones<\/a>\n\t\t\t<\/span>\n\t\t\t\t\t\t\n\t\t\t\n\t\t\n\t\t<\/div>\n\t\n\n\t\n\t\t<div class=\"content\">\n\n\t\t\t<div class=\"post-meta post-meta-a\"><h2 class=\"is-title post-title limit-lines l-lines-3\"><a href=\"https:\/\/vivatatuape.com.br\/app\/2025\/01\/28\/ikeda-sushi-tatuape\/\">Ikeda Sushi Tatuap\u00e9<\/a><\/h2><\/div>\t\t\t\n\t\t\t\t\t\t\n\t\t\t\t<div class=\"excerpt\">\n\t\t\t\t\t<p>Se voc\u00ea gosta da culin\u00e1ria japonesa, voc\u00ea precisa conhecer o Ikeda Sushi Tatuap\u00e9, uma Experi\u00eancia&hellip;<\/p>\n\t\t\t\t<\/div>\n\t\t\t\n\t\t\t\n\t\t\t\n\t\t<\/div>\n\n\t\n<\/article>\t\t\n\t<\/div>\n\n\t\t\n\t\t\t<\/div>\n\n\t\t<\/section>\n\t\t\t\t<\/div>\n\t\t\t\t<\/div>\n\t\t\t\t\t<\/div>\n\t\t<\/div>\n\t\t\t\t\t<\/div>\n\t\t<\/section>\n\t\t\t\t<\/div>\n\t\t","protected":false},"excerpt":{"rendered":"<p>Japones Ikeda Sushi Tatuap\u00e9 appvivatatuape28 de janeiro de 2025 Comer no Tatuape Nahoe Sushi O Nahoe Sushi, com mais de 15 anos de hist\u00f3ria, \u00e9 um dos melhores restaurantes&hellip; Japones Ikeda Sushi Tatuap\u00e9 Se voc\u00ea gosta da culin\u00e1ria japonesa, voc\u00ea precisa conhecer o Ikeda Sushi Tatuap\u00e9, uma Experi\u00eancia&hellip;<\/p>\n","protected":false},"author":1,"featured_media":0,"parent":0,"menu_order":0,"comment_status":"closed","ping_status":"closed","template":"page-templates\/no-wrapper.php","meta":{"footnotes":""},"class_list":["post-4066","page","type-page","status-publish"],"yoast_head":"<!-- This site is optimized with the Yoast SEO plugin v25.4 - https:\/\/yoast.com\/wordpress\/plugins\/seo\/ -->\n<title>Japon\u00eas - appvivatatuap\u00e9<\/title>\n<meta name=\"description\" content=\"Encontre os melhores restaurantes japoneses no App Viva Tatuap\u00e9. Confira a lista com as Diversas op\u00e7\u00f5es de restaurantes japoneses no Tatuap\u00e9.\" \/>\n<meta name=\"robots\" content=\"index, follow, max-snippet:-1, max-image-preview:large, max-video-preview:-1\" \/>\n<link rel=\"canonical\" href=\"https:\/\/vivatatuape.com.br\/app\/japones\/\" \/>\n<meta property=\"og:locale\" content=\"pt_BR\" \/>\n<meta property=\"og:type\" content=\"article\" \/>\n<meta property=\"og:title\" content=\"Japon\u00eas - appvivatatuap\u00e9\" \/>\n<meta property=\"og:description\" content=\"Encontre os melhores restaurantes japoneses no App Viva Tatuap\u00e9. Confira a lista com as Diversas op\u00e7\u00f5es de restaurantes japoneses no Tatuap\u00e9.\" \/>\n<meta property=\"og:url\" content=\"https:\/\/vivatatuape.com.br\/app\/japones\/\" \/>\n<meta property=\"og:site_name\" content=\"appvivatatuap\u00e9\" \/>\n<meta property=\"article:publisher\" content=\"https:\/\/facebook.com\/appvivatatuape\" \/>\n<meta property=\"article:modified_time\" content=\"2025-06-03T17:51:55+00:00\" \/>\n<meta property=\"og:image\" content=\"http:\/\/vivatatuape.com.br\/app\/wp-content\/uploads\/2025\/01\/20250122_191942-1024x577.jpg\" \/>\n<meta name=\"twitter:card\" content=\"summary_large_image\" \/>\n<meta name=\"twitter:label1\" content=\"Est. tempo de leitura\" \/>\n\t<meta name=\"twitter:data1\" content=\"2 minutos\" \/>\n<script type=\"application\/ld+json\" class=\"yoast-schema-graph\">{\"@context\":\"https:\/\/schema.org\",\"@graph\":[{\"@type\":\"WebPage\",\"@id\":\"https:\/\/vivatatuape.com.br\/app\/japones\/\",\"url\":\"https:\/\/vivatatuape.com.br\/app\/japones\/\",\"name\":\"Japon\u00eas - appvivatatuap\u00e9\",\"isPartOf\":{\"@id\":\"https:\/\/vivatatuape.com.br\/app\/#website\"},\"primaryImageOfPage\":{\"@id\":\"https:\/\/vivatatuape.com.br\/app\/japones\/#primaryimage\"},\"image\":{\"@id\":\"https:\/\/vivatatuape.com.br\/app\/japones\/#primaryimage\"},\"thumbnailUrl\":\"http:\/\/vivatatuape.com.br\/app\/wp-content\/uploads\/2025\/01\/20250122_191942-1024x577.jpg\",\"datePublished\":\"2024-08-26T18:00:06+00:00\",\"dateModified\":\"2025-06-03T17:51:55+00:00\",\"description\":\"Encontre os melhores restaurantes japoneses no App Viva Tatuap\u00e9. Confira a lista com as Diversas op\u00e7\u00f5es de restaurantes japoneses no Tatuap\u00e9.\",\"breadcrumb\":{\"@id\":\"https:\/\/vivatatuape.com.br\/app\/japones\/#breadcrumb\"},\"inLanguage\":\"pt-BR\",\"potentialAction\":[{\"@type\":\"ReadAction\",\"target\":[\"https:\/\/vivatatuape.com.br\/app\/japones\/\"]}]},{\"@type\":\"ImageObject\",\"inLanguage\":\"pt-BR\",\"@id\":\"https:\/\/vivatatuape.com.br\/app\/japones\/#primaryimage\",\"url\":\"http:\/\/vivatatuape.com.br\/app\/wp-content\/uploads\/2025\/01\/20250122_191942-1024x577.jpg\",\"contentUrl\":\"http:\/\/vivatatuape.com.br\/app\/wp-content\/uploads\/2025\/01\/20250122_191942-1024x577.jpg\"},{\"@type\":\"BreadcrumbList\",\"@id\":\"https:\/\/vivatatuape.com.br\/app\/japones\/#breadcrumb\",\"itemListElement\":[{\"@type\":\"ListItem\",\"position\":1,\"name\":\"In\u00edcio\",\"item\":\"https:\/\/vivatatuape.com.br\/app\/\"},{\"@type\":\"ListItem\",\"position\":2,\"name\":\"Japon\u00eas\"}]},{\"@type\":\"WebSite\",\"@id\":\"https:\/\/vivatatuape.com.br\/app\/#website\",\"url\":\"https:\/\/vivatatuape.com.br\/app\/\",\"name\":\"Cadastro App Viva Tatuap\u00e9\",\"description\":\"App VivaTatuap\u00e9 - O Tatuap\u00e9 na Palma da sua M\u00e3o\",\"potentialAction\":[{\"@type\":\"SearchAction\",\"target\":{\"@type\":\"EntryPoint\",\"urlTemplate\":\"https:\/\/vivatatuape.com.br\/app\/?s={search_term_string}\"},\"query-input\":{\"@type\":\"PropertyValueSpecification\",\"valueRequired\":true,\"valueName\":\"search_term_string\"}}],\"inLanguage\":\"pt-BR\"}]}<\/script>\n<!-- \/ Yoast SEO plugin. -->","yoast_head_json":{"title":"Japon\u00eas - appvivatatuap\u00e9","description":"Encontre os melhores restaurantes japoneses no App Viva Tatuap\u00e9. Confira a lista com as Diversas op\u00e7\u00f5es de restaurantes japoneses no Tatuap\u00e9.","robots":{"index":"index","follow":"follow","max-snippet":"max-snippet:-1","max-image-preview":"max-image-preview:large","max-video-preview":"max-video-preview:-1"},"canonical":"https:\/\/vivatatuape.com.br\/app\/japones\/","og_locale":"pt_BR","og_type":"article","og_title":"Japon\u00eas - appvivatatuap\u00e9","og_description":"Encontre os melhores restaurantes japoneses no App Viva Tatuap\u00e9. Confira a lista com as Diversas op\u00e7\u00f5es de restaurantes japoneses no Tatuap\u00e9.","og_url":"https:\/\/vivatatuape.com.br\/app\/japones\/","og_site_name":"appvivatatuap\u00e9","article_publisher":"https:\/\/facebook.com\/appvivatatuape","article_modified_time":"2025-06-03T17:51:55+00:00","og_image":[{"url":"http:\/\/vivatatuape.com.br\/app\/wp-content\/uploads\/2025\/01\/20250122_191942-1024x577.jpg","type":"","width":"","height":""}],"twitter_card":"summary_large_image","twitter_misc":{"Est. tempo de leitura":"2 minutos"},"schema":{"@context":"https:\/\/schema.org","@graph":[{"@type":"WebPage","@id":"https:\/\/vivatatuape.com.br\/app\/japones\/","url":"https:\/\/vivatatuape.com.br\/app\/japones\/","name":"Japon\u00eas - appvivatatuap\u00e9","isPartOf":{"@id":"https:\/\/vivatatuape.com.br\/app\/#website"},"primaryImageOfPage":{"@id":"https:\/\/vivatatuape.com.br\/app\/japones\/#primaryimage"},"image":{"@id":"https:\/\/vivatatuape.com.br\/app\/japones\/#primaryimage"},"thumbnailUrl":"http:\/\/vivatatuape.com.br\/app\/wp-content\/uploads\/2025\/01\/20250122_191942-1024x577.jpg","datePublished":"2024-08-26T18:00:06+00:00","dateModified":"2025-06-03T17:51:55+00:00","description":"Encontre os melhores restaurantes japoneses no App Viva Tatuap\u00e9. Confira a lista com as Diversas op\u00e7\u00f5es de restaurantes japoneses no Tatuap\u00e9.","breadcrumb":{"@id":"https:\/\/vivatatuape.com.br\/app\/japones\/#breadcrumb"},"inLanguage":"pt-BR","potentialAction":[{"@type":"ReadAction","target":["https:\/\/vivatatuape.com.br\/app\/japones\/"]}]},{"@type":"ImageObject","inLanguage":"pt-BR","@id":"https:\/\/vivatatuape.com.br\/app\/japones\/#primaryimage","url":"http:\/\/vivatatuape.com.br\/app\/wp-content\/uploads\/2025\/01\/20250122_191942-1024x577.jpg","contentUrl":"http:\/\/vivatatuape.com.br\/app\/wp-content\/uploads\/2025\/01\/20250122_191942-1024x577.jpg"},{"@type":"BreadcrumbList","@id":"https:\/\/vivatatuape.com.br\/app\/japones\/#breadcrumb","itemListElement":[{"@type":"ListItem","position":1,"name":"In\u00edcio","item":"https:\/\/vivatatuape.com.br\/app\/"},{"@type":"ListItem","position":2,"name":"Japon\u00eas"}]},{"@type":"WebSite","@id":"https:\/\/vivatatuape.com.br\/app\/#website","url":"https:\/\/vivatatuape.com.br\/app\/","name":"Cadastro App Viva Tatuap\u00e9","description":"App VivaTatuap\u00e9 - O Tatuap\u00e9 na Palma da sua M\u00e3o","potentialAction":[{"@type":"SearchAction","target":{"@type":"EntryPoint","urlTemplate":"https:\/\/vivatatuape.com.br\/app\/?s={search_term_string}"},"query-input":{"@type":"PropertyValueSpecification","valueRequired":true,"valueName":"search_term_string"}}],"inLanguage":"pt-BR"}]}},"_links":{"self":[{"href":"https:\/\/vivatatuape.com.br\/app\/wp-json\/wp\/v2\/pages\/4066","targetHints":{"allow":["GET"]}}],"collection":[{"href":"https:\/\/vivatatuape.com.br\/app\/wp-json\/wp\/v2\/pages"}],"about":[{"href":"https:\/\/vivatatuape.com.br\/app\/wp-json\/wp\/v2\/types\/page"}],"author":[{"embeddable":true,"href":"https:\/\/vivatatuape.com.br\/app\/wp-json\/wp\/v2\/users\/1"}],"replies":[{"embeddable":true,"href":"https:\/\/vivatatuape.com.br\/app\/wp-json\/wp\/v2\/comments?post=4066"}],"version-history":[{"count":7,"href":"https:\/\/vivatatuape.com.br\/app\/wp-json\/wp\/v2\/pages\/4066\/revisions"}],"predecessor-version":[{"id":14656,"href":"https:\/\/vivatatuape.com.br\/app\/wp-json\/wp\/v2\/pages\/4066\/revisions\/14656"}],"wp:attachment":[{"href":"https:\/\/vivatatuape.com.br\/app\/wp-json\/wp\/v2\/media?parent=4066"}],"curies":[{"name":"wp","href":"https:\/\/api.w.org\/{rel}","templated":true}]}}