{"id":28908,"date":"2020-06-17T19:21:18","date_gmt":"2020-06-17T19:21:18","guid":{"rendered":"http:\/\/vivatatuape.com.br\/portal\/?page_id=28908"},"modified":"2020-06-21T02:07:53","modified_gmt":"2020-06-21T02:07:53","slug":"delivery-no-tatuape","status":"publish","type":"page","link":"https:\/\/vivatatuape.com.br\/portal\/delivery-no-tatuape\/","title":{"rendered":"Delivery no Tatuap\u00e9"},"content":{"rendered":"<p><img decoding=\"async\" class=\"size-full wp-image-29009 aligncenter\" src=\"http:\/\/vivatatuape.com.br\/portal\/wp-content\/uploads\/2020\/06\/Destaque-2.png\" alt=\"\" width=\"400\" height=\"60\" \/><\/p>\n","protected":false},"excerpt":{"rendered":"","protected":false},"author":1,"featured_media":29033,"parent":0,"menu_order":0,"comment_status":"closed","ping_status":"closed","template":"page-modules.php","meta":{"footnotes":""},"yoast_head":"<!-- This site is optimized with the Yoast SEO plugin v23.3 - https:\/\/yoast.com\/wordpress\/plugins\/seo\/ -->\n<title>Delivery no Tatuap\u00e9 - Viva Tatuap\u00e9<\/title>\n<meta name=\"robots\" content=\"index, follow, max-snippet:-1, max-image-preview:large, max-video-preview:-1\" \/>\n<link rel=\"canonical\" href=\"https:\/\/vivatatuape.com.br\/portal\/delivery-no-tatuape\/\" \/>\n<meta property=\"og:locale\" content=\"pt_BR\" \/>\n<meta property=\"og:type\" content=\"article\" \/>\n<meta property=\"og:title\" content=\"Delivery no Tatuap\u00e9 - Viva Tatuap\u00e9\" \/>\n<meta property=\"og:url\" content=\"https:\/\/vivatatuape.com.br\/portal\/delivery-no-tatuape\/\" \/>\n<meta property=\"og:site_name\" content=\"Viva Tatuap\u00e9\" \/>\n<meta property=\"article:publisher\" content=\"http:\/\/www.facebook.com\/vivatatuape\" \/>\n<meta property=\"article:modified_time\" content=\"2020-06-21T02:07:53+00:00\" \/>\n<meta property=\"og:image\" content=\"https:\/\/vivatatuape.com.br\/portal\/wp-content\/uploads\/2020\/06\/guiadeliveryCapa.png\" \/>\n\t<meta property=\"og:image:width\" content=\"1200\" \/>\n\t<meta property=\"og:image:height\" content=\"630\" \/>\n\t<meta property=\"og:image:type\" content=\"image\/png\" \/>\n<meta name=\"twitter:card\" content=\"summary_large_image\" \/>\n<meta name=\"twitter:site\" content=\"@viva_tatuape\" \/>\n<script type=\"application\/ld+json\" class=\"yoast-schema-graph\">{\"@context\":\"https:\/\/schema.org\",\"@graph\":[{\"@type\":\"WebPage\",\"@id\":\"https:\/\/vivatatuape.com.br\/portal\/delivery-no-tatuape\/\",\"url\":\"https:\/\/vivatatuape.com.br\/portal\/delivery-no-tatuape\/\",\"name\":\"Delivery no Tatuap\u00e9 - Viva Tatuap\u00e9\",\"isPartOf\":{\"@id\":\"https:\/\/vivatatuape.com.br\/portal\/#website\"},\"primaryImageOfPage\":{\"@id\":\"https:\/\/vivatatuape.com.br\/portal\/delivery-no-tatuape\/#primaryimage\"},\"image\":{\"@id\":\"https:\/\/vivatatuape.com.br\/portal\/delivery-no-tatuape\/#primaryimage\"},\"thumbnailUrl\":\"https:\/\/vivatatuape.com.br\/portal\/wp-content\/uploads\/2020\/06\/guiadeliveryCapa.png\",\"datePublished\":\"2020-06-17T19:21:18+00:00\",\"dateModified\":\"2020-06-21T02:07:53+00:00\",\"breadcrumb\":{\"@id\":\"https:\/\/vivatatuape.com.br\/portal\/delivery-no-tatuape\/#breadcrumb\"},\"inLanguage\":\"pt-BR\",\"potentialAction\":[{\"@type\":\"ReadAction\",\"target\":[\"https:\/\/vivatatuape.com.br\/portal\/delivery-no-tatuape\/\"]}]},{\"@type\":\"ImageObject\",\"inLanguage\":\"pt-BR\",\"@id\":\"https:\/\/vivatatuape.com.br\/portal\/delivery-no-tatuape\/#primaryimage\",\"url\":\"https:\/\/vivatatuape.com.br\/portal\/wp-content\/uploads\/2020\/06\/guiadeliveryCapa.png\",\"contentUrl\":\"https:\/\/vivatatuape.com.br\/portal\/wp-content\/uploads\/2020\/06\/guiadeliveryCapa.png\",\"width\":1200,\"height\":630},{\"@type\":\"BreadcrumbList\",\"@id\":\"https:\/\/vivatatuape.com.br\/portal\/delivery-no-tatuape\/#breadcrumb\",\"itemListElement\":[{\"@type\":\"ListItem\",\"position\":1,\"name\":\"In\u00edcio\",\"item\":\"https:\/\/vivatatuape.com.br\/portal\/\"},{\"@type\":\"ListItem\",\"position\":2,\"name\":\"Delivery no Tatuap\u00e9\"}]},{\"@type\":\"WebSite\",\"@id\":\"https:\/\/vivatatuape.com.br\/portal\/#website\",\"url\":\"https:\/\/vivatatuape.com.br\/portal\/\",\"name\":\"Viva Tatuap\u00e9\",\"description\":\"O melhor do Tatuap\u00e9 voc\u00ea encontra aqui!\",\"potentialAction\":[{\"@type\":\"SearchAction\",\"target\":{\"@type\":\"EntryPoint\",\"urlTemplate\":\"https:\/\/vivatatuape.com.br\/portal\/?s={search_term_string}\"},\"query-input\":\"required name=search_term_string\"}],\"inLanguage\":\"pt-BR\"}]}<\/script>\n<!-- \/ Yoast SEO plugin. -->","yoast_head_json":{"title":"Delivery no Tatuap\u00e9 - Viva Tatuap\u00e9","robots":{"index":"index","follow":"follow","max-snippet":"max-snippet:-1","max-image-preview":"max-image-preview:large","max-video-preview":"max-video-preview:-1"},"canonical":"https:\/\/vivatatuape.com.br\/portal\/delivery-no-tatuape\/","og_locale":"pt_BR","og_type":"article","og_title":"Delivery no Tatuap\u00e9 - Viva Tatuap\u00e9","og_url":"https:\/\/vivatatuape.com.br\/portal\/delivery-no-tatuape\/","og_site_name":"Viva Tatuap\u00e9","article_publisher":"http:\/\/www.facebook.com\/vivatatuape","article_modified_time":"2020-06-21T02:07:53+00:00","og_image":[{"width":1200,"height":630,"url":"https:\/\/vivatatuape.com.br\/portal\/wp-content\/uploads\/2020\/06\/guiadeliveryCapa.png","type":"image\/png"}],"twitter_card":"summary_large_image","twitter_site":"@viva_tatuape","schema":{"@context":"https:\/\/schema.org","@graph":[{"@type":"WebPage","@id":"https:\/\/vivatatuape.com.br\/portal\/delivery-no-tatuape\/","url":"https:\/\/vivatatuape.com.br\/portal\/delivery-no-tatuape\/","name":"Delivery no Tatuap\u00e9 - Viva Tatuap\u00e9","isPartOf":{"@id":"https:\/\/vivatatuape.com.br\/portal\/#website"},"primaryImageOfPage":{"@id":"https:\/\/vivatatuape.com.br\/portal\/delivery-no-tatuape\/#primaryimage"},"image":{"@id":"https:\/\/vivatatuape.com.br\/portal\/delivery-no-tatuape\/#primaryimage"},"thumbnailUrl":"https:\/\/vivatatuape.com.br\/portal\/wp-content\/uploads\/2020\/06\/guiadeliveryCapa.png","datePublished":"2020-06-17T19:21:18+00:00","dateModified":"2020-06-21T02:07:53+00:00","breadcrumb":{"@id":"https:\/\/vivatatuape.com.br\/portal\/delivery-no-tatuape\/#breadcrumb"},"inLanguage":"pt-BR","potentialAction":[{"@type":"ReadAction","target":["https:\/\/vivatatuape.com.br\/portal\/delivery-no-tatuape\/"]}]},{"@type":"ImageObject","inLanguage":"pt-BR","@id":"https:\/\/vivatatuape.com.br\/portal\/delivery-no-tatuape\/#primaryimage","url":"https:\/\/vivatatuape.com.br\/portal\/wp-content\/uploads\/2020\/06\/guiadeliveryCapa.png","contentUrl":"https:\/\/vivatatuape.com.br\/portal\/wp-content\/uploads\/2020\/06\/guiadeliveryCapa.png","width":1200,"height":630},{"@type":"BreadcrumbList","@id":"https:\/\/vivatatuape.com.br\/portal\/delivery-no-tatuape\/#breadcrumb","itemListElement":[{"@type":"ListItem","position":1,"name":"In\u00edcio","item":"https:\/\/vivatatuape.com.br\/portal\/"},{"@type":"ListItem","position":2,"name":"Delivery no Tatuap\u00e9"}]},{"@type":"WebSite","@id":"https:\/\/vivatatuape.com.br\/portal\/#website","url":"https:\/\/vivatatuape.com.br\/portal\/","name":"Viva Tatuap\u00e9","description":"O melhor do Tatuap\u00e9 voc\u00ea encontra aqui!","potentialAction":[{"@type":"SearchAction","target":{"@type":"EntryPoint","urlTemplate":"https:\/\/vivatatuape.com.br\/portal\/?s={search_term_string}"},"query-input":"required name=search_term_string"}],"inLanguage":"pt-BR"}]}},"_links":{"self":[{"href":"https:\/\/vivatatuape.com.br\/portal\/wp-json\/wp\/v2\/pages\/28908"}],"collection":[{"href":"https:\/\/vivatatuape.com.br\/portal\/wp-json\/wp\/v2\/pages"}],"about":[{"href":"https:\/\/vivatatuape.com.br\/portal\/wp-json\/wp\/v2\/types\/page"}],"author":[{"embeddable":true,"href":"https:\/\/vivatatuape.com.br\/portal\/wp-json\/wp\/v2\/users\/1"}],"replies":[{"embeddable":true,"href":"https:\/\/vivatatuape.com.br\/portal\/wp-json\/wp\/v2\/comments?post=28908"}],"version-history":[{"count":10,"href":"https:\/\/vivatatuape.com.br\/portal\/wp-json\/wp\/v2\/pages\/28908\/revisions"}],"predecessor-version":[{"id":29004,"href":"https:\/\/vivatatuape.com.br\/portal\/wp-json\/wp\/v2\/pages\/28908\/revisions\/29004"}],"wp:featuredmedia":[{"embeddable":true,"href":"https:\/\/vivatatuape.com.br\/portal\/wp-json\/wp\/v2\/media\/29033"}],"wp:attachment":[{"href":"https:\/\/vivatatuape.com.br\/portal\/wp-json\/wp\/v2\/media?parent=28908"}],"curies":[{"name":"wp","href":"https:\/\/api.w.org\/{rel}","templated":true}]}}