{"id":32179,"date":"2021-03-23T21:09:41","date_gmt":"2021-03-23T21:09:41","guid":{"rendered":"http:\/\/vivatatuape.com.br\/portal\/?page_id=32179"},"modified":"2021-03-23T21:11:24","modified_gmt":"2021-03-23T21:11:24","slug":"32179-2","status":"publish","type":"page","link":"https:\/\/vivatatuape.com.br\/portal\/32179-2\/","title":{"rendered":"As Melhores Hamburguerias do Tatuap\u00e9"},"content":{"rendered":"<h1 style=\"text-align: center;\">Hamburguerias<\/h1>\n<p><\/p>\n<hr>\n[inhype_block type=&#8221;postsgrid4&#8243; block_posts_type=&#8221;random&#8221; block_categories=&#8221;8998&#8243; block_posts_limit=&#8221;21&#8243; block_posts_loadmore=&#8221;yes&#8221; block_posts_offset=&#8221;0&#8243;]\n","protected":false},"excerpt":{"rendered":"<p>Hamburguerias [inhype_block type=&#8221;postsgrid4&#8243; block_posts_type=&#8221;random&#8221; block_categories=&#8221;8998&#8243; block_posts_limit=&#8221;21&#8243; block_posts_loadmore=&#8221;yes&#8221; block_posts_offset=&#8221;0&#8243;]<\/p>\n","protected":false},"author":1,"featured_media":0,"parent":0,"menu_order":0,"comment_status":"closed","ping_status":"closed","template":"","meta":{"footnotes":""},"yoast_head":"<!-- This site is optimized with the Yoast SEO plugin v23.3 - https:\/\/yoast.com\/wordpress\/plugins\/seo\/ -->\n<title>As Melhores Hamburguerias do Tatuap\u00e9 - Viva Tatuap\u00e9<\/title>\n<meta name=\"robots\" content=\"index, follow, max-snippet:-1, max-image-preview:large, max-video-preview:-1\" \/>\n<link rel=\"canonical\" href=\"https:\/\/vivatatuape.com.br\/portal\/32179-2\/\" \/>\n<meta property=\"og:locale\" content=\"pt_BR\" \/>\n<meta property=\"og:type\" content=\"article\" \/>\n<meta property=\"og:title\" content=\"As Melhores Hamburguerias do Tatuap\u00e9 - Viva Tatuap\u00e9\" \/>\n<meta property=\"og:description\" content=\"Hamburguerias [inhype_block type=&#8221;postsgrid4&#8243; block_posts_type=&#8221;random&#8221; block_categories=&#8221;8998&#8243; block_posts_limit=&#8221;21&#8243; block_posts_loadmore=&#8221;yes&#8221; block_posts_offset=&#8221;0&#8243;]\" \/>\n<meta property=\"og:url\" content=\"https:\/\/vivatatuape.com.br\/portal\/32179-2\/\" \/>\n<meta property=\"og:site_name\" content=\"Viva Tatuap\u00e9\" \/>\n<meta property=\"article:publisher\" content=\"http:\/\/www.facebook.com\/vivatatuape\" \/>\n<meta property=\"article:modified_time\" content=\"2021-03-23T21:11:24+00:00\" \/>\n<meta name=\"twitter:card\" content=\"summary_large_image\" \/>\n<meta name=\"twitter:site\" content=\"@viva_tatuape\" \/>\n<script type=\"application\/ld+json\" class=\"yoast-schema-graph\">{\"@context\":\"https:\/\/schema.org\",\"@graph\":[{\"@type\":\"WebPage\",\"@id\":\"https:\/\/vivatatuape.com.br\/portal\/32179-2\/\",\"url\":\"https:\/\/vivatatuape.com.br\/portal\/32179-2\/\",\"name\":\"As Melhores Hamburguerias do Tatuap\u00e9 - Viva Tatuap\u00e9\",\"isPartOf\":{\"@id\":\"https:\/\/vivatatuape.com.br\/portal\/#website\"},\"datePublished\":\"2021-03-23T21:09:41+00:00\",\"dateModified\":\"2021-03-23T21:11:24+00:00\",\"breadcrumb\":{\"@id\":\"https:\/\/vivatatuape.com.br\/portal\/32179-2\/#breadcrumb\"},\"inLanguage\":\"pt-BR\",\"potentialAction\":[{\"@type\":\"ReadAction\",\"target\":[\"https:\/\/vivatatuape.com.br\/portal\/32179-2\/\"]}]},{\"@type\":\"BreadcrumbList\",\"@id\":\"https:\/\/vivatatuape.com.br\/portal\/32179-2\/#breadcrumb\",\"itemListElement\":[{\"@type\":\"ListItem\",\"position\":1,\"name\":\"In\u00edcio\",\"item\":\"https:\/\/vivatatuape.com.br\/portal\/\"},{\"@type\":\"ListItem\",\"position\":2,\"name\":\"As Melhores Hamburguerias do Tatuap\u00e9\"}]},{\"@type\":\"WebSite\",\"@id\":\"https:\/\/vivatatuape.com.br\/portal\/#website\",\"url\":\"https:\/\/vivatatuape.com.br\/portal\/\",\"name\":\"Viva Tatuap\u00e9\",\"description\":\"O melhor do Tatuap\u00e9 voc\u00ea encontra aqui!\",\"potentialAction\":[{\"@type\":\"SearchAction\",\"target\":{\"@type\":\"EntryPoint\",\"urlTemplate\":\"https:\/\/vivatatuape.com.br\/portal\/?s={search_term_string}\"},\"query-input\":\"required name=search_term_string\"}],\"inLanguage\":\"pt-BR\"}]}<\/script>\n<!-- \/ Yoast SEO plugin. -->","yoast_head_json":{"title":"As Melhores Hamburguerias do Tatuap\u00e9 - Viva Tatuap\u00e9","robots":{"index":"index","follow":"follow","max-snippet":"max-snippet:-1","max-image-preview":"max-image-preview:large","max-video-preview":"max-video-preview:-1"},"canonical":"https:\/\/vivatatuape.com.br\/portal\/32179-2\/","og_locale":"pt_BR","og_type":"article","og_title":"As Melhores Hamburguerias do Tatuap\u00e9 - Viva Tatuap\u00e9","og_description":"Hamburguerias [inhype_block type=&#8221;postsgrid4&#8243; block_posts_type=&#8221;random&#8221; block_categories=&#8221;8998&#8243; block_posts_limit=&#8221;21&#8243; block_posts_loadmore=&#8221;yes&#8221; block_posts_offset=&#8221;0&#8243;]","og_url":"https:\/\/vivatatuape.com.br\/portal\/32179-2\/","og_site_name":"Viva Tatuap\u00e9","article_publisher":"http:\/\/www.facebook.com\/vivatatuape","article_modified_time":"2021-03-23T21:11:24+00:00","twitter_card":"summary_large_image","twitter_site":"@viva_tatuape","schema":{"@context":"https:\/\/schema.org","@graph":[{"@type":"WebPage","@id":"https:\/\/vivatatuape.com.br\/portal\/32179-2\/","url":"https:\/\/vivatatuape.com.br\/portal\/32179-2\/","name":"As Melhores Hamburguerias do Tatuap\u00e9 - Viva Tatuap\u00e9","isPartOf":{"@id":"https:\/\/vivatatuape.com.br\/portal\/#website"},"datePublished":"2021-03-23T21:09:41+00:00","dateModified":"2021-03-23T21:11:24+00:00","breadcrumb":{"@id":"https:\/\/vivatatuape.com.br\/portal\/32179-2\/#breadcrumb"},"inLanguage":"pt-BR","potentialAction":[{"@type":"ReadAction","target":["https:\/\/vivatatuape.com.br\/portal\/32179-2\/"]}]},{"@type":"BreadcrumbList","@id":"https:\/\/vivatatuape.com.br\/portal\/32179-2\/#breadcrumb","itemListElement":[{"@type":"ListItem","position":1,"name":"In\u00edcio","item":"https:\/\/vivatatuape.com.br\/portal\/"},{"@type":"ListItem","position":2,"name":"As Melhores Hamburguerias do Tatuap\u00e9"}]},{"@type":"WebSite","@id":"https:\/\/vivatatuape.com.br\/portal\/#website","url":"https:\/\/vivatatuape.com.br\/portal\/","name":"Viva Tatuap\u00e9","description":"O melhor do Tatuap\u00e9 voc\u00ea encontra aqui!","potentialAction":[{"@type":"SearchAction","target":{"@type":"EntryPoint","urlTemplate":"https:\/\/vivatatuape.com.br\/portal\/?s={search_term_string}"},"query-input":"required name=search_term_string"}],"inLanguage":"pt-BR"}]}},"_links":{"self":[{"href":"https:\/\/vivatatuape.com.br\/portal\/wp-json\/wp\/v2\/pages\/32179"}],"collection":[{"href":"https:\/\/vivatatuape.com.br\/portal\/wp-json\/wp\/v2\/pages"}],"about":[{"href":"https:\/\/vivatatuape.com.br\/portal\/wp-json\/wp\/v2\/types\/page"}],"author":[{"embeddable":true,"href":"https:\/\/vivatatuape.com.br\/portal\/wp-json\/wp\/v2\/users\/1"}],"replies":[{"embeddable":true,"href":"https:\/\/vivatatuape.com.br\/portal\/wp-json\/wp\/v2\/comments?post=32179"}],"version-history":[{"count":3,"href":"https:\/\/vivatatuape.com.br\/portal\/wp-json\/wp\/v2\/pages\/32179\/revisions"}],"predecessor-version":[{"id":32182,"href":"https:\/\/vivatatuape.com.br\/portal\/wp-json\/wp\/v2\/pages\/32179\/revisions\/32182"}],"wp:attachment":[{"href":"https:\/\/vivatatuape.com.br\/portal\/wp-json\/wp\/v2\/media?parent=32179"}],"curies":[{"name":"wp","href":"https:\/\/api.w.org\/{rel}","templated":true}]}}