{"id":3300,"date":"2016-05-21T16:26:03","date_gmt":"2016-05-21T16:26:03","guid":{"rendered":"http:\/\/vivatatuape.com.br\/portal\/?page_id=3300"},"modified":"2018-04-04T22:52:20","modified_gmt":"2018-04-04T22:52:20","slug":"transito-no-tatuape-via-waze","status":"publish","type":"page","link":"https:\/\/vivatatuape.com.br\/portal\/transito-no-tatuape-via-waze\/","title":{"rendered":"Confira as condi\u00e7\u00f5es do Tr\u00e2nsito no Tatuap\u00e9 em tempo real"},"content":{"rendered":"<h2>Waze VivaTatuap\u00e9<\/h2>\n<p><strong>Acompanhe como est\u00e1 o tr\u00e2nsito no Tatuap\u00e9 e encontre os melhores caminhos no bairro!<\/strong><\/p>\n<hr>\n<p><iframe src=\"https:\/\/embed.waze.com\/iframe?zoom=15&#038;lat=-23.5390893&#038;lon=-46.5692641\" width=\"100%\" height=\"700\"><\/iframe><\/p>\n","protected":false},"excerpt":{"rendered":"<p>Waze VivaTatuap\u00e9 Acompanhe como est\u00e1 o tr\u00e2nsito no Tatuap\u00e9 e encontre os melhores caminhos no bairro!<\/p>\n","protected":false},"author":1,"featured_media":9784,"parent":0,"menu_order":0,"comment_status":"closed","ping_status":"closed","template":"page-modules.php","meta":{"footnotes":""},"yoast_head":"<!-- This site is optimized with the Yoast SEO plugin v23.3 - https:\/\/yoast.com\/wordpress\/plugins\/seo\/ -->\n<title>Confira as condi\u00e7\u00f5es do Tr\u00e2nsito no Tatuap\u00e9 em tempo real - Viva Tatuap\u00e9<\/title>\n<meta name=\"robots\" content=\"index, follow, max-snippet:-1, max-image-preview:large, max-video-preview:-1\" \/>\n<link rel=\"canonical\" href=\"https:\/\/vivatatuape.com.br\/portal\/transito-no-tatuape-via-waze\/\" \/>\n<meta property=\"og:locale\" content=\"pt_BR\" \/>\n<meta property=\"og:type\" content=\"article\" \/>\n<meta property=\"og:title\" content=\"Confira as condi\u00e7\u00f5es do Tr\u00e2nsito no Tatuap\u00e9 em tempo real - Viva Tatuap\u00e9\" \/>\n<meta property=\"og:description\" content=\"Waze VivaTatuap\u00e9 Acompanhe como est\u00e1 o tr\u00e2nsito no Tatuap\u00e9 e encontre os melhores caminhos no bairro!\" \/>\n<meta property=\"og:url\" content=\"https:\/\/vivatatuape.com.br\/portal\/transito-no-tatuape-via-waze\/\" \/>\n<meta property=\"og:site_name\" content=\"Viva Tatuap\u00e9\" \/>\n<meta property=\"article:publisher\" content=\"http:\/\/www.facebook.com\/vivatatuape\" \/>\n<meta property=\"article:modified_time\" content=\"2018-04-04T22:52:20+00:00\" \/>\n<meta property=\"og:image\" content=\"https:\/\/vivatatuape.com.br\/portal\/wp-content\/uploads\/2016\/05\/tela.jpg\" \/>\n\t<meta property=\"og:image:width\" content=\"1143\" \/>\n\t<meta property=\"og:image:height\" content=\"697\" \/>\n\t<meta property=\"og:image:type\" content=\"image\/jpeg\" \/>\n<meta name=\"twitter:card\" content=\"summary_large_image\" \/>\n<meta name=\"twitter:site\" content=\"@viva_tatuape\" \/>\n<script type=\"application\/ld+json\" class=\"yoast-schema-graph\">{\"@context\":\"https:\/\/schema.org\",\"@graph\":[{\"@type\":\"WebPage\",\"@id\":\"https:\/\/vivatatuape.com.br\/portal\/transito-no-tatuape-via-waze\/\",\"url\":\"https:\/\/vivatatuape.com.br\/portal\/transito-no-tatuape-via-waze\/\",\"name\":\"Confira as condi\u00e7\u00f5es do Tr\u00e2nsito no Tatuap\u00e9 em tempo real - Viva Tatuap\u00e9\",\"isPartOf\":{\"@id\":\"https:\/\/vivatatuape.com.br\/portal\/#website\"},\"primaryImageOfPage\":{\"@id\":\"https:\/\/vivatatuape.com.br\/portal\/transito-no-tatuape-via-waze\/#primaryimage\"},\"image\":{\"@id\":\"https:\/\/vivatatuape.com.br\/portal\/transito-no-tatuape-via-waze\/#primaryimage\"},\"thumbnailUrl\":\"https:\/\/vivatatuape.com.br\/portal\/wp-content\/uploads\/2016\/05\/tela.jpg\",\"datePublished\":\"2016-05-21T16:26:03+00:00\",\"dateModified\":\"2018-04-04T22:52:20+00:00\",\"breadcrumb\":{\"@id\":\"https:\/\/vivatatuape.com.br\/portal\/transito-no-tatuape-via-waze\/#breadcrumb\"},\"inLanguage\":\"pt-BR\",\"potentialAction\":[{\"@type\":\"ReadAction\",\"target\":[\"https:\/\/vivatatuape.com.br\/portal\/transito-no-tatuape-via-waze\/\"]}]},{\"@type\":\"ImageObject\",\"inLanguage\":\"pt-BR\",\"@id\":\"https:\/\/vivatatuape.com.br\/portal\/transito-no-tatuape-via-waze\/#primaryimage\",\"url\":\"https:\/\/vivatatuape.com.br\/portal\/wp-content\/uploads\/2016\/05\/tela.jpg\",\"contentUrl\":\"https:\/\/vivatatuape.com.br\/portal\/wp-content\/uploads\/2016\/05\/tela.jpg\",\"width\":1143,\"height\":697},{\"@type\":\"BreadcrumbList\",\"@id\":\"https:\/\/vivatatuape.com.br\/portal\/transito-no-tatuape-via-waze\/#breadcrumb\",\"itemListElement\":[{\"@type\":\"ListItem\",\"position\":1,\"name\":\"In\u00edcio\",\"item\":\"https:\/\/vivatatuape.com.br\/portal\/\"},{\"@type\":\"ListItem\",\"position\":2,\"name\":\"Confira as condi\u00e7\u00f5es do Tr\u00e2nsito no Tatuap\u00e9 em tempo real\"}]},{\"@type\":\"WebSite\",\"@id\":\"https:\/\/vivatatuape.com.br\/portal\/#website\",\"url\":\"https:\/\/vivatatuape.com.br\/portal\/\",\"name\":\"Viva Tatuap\u00e9\",\"description\":\"O melhor do Tatuap\u00e9 voc\u00ea encontra aqui!\",\"potentialAction\":[{\"@type\":\"SearchAction\",\"target\":{\"@type\":\"EntryPoint\",\"urlTemplate\":\"https:\/\/vivatatuape.com.br\/portal\/?s={search_term_string}\"},\"query-input\":\"required name=search_term_string\"}],\"inLanguage\":\"pt-BR\"}]}<\/script>\n<!-- \/ Yoast SEO plugin. -->","yoast_head_json":{"title":"Confira as condi\u00e7\u00f5es do Tr\u00e2nsito no Tatuap\u00e9 em tempo real - Viva Tatuap\u00e9","robots":{"index":"index","follow":"follow","max-snippet":"max-snippet:-1","max-image-preview":"max-image-preview:large","max-video-preview":"max-video-preview:-1"},"canonical":"https:\/\/vivatatuape.com.br\/portal\/transito-no-tatuape-via-waze\/","og_locale":"pt_BR","og_type":"article","og_title":"Confira as condi\u00e7\u00f5es do Tr\u00e2nsito no Tatuap\u00e9 em tempo real - Viva Tatuap\u00e9","og_description":"Waze VivaTatuap\u00e9 Acompanhe como est\u00e1 o tr\u00e2nsito no Tatuap\u00e9 e encontre os melhores caminhos no bairro!","og_url":"https:\/\/vivatatuape.com.br\/portal\/transito-no-tatuape-via-waze\/","og_site_name":"Viva Tatuap\u00e9","article_publisher":"http:\/\/www.facebook.com\/vivatatuape","article_modified_time":"2018-04-04T22:52:20+00:00","og_image":[{"width":1143,"height":697,"url":"https:\/\/vivatatuape.com.br\/portal\/wp-content\/uploads\/2016\/05\/tela.jpg","type":"image\/jpeg"}],"twitter_card":"summary_large_image","twitter_site":"@viva_tatuape","schema":{"@context":"https:\/\/schema.org","@graph":[{"@type":"WebPage","@id":"https:\/\/vivatatuape.com.br\/portal\/transito-no-tatuape-via-waze\/","url":"https:\/\/vivatatuape.com.br\/portal\/transito-no-tatuape-via-waze\/","name":"Confira as condi\u00e7\u00f5es do Tr\u00e2nsito no Tatuap\u00e9 em tempo real - Viva Tatuap\u00e9","isPartOf":{"@id":"https:\/\/vivatatuape.com.br\/portal\/#website"},"primaryImageOfPage":{"@id":"https:\/\/vivatatuape.com.br\/portal\/transito-no-tatuape-via-waze\/#primaryimage"},"image":{"@id":"https:\/\/vivatatuape.com.br\/portal\/transito-no-tatuape-via-waze\/#primaryimage"},"thumbnailUrl":"https:\/\/vivatatuape.com.br\/portal\/wp-content\/uploads\/2016\/05\/tela.jpg","datePublished":"2016-05-21T16:26:03+00:00","dateModified":"2018-04-04T22:52:20+00:00","breadcrumb":{"@id":"https:\/\/vivatatuape.com.br\/portal\/transito-no-tatuape-via-waze\/#breadcrumb"},"inLanguage":"pt-BR","potentialAction":[{"@type":"ReadAction","target":["https:\/\/vivatatuape.com.br\/portal\/transito-no-tatuape-via-waze\/"]}]},{"@type":"ImageObject","inLanguage":"pt-BR","@id":"https:\/\/vivatatuape.com.br\/portal\/transito-no-tatuape-via-waze\/#primaryimage","url":"https:\/\/vivatatuape.com.br\/portal\/wp-content\/uploads\/2016\/05\/tela.jpg","contentUrl":"https:\/\/vivatatuape.com.br\/portal\/wp-content\/uploads\/2016\/05\/tela.jpg","width":1143,"height":697},{"@type":"BreadcrumbList","@id":"https:\/\/vivatatuape.com.br\/portal\/transito-no-tatuape-via-waze\/#breadcrumb","itemListElement":[{"@type":"ListItem","position":1,"name":"In\u00edcio","item":"https:\/\/vivatatuape.com.br\/portal\/"},{"@type":"ListItem","position":2,"name":"Confira as condi\u00e7\u00f5es do Tr\u00e2nsito no Tatuap\u00e9 em tempo real"}]},{"@type":"WebSite","@id":"https:\/\/vivatatuape.com.br\/portal\/#website","url":"https:\/\/vivatatuape.com.br\/portal\/","name":"Viva Tatuap\u00e9","description":"O melhor do Tatuap\u00e9 voc\u00ea encontra aqui!","potentialAction":[{"@type":"SearchAction","target":{"@type":"EntryPoint","urlTemplate":"https:\/\/vivatatuape.com.br\/portal\/?s={search_term_string}"},"query-input":"required name=search_term_string"}],"inLanguage":"pt-BR"}]}},"_links":{"self":[{"href":"https:\/\/vivatatuape.com.br\/portal\/wp-json\/wp\/v2\/pages\/3300"}],"collection":[{"href":"https:\/\/vivatatuape.com.br\/portal\/wp-json\/wp\/v2\/pages"}],"about":[{"href":"https:\/\/vivatatuape.com.br\/portal\/wp-json\/wp\/v2\/types\/page"}],"author":[{"embeddable":true,"href":"https:\/\/vivatatuape.com.br\/portal\/wp-json\/wp\/v2\/users\/1"}],"replies":[{"embeddable":true,"href":"https:\/\/vivatatuape.com.br\/portal\/wp-json\/wp\/v2\/comments?post=3300"}],"version-history":[{"count":10,"href":"https:\/\/vivatatuape.com.br\/portal\/wp-json\/wp\/v2\/pages\/3300\/revisions"}],"predecessor-version":[{"id":50093,"href":"https:\/\/vivatatuape.com.br\/portal\/wp-json\/wp\/v2\/pages\/3300\/revisions\/50093"}],"wp:featuredmedia":[{"embeddable":true,"href":"https:\/\/vivatatuape.com.br\/portal\/wp-json\/wp\/v2\/media\/9784"}],"wp:attachment":[{"href":"https:\/\/vivatatuape.com.br\/portal\/wp-json\/wp\/v2\/media?parent=3300"}],"curies":[{"name":"wp","href":"https:\/\/api.w.org\/{rel}","templated":true}]}}