{"id":33896,"date":"2021-09-14T15:38:59","date_gmt":"2021-09-14T15:38:59","guid":{"rendered":"http:\/\/vivatatuape.com.br\/portal\/?page_id=33896"},"modified":"2021-10-15T17:26:49","modified_gmt":"2021-10-15T17:26:49","slug":"bares-no-tatuape","status":"publish","type":"page","link":"https:\/\/vivatatuape.com.br\/portal\/bares-no-tatuape\/","title":{"rendered":"Bares no Tatuap\u00e9"},"content":{"rendered":"<h1 style=\"text-align: center;\">Os Melhores Bares Restaurantes<\/h1>\n[inhype_block type=&#8221;postsgrid4&#8243; block_posts_type=&#8221;random&#8221; block_categories=&#8221;10569&#8243; block_posts_limit=&#8221;30&#8243; block_posts_loadmore=&#8221;yes&#8221; block_posts_offset=&#8221;0&#8243;]\n<\/p>\n<hr>\n","protected":false},"excerpt":{"rendered":"<p>Os Melhores Bares Restaurantes [inhype_block type=&#8221;postsgrid4&#8243; block_posts_type=&#8221;random&#8221; block_categories=&#8221;10569&#8243; block_posts_limit=&#8221;30&#8243; block_posts_loadmore=&#8221;yes&#8221; block_posts_offset=&#8221;0&#8243;]<\/p>\n","protected":false},"author":1,"featured_media":34040,"parent":0,"menu_order":0,"comment_status":"closed","ping_status":"closed","template":"","meta":{"footnotes":""},"yoast_head":"<!-- This site is optimized with the Yoast SEO plugin v23.3 - https:\/\/yoast.com\/wordpress\/plugins\/seo\/ -->\n<title>Bares no Tatuap\u00e9 - Viva Tatuap\u00e9<\/title>\n<meta name=\"robots\" content=\"index, follow, max-snippet:-1, max-image-preview:large, max-video-preview:-1\" \/>\n<link rel=\"canonical\" href=\"https:\/\/vivatatuape.com.br\/portal\/bares-no-tatuape\/\" \/>\n<meta property=\"og:locale\" content=\"pt_BR\" \/>\n<meta property=\"og:type\" content=\"article\" \/>\n<meta property=\"og:title\" content=\"Bares no Tatuap\u00e9 - Viva Tatuap\u00e9\" \/>\n<meta property=\"og:description\" content=\"Os Melhores Bares Restaurantes [inhype_block type=&#8221;postsgrid4&#8243; block_posts_type=&#8221;random&#8221; block_categories=&#8221;10569&#8243; block_posts_limit=&#8221;30&#8243; block_posts_loadmore=&#8221;yes&#8221; block_posts_offset=&#8221;0&#8243;]\" \/>\n<meta property=\"og:url\" content=\"https:\/\/vivatatuape.com.br\/portal\/bares-no-tatuape\/\" \/>\n<meta property=\"og:site_name\" content=\"Viva Tatuap\u00e9\" \/>\n<meta property=\"article:publisher\" content=\"http:\/\/www.facebook.com\/vivatatuape\" \/>\n<meta property=\"article:modified_time\" content=\"2021-10-15T17:26:49+00:00\" \/>\n<meta property=\"og:image\" content=\"http:\/\/vivatatuape.com.br\/portal\/wp-content\/uploads\/2020\/01\/20191116_224215-scaled.jpg\" \/>\n\t<meta property=\"og:image:width\" content=\"2560\" \/>\n\t<meta property=\"og:image:height\" content=\"1440\" \/>\n\t<meta property=\"og:image:type\" content=\"image\/jpeg\" \/>\n<meta name=\"twitter:card\" content=\"summary_large_image\" \/>\n<meta name=\"twitter:site\" content=\"@viva_tatuape\" \/>\n<meta name=\"twitter:label1\" content=\"Est. tempo de leitura\" \/>\n\t<meta name=\"twitter:data1\" content=\"1 minuto\" \/>\n<script type=\"application\/ld+json\" class=\"yoast-schema-graph\">{\"@context\":\"https:\/\/schema.org\",\"@graph\":[{\"@type\":\"WebPage\",\"@id\":\"https:\/\/vivatatuape.com.br\/portal\/bares-no-tatuape\/\",\"url\":\"https:\/\/vivatatuape.com.br\/portal\/bares-no-tatuape\/\",\"name\":\"Bares no Tatuap\u00e9 - Viva Tatuap\u00e9\",\"isPartOf\":{\"@id\":\"https:\/\/vivatatuape.com.br\/portal\/#website\"},\"primaryImageOfPage\":{\"@id\":\"https:\/\/vivatatuape.com.br\/portal\/bares-no-tatuape\/#primaryimage\"},\"image\":{\"@id\":\"https:\/\/vivatatuape.com.br\/portal\/bares-no-tatuape\/#primaryimage\"},\"thumbnailUrl\":\"https:\/\/vivatatuape.com.br\/portal\/wp-content\/uploads\/2020\/01\/20191116_224215-scaled.jpg\",\"datePublished\":\"2021-09-14T15:38:59+00:00\",\"dateModified\":\"2021-10-15T17:26:49+00:00\",\"breadcrumb\":{\"@id\":\"https:\/\/vivatatuape.com.br\/portal\/bares-no-tatuape\/#breadcrumb\"},\"inLanguage\":\"pt-BR\",\"potentialAction\":[{\"@type\":\"ReadAction\",\"target\":[\"https:\/\/vivatatuape.com.br\/portal\/bares-no-tatuape\/\"]}]},{\"@type\":\"ImageObject\",\"inLanguage\":\"pt-BR\",\"@id\":\"https:\/\/vivatatuape.com.br\/portal\/bares-no-tatuape\/#primaryimage\",\"url\":\"https:\/\/vivatatuape.com.br\/portal\/wp-content\/uploads\/2020\/01\/20191116_224215-scaled.jpg\",\"contentUrl\":\"https:\/\/vivatatuape.com.br\/portal\/wp-content\/uploads\/2020\/01\/20191116_224215-scaled.jpg\",\"width\":2560,\"height\":1440},{\"@type\":\"BreadcrumbList\",\"@id\":\"https:\/\/vivatatuape.com.br\/portal\/bares-no-tatuape\/#breadcrumb\",\"itemListElement\":[{\"@type\":\"ListItem\",\"position\":1,\"name\":\"In\u00edcio\",\"item\":\"https:\/\/vivatatuape.com.br\/portal\/\"},{\"@type\":\"ListItem\",\"position\":2,\"name\":\"Bares no Tatuap\u00e9\"}]},{\"@type\":\"WebSite\",\"@id\":\"https:\/\/vivatatuape.com.br\/portal\/#website\",\"url\":\"https:\/\/vivatatuape.com.br\/portal\/\",\"name\":\"Viva Tatuap\u00e9\",\"description\":\"O melhor do Tatuap\u00e9 voc\u00ea encontra aqui!\",\"potentialAction\":[{\"@type\":\"SearchAction\",\"target\":{\"@type\":\"EntryPoint\",\"urlTemplate\":\"https:\/\/vivatatuape.com.br\/portal\/?s={search_term_string}\"},\"query-input\":\"required name=search_term_string\"}],\"inLanguage\":\"pt-BR\"}]}<\/script>\n<!-- \/ Yoast SEO plugin. -->","yoast_head_json":{"title":"Bares no Tatuap\u00e9 - Viva Tatuap\u00e9","robots":{"index":"index","follow":"follow","max-snippet":"max-snippet:-1","max-image-preview":"max-image-preview:large","max-video-preview":"max-video-preview:-1"},"canonical":"https:\/\/vivatatuape.com.br\/portal\/bares-no-tatuape\/","og_locale":"pt_BR","og_type":"article","og_title":"Bares no Tatuap\u00e9 - Viva Tatuap\u00e9","og_description":"Os Melhores Bares Restaurantes [inhype_block type=&#8221;postsgrid4&#8243; block_posts_type=&#8221;random&#8221; block_categories=&#8221;10569&#8243; block_posts_limit=&#8221;30&#8243; block_posts_loadmore=&#8221;yes&#8221; block_posts_offset=&#8221;0&#8243;]","og_url":"https:\/\/vivatatuape.com.br\/portal\/bares-no-tatuape\/","og_site_name":"Viva Tatuap\u00e9","article_publisher":"http:\/\/www.facebook.com\/vivatatuape","article_modified_time":"2021-10-15T17:26:49+00:00","og_image":[{"width":2560,"height":1440,"url":"http:\/\/vivatatuape.com.br\/portal\/wp-content\/uploads\/2020\/01\/20191116_224215-scaled.jpg","type":"image\/jpeg"}],"twitter_card":"summary_large_image","twitter_site":"@viva_tatuape","twitter_misc":{"Est. tempo de leitura":"1 minuto"},"schema":{"@context":"https:\/\/schema.org","@graph":[{"@type":"WebPage","@id":"https:\/\/vivatatuape.com.br\/portal\/bares-no-tatuape\/","url":"https:\/\/vivatatuape.com.br\/portal\/bares-no-tatuape\/","name":"Bares no Tatuap\u00e9 - Viva Tatuap\u00e9","isPartOf":{"@id":"https:\/\/vivatatuape.com.br\/portal\/#website"},"primaryImageOfPage":{"@id":"https:\/\/vivatatuape.com.br\/portal\/bares-no-tatuape\/#primaryimage"},"image":{"@id":"https:\/\/vivatatuape.com.br\/portal\/bares-no-tatuape\/#primaryimage"},"thumbnailUrl":"https:\/\/vivatatuape.com.br\/portal\/wp-content\/uploads\/2020\/01\/20191116_224215-scaled.jpg","datePublished":"2021-09-14T15:38:59+00:00","dateModified":"2021-10-15T17:26:49+00:00","breadcrumb":{"@id":"https:\/\/vivatatuape.com.br\/portal\/bares-no-tatuape\/#breadcrumb"},"inLanguage":"pt-BR","potentialAction":[{"@type":"ReadAction","target":["https:\/\/vivatatuape.com.br\/portal\/bares-no-tatuape\/"]}]},{"@type":"ImageObject","inLanguage":"pt-BR","@id":"https:\/\/vivatatuape.com.br\/portal\/bares-no-tatuape\/#primaryimage","url":"https:\/\/vivatatuape.com.br\/portal\/wp-content\/uploads\/2020\/01\/20191116_224215-scaled.jpg","contentUrl":"https:\/\/vivatatuape.com.br\/portal\/wp-content\/uploads\/2020\/01\/20191116_224215-scaled.jpg","width":2560,"height":1440},{"@type":"BreadcrumbList","@id":"https:\/\/vivatatuape.com.br\/portal\/bares-no-tatuape\/#breadcrumb","itemListElement":[{"@type":"ListItem","position":1,"name":"In\u00edcio","item":"https:\/\/vivatatuape.com.br\/portal\/"},{"@type":"ListItem","position":2,"name":"Bares no Tatuap\u00e9"}]},{"@type":"WebSite","@id":"https:\/\/vivatatuape.com.br\/portal\/#website","url":"https:\/\/vivatatuape.com.br\/portal\/","name":"Viva Tatuap\u00e9","description":"O melhor do Tatuap\u00e9 voc\u00ea encontra aqui!","potentialAction":[{"@type":"SearchAction","target":{"@type":"EntryPoint","urlTemplate":"https:\/\/vivatatuape.com.br\/portal\/?s={search_term_string}"},"query-input":"required name=search_term_string"}],"inLanguage":"pt-BR"}]}},"_links":{"self":[{"href":"https:\/\/vivatatuape.com.br\/portal\/wp-json\/wp\/v2\/pages\/33896"}],"collection":[{"href":"https:\/\/vivatatuape.com.br\/portal\/wp-json\/wp\/v2\/pages"}],"about":[{"href":"https:\/\/vivatatuape.com.br\/portal\/wp-json\/wp\/v2\/types\/page"}],"author":[{"embeddable":true,"href":"https:\/\/vivatatuape.com.br\/portal\/wp-json\/wp\/v2\/users\/1"}],"replies":[{"embeddable":true,"href":"https:\/\/vivatatuape.com.br\/portal\/wp-json\/wp\/v2\/comments?post=33896"}],"version-history":[{"count":2,"href":"https:\/\/vivatatuape.com.br\/portal\/wp-json\/wp\/v2\/pages\/33896\/revisions"}],"predecessor-version":[{"id":33930,"href":"https:\/\/vivatatuape.com.br\/portal\/wp-json\/wp\/v2\/pages\/33896\/revisions\/33930"}],"wp:featuredmedia":[{"embeddable":true,"href":"https:\/\/vivatatuape.com.br\/portal\/wp-json\/wp\/v2\/media\/34040"}],"wp:attachment":[{"href":"https:\/\/vivatatuape.com.br\/portal\/wp-json\/wp\/v2\/media?parent=33896"}],"curies":[{"name":"wp","href":"https:\/\/api.w.org\/{rel}","templated":true}]}}