{"id":41813,"date":"2023-07-20T17:53:05","date_gmt":"2023-07-20T17:53:05","guid":{"rendered":"https:\/\/vivatatuape.com.br\/portal\/?page_id=41813"},"modified":"2023-07-20T17:53:05","modified_gmt":"2023-07-20T17:53:05","slug":"restaurantes-mexicanos","status":"publish","type":"page","link":"https:\/\/vivatatuape.com.br\/portal\/restaurantes-mexicanos\/","title":{"rendered":"Restaurantes Mexicanos"},"content":{"rendered":"[inhype_block type=&#8221;postsgrid4&#8243; block_posts_type=&#8221;random&#8221; block_categories=&#8221;4892&#8243; block_posts_limit=&#8221;30&#8243; block_posts_loadmore=&#8221;yes&#8221; block_posts_offset=&#8221;0&#8243;]\n<\/p>\n<hr>\n","protected":false},"excerpt":{"rendered":"<p>[inhype_block type=&#8221;postsgrid4&#8243; block_posts_type=&#8221;random&#8221; block_categories=&#8221;4892&#8243; block_posts_limit=&#8221;30&#8243; block_posts_loadmore=&#8221;yes&#8221; block_posts_offset=&#8221;0&#8243;]<\/p>\n","protected":false},"author":1,"featured_media":0,"parent":0,"menu_order":0,"comment_status":"closed","ping_status":"closed","template":"","meta":{"footnotes":""},"yoast_head":"<!-- This site is optimized with the Yoast SEO plugin v23.3 - https:\/\/yoast.com\/wordpress\/plugins\/seo\/ -->\n<title>Restaurantes Mexicanos - Viva Tatuap\u00e9<\/title>\n<meta name=\"robots\" content=\"index, follow, max-snippet:-1, max-image-preview:large, max-video-preview:-1\" \/>\n<link rel=\"canonical\" href=\"https:\/\/vivatatuape.com.br\/portal\/restaurantes-mexicanos\/\" \/>\n<meta property=\"og:locale\" content=\"pt_BR\" \/>\n<meta property=\"og:type\" content=\"article\" \/>\n<meta property=\"og:title\" content=\"Restaurantes Mexicanos - Viva Tatuap\u00e9\" \/>\n<meta property=\"og:description\" content=\"[inhype_block type=&#8221;postsgrid4&#8243; block_posts_type=&#8221;random&#8221; block_categories=&#8221;4892&#8243; block_posts_limit=&#8221;30&#8243; block_posts_loadmore=&#8221;yes&#8221; block_posts_offset=&#8221;0&#8243;]\" \/>\n<meta property=\"og:url\" content=\"https:\/\/vivatatuape.com.br\/portal\/restaurantes-mexicanos\/\" \/>\n<meta property=\"og:site_name\" content=\"Viva Tatuap\u00e9\" \/>\n<meta property=\"article:publisher\" content=\"http:\/\/www.facebook.com\/vivatatuape\" \/>\n<meta name=\"twitter:card\" content=\"summary_large_image\" \/>\n<meta name=\"twitter:site\" content=\"@viva_tatuape\" \/>\n<script type=\"application\/ld+json\" class=\"yoast-schema-graph\">{\"@context\":\"https:\/\/schema.org\",\"@graph\":[{\"@type\":\"WebPage\",\"@id\":\"https:\/\/vivatatuape.com.br\/portal\/restaurantes-mexicanos\/\",\"url\":\"https:\/\/vivatatuape.com.br\/portal\/restaurantes-mexicanos\/\",\"name\":\"Restaurantes Mexicanos - Viva Tatuap\u00e9\",\"isPartOf\":{\"@id\":\"https:\/\/vivatatuape.com.br\/portal\/#website\"},\"datePublished\":\"2023-07-20T17:53:05+00:00\",\"dateModified\":\"2023-07-20T17:53:05+00:00\",\"breadcrumb\":{\"@id\":\"https:\/\/vivatatuape.com.br\/portal\/restaurantes-mexicanos\/#breadcrumb\"},\"inLanguage\":\"pt-BR\",\"potentialAction\":[{\"@type\":\"ReadAction\",\"target\":[\"https:\/\/vivatatuape.com.br\/portal\/restaurantes-mexicanos\/\"]}]},{\"@type\":\"BreadcrumbList\",\"@id\":\"https:\/\/vivatatuape.com.br\/portal\/restaurantes-mexicanos\/#breadcrumb\",\"itemListElement\":[{\"@type\":\"ListItem\",\"position\":1,\"name\":\"In\u00edcio\",\"item\":\"https:\/\/vivatatuape.com.br\/portal\/\"},{\"@type\":\"ListItem\",\"position\":2,\"name\":\"Restaurantes Mexicanos\"}]},{\"@type\":\"WebSite\",\"@id\":\"https:\/\/vivatatuape.com.br\/portal\/#website\",\"url\":\"https:\/\/vivatatuape.com.br\/portal\/\",\"name\":\"Viva Tatuap\u00e9\",\"description\":\"O melhor do Tatuap\u00e9 voc\u00ea encontra aqui!\",\"potentialAction\":[{\"@type\":\"SearchAction\",\"target\":{\"@type\":\"EntryPoint\",\"urlTemplate\":\"https:\/\/vivatatuape.com.br\/portal\/?s={search_term_string}\"},\"query-input\":\"required name=search_term_string\"}],\"inLanguage\":\"pt-BR\"}]}<\/script>\n<!-- \/ Yoast SEO plugin. -->","yoast_head_json":{"title":"Restaurantes Mexicanos - Viva Tatuap\u00e9","robots":{"index":"index","follow":"follow","max-snippet":"max-snippet:-1","max-image-preview":"max-image-preview:large","max-video-preview":"max-video-preview:-1"},"canonical":"https:\/\/vivatatuape.com.br\/portal\/restaurantes-mexicanos\/","og_locale":"pt_BR","og_type":"article","og_title":"Restaurantes Mexicanos - Viva Tatuap\u00e9","og_description":"[inhype_block type=&#8221;postsgrid4&#8243; block_posts_type=&#8221;random&#8221; block_categories=&#8221;4892&#8243; block_posts_limit=&#8221;30&#8243; block_posts_loadmore=&#8221;yes&#8221; block_posts_offset=&#8221;0&#8243;]","og_url":"https:\/\/vivatatuape.com.br\/portal\/restaurantes-mexicanos\/","og_site_name":"Viva Tatuap\u00e9","article_publisher":"http:\/\/www.facebook.com\/vivatatuape","twitter_card":"summary_large_image","twitter_site":"@viva_tatuape","schema":{"@context":"https:\/\/schema.org","@graph":[{"@type":"WebPage","@id":"https:\/\/vivatatuape.com.br\/portal\/restaurantes-mexicanos\/","url":"https:\/\/vivatatuape.com.br\/portal\/restaurantes-mexicanos\/","name":"Restaurantes Mexicanos - Viva Tatuap\u00e9","isPartOf":{"@id":"https:\/\/vivatatuape.com.br\/portal\/#website"},"datePublished":"2023-07-20T17:53:05+00:00","dateModified":"2023-07-20T17:53:05+00:00","breadcrumb":{"@id":"https:\/\/vivatatuape.com.br\/portal\/restaurantes-mexicanos\/#breadcrumb"},"inLanguage":"pt-BR","potentialAction":[{"@type":"ReadAction","target":["https:\/\/vivatatuape.com.br\/portal\/restaurantes-mexicanos\/"]}]},{"@type":"BreadcrumbList","@id":"https:\/\/vivatatuape.com.br\/portal\/restaurantes-mexicanos\/#breadcrumb","itemListElement":[{"@type":"ListItem","position":1,"name":"In\u00edcio","item":"https:\/\/vivatatuape.com.br\/portal\/"},{"@type":"ListItem","position":2,"name":"Restaurantes Mexicanos"}]},{"@type":"WebSite","@id":"https:\/\/vivatatuape.com.br\/portal\/#website","url":"https:\/\/vivatatuape.com.br\/portal\/","name":"Viva Tatuap\u00e9","description":"O melhor do Tatuap\u00e9 voc\u00ea encontra aqui!","potentialAction":[{"@type":"SearchAction","target":{"@type":"EntryPoint","urlTemplate":"https:\/\/vivatatuape.com.br\/portal\/?s={search_term_string}"},"query-input":"required name=search_term_string"}],"inLanguage":"pt-BR"}]}},"_links":{"self":[{"href":"https:\/\/vivatatuape.com.br\/portal\/wp-json\/wp\/v2\/pages\/41813"}],"collection":[{"href":"https:\/\/vivatatuape.com.br\/portal\/wp-json\/wp\/v2\/pages"}],"about":[{"href":"https:\/\/vivatatuape.com.br\/portal\/wp-json\/wp\/v2\/types\/page"}],"author":[{"embeddable":true,"href":"https:\/\/vivatatuape.com.br\/portal\/wp-json\/wp\/v2\/users\/1"}],"replies":[{"embeddable":true,"href":"https:\/\/vivatatuape.com.br\/portal\/wp-json\/wp\/v2\/comments?post=41813"}],"version-history":[{"count":1,"href":"https:\/\/vivatatuape.com.br\/portal\/wp-json\/wp\/v2\/pages\/41813\/revisions"}],"predecessor-version":[{"id":41814,"href":"https:\/\/vivatatuape.com.br\/portal\/wp-json\/wp\/v2\/pages\/41813\/revisions\/41814"}],"wp:attachment":[{"href":"https:\/\/vivatatuape.com.br\/portal\/wp-json\/wp\/v2\/media?parent=41813"}],"curies":[{"name":"wp","href":"https:\/\/api.w.org\/{rel}","templated":true}]}}