{"id":48154,"date":"2025-01-09T02:27:21","date_gmt":"2025-01-09T02:27:21","guid":{"rendered":"https:\/\/vivatatuape.com.br\/portal\/?page_id=48154"},"modified":"2025-01-24T01:38:15","modified_gmt":"2025-01-24T01:38:15","slug":"como-funciona-divulgar-no-viva-tatuape","status":"publish","type":"page","link":"https:\/\/vivatatuape.com.br\/portal\/como-funciona-divulgar-no-viva-tatuape\/","title":{"rendered":"Como Funciona divulgar no Viva Tatuap\u00e9"},"content":{"rendered":"\t\t<div data-elementor-type=\"wp-page\" data-elementor-id=\"48154\" class=\"elementor elementor-48154\">\n\t\t\t\t<div class=\"elementor-element elementor-element-7cb75fc e-flex e-con-boxed e-con e-parent\" data-id=\"7cb75fc\" data-element_type=\"container\">\n\t\t\t\t\t<div class=\"e-con-inner\">\n\t\t\t\t<div class=\"elementor-element elementor-element-d4846b0 elementor-widget elementor-widget-heading\" data-id=\"d4846b0\" data-element_type=\"widget\" data-widget_type=\"heading.default\">\n\t\t\t\t<div class=\"elementor-widget-container\">\n\t\t\t<h2 class=\"elementor-heading-title elementor-size-default\">Como Funciona divulgar sua empresa no \nViva Tatuap\u00e9<\/h2>\t\t<\/div>\n\t\t\t\t<\/div>\n\t\t\t\t\t<\/div>\n\t\t\t\t<\/div>\n\t\t<div class=\"elementor-element elementor-element-fd9b15d e-flex e-con-boxed e-con e-parent\" data-id=\"fd9b15d\" data-element_type=\"container\">\n\t\t\t\t\t<div class=\"e-con-inner\">\n\t\t\t\t<div class=\"elementor-element elementor-element-1cf18f2 elementor-widget elementor-widget-image\" data-id=\"1cf18f2\" data-element_type=\"widget\" data-widget_type=\"image.default\">\n\t\t\t\t<div class=\"elementor-widget-container\">\n\t\t\t\t\t\t\t\t\t\t\t\t\t<img fetchpriority=\"high\" decoding=\"async\" width=\"2100\" height=\"1200\" src=\"https:\/\/vivatatuape.com.br\/portal\/wp-content\/uploads\/2025\/01\/6976388_4575-1.jpg\" class=\"attachment-full size-full wp-image-48185\" alt=\"\" srcset=\"https:\/\/vivatatuape.com.br\/portal\/wp-content\/uploads\/2025\/01\/6976388_4575-1.jpg 2100w, https:\/\/vivatatuape.com.br\/portal\/wp-content\/uploads\/2025\/01\/6976388_4575-1-300x171.jpg 300w, https:\/\/vivatatuape.com.br\/portal\/wp-content\/uploads\/2025\/01\/6976388_4575-1-1024x585.jpg 1024w, https:\/\/vivatatuape.com.br\/portal\/wp-content\/uploads\/2025\/01\/6976388_4575-1-768x439.jpg 768w, https:\/\/vivatatuape.com.br\/portal\/wp-content\/uploads\/2025\/01\/6976388_4575-1-1536x878.jpg 1536w, https:\/\/vivatatuape.com.br\/portal\/wp-content\/uploads\/2025\/01\/6976388_4575-1-2048x1170.jpg 2048w, https:\/\/vivatatuape.com.br\/portal\/wp-content\/uploads\/2025\/01\/6976388_4575-1-150x86.jpg 150w, https:\/\/vivatatuape.com.br\/portal\/wp-content\/uploads\/2025\/01\/6976388_4575-1-450x257.jpg 450w, https:\/\/vivatatuape.com.br\/portal\/wp-content\/uploads\/2025\/01\/6976388_4575-1-1200x686.jpg 1200w\" sizes=\"(max-width: 2100px) 100vw, 2100px\" \/>\t\t\t\t\t\t\t\t\t\t\t\t\t<\/div>\n\t\t\t\t<\/div>\n\t\t\t\t\t<\/div>\n\t\t\t\t<\/div>\n\t\t<div class=\"elementor-element elementor-element-c3ded02 e-flex e-con-boxed e-con e-parent\" data-id=\"c3ded02\" data-element_type=\"container\">\n\t\t\t\t\t<div class=\"e-con-inner\">\n\t\t\t\t<div class=\"elementor-element elementor-element-9a3267d elementor-widget elementor-widget-heading\" data-id=\"9a3267d\" data-element_type=\"widget\" data-widget_type=\"heading.default\">\n\t\t\t\t<div class=\"elementor-widget-container\">\n\t\t\t<h2 class=\"elementor-heading-title elementor-size-default\">O Viva Tatuap\u00e9 \u00e9 a plataforma perfeita para divulga\u00e7\u00e3o da sua empresa no Tatuap\u00e9\n\n<\/h2>\t\t<\/div>\n\t\t\t\t<\/div>\n\t\t\t\t<div class=\"elementor-element elementor-element-a8b09ea elementor-widget elementor-widget-text-editor\" data-id=\"a8b09ea\" data-element_type=\"widget\" data-widget_type=\"text-editor.default\">\n\t\t\t\t<div class=\"elementor-widget-container\">\n\t\t\t\t\t\t\t<p>O Viva Tatuap\u00e9 conta com mais de 400 mil seguidores nas maiores plataformas e mais de 1 milh\u00e3o de visualiza\u00e7\u00f5es mensais em suas redes sociais.\u00a0Esse p\u00fablico \u00e9 extremamente segmentado com seguidores que moram ou frequentam o Bairro do Tatuap\u00e9.<\/p><p>Ent\u00e3o, se voc\u00ea tem uma empresa ou presta algum servi\u00e7o no Tatuap\u00e9, n\u00f3s podemos oferecer o p\u00fablico exato para uma divulga\u00e7\u00e3o com maior \u00edndice de sucesso.<\/p>\t\t\t\t\t\t<\/div>\n\t\t\t\t<\/div>\n\t\t\t\t\t<\/div>\n\t\t\t\t<\/div>\n\t\t<div class=\"elementor-element elementor-element-bc5d76e e-flex e-con-boxed e-con e-parent\" data-id=\"bc5d76e\" data-element_type=\"container\" data-settings=\"{&quot;background_background&quot;:&quot;classic&quot;}\">\n\t\t\t\t\t<div class=\"e-con-inner\">\n\t\t<div class=\"elementor-element elementor-element-bc96be6 e-con-full e-flex e-con e-child\" data-id=\"bc96be6\" data-element_type=\"container\">\n\t\t\t\t<div class=\"elementor-element elementor-element-6c99c71 elementor-widget elementor-widget-heading\" data-id=\"6c99c71\" data-element_type=\"widget\" data-widget_type=\"heading.default\">\n\t\t\t\t<div class=\"elementor-widget-container\">\n\t\t\t<h2 class=\"elementor-heading-title elementor-size-default\">Divulga\u00e7\u00e3o nas  Redes Sociais<\/h2>\t\t<\/div>\n\t\t\t\t<\/div>\n\t\t\t\t<div class=\"elementor-element elementor-element-2be9491 elementor-widget elementor-widget-text-editor\" data-id=\"2be9491\" data-element_type=\"widget\" data-widget_type=\"text-editor.default\">\n\t\t\t\t<div class=\"elementor-widget-container\">\n\t\t\t\t\t\t\t<p>N\u00e3o existe a &#8220;melhor rede para divulga\u00e7\u00e3o&#8221; mas sim a maneira certa de divulgar em cada rede social.<\/p><p>O Viva Tatuap\u00e9 conta com mais de 400 mil seguidores nas redes sociais e utilizamos as vantagens e o p\u00fablico que cada rede oferece\u00a0 para divulgar sua empresa.<\/p><p>S\u00e3o postagens semanais, quinzenais ou mensais no Instagram, Facebook, Reels, Stories, Thrends, Youtube e TikTok.<\/p><p>No Viva Tatuap\u00e9 sua empresa aparece para milhares de seguidores no formato certo para cada rede social, alcan\u00e7ando um p\u00fablico amplo e diversificado.<\/p>\t\t\t\t\t\t<\/div>\n\t\t\t\t<\/div>\n\t\t\t\t<\/div>\n\t\t<div class=\"elementor-element elementor-element-c278478 e-con-full e-flex e-con e-child\" data-id=\"c278478\" data-element_type=\"container\">\n\t\t\t\t<div class=\"elementor-element elementor-element-88ce0a5 elementor-widget elementor-widget-image\" data-id=\"88ce0a5\" data-element_type=\"widget\" data-widget_type=\"image.default\">\n\t\t\t\t<div class=\"elementor-widget-container\">\n\t\t\t\t\t\t\t\t\t\t\t\t\t<img decoding=\"async\" width=\"788\" height=\"526\" src=\"https:\/\/vivatatuape.com.br\/portal\/wp-content\/uploads\/2025\/01\/10450318_18594724-1-1024x683.jpg\" class=\"attachment-large size-large wp-image-48136\" alt=\"\" srcset=\"https:\/\/vivatatuape.com.br\/portal\/wp-content\/uploads\/2025\/01\/10450318_18594724-1-1024x683.jpg 1024w, https:\/\/vivatatuape.com.br\/portal\/wp-content\/uploads\/2025\/01\/10450318_18594724-1-300x200.jpg 300w, https:\/\/vivatatuape.com.br\/portal\/wp-content\/uploads\/2025\/01\/10450318_18594724-1-768x512.jpg 768w, https:\/\/vivatatuape.com.br\/portal\/wp-content\/uploads\/2025\/01\/10450318_18594724-1-150x100.jpg 150w, https:\/\/vivatatuape.com.br\/portal\/wp-content\/uploads\/2025\/01\/10450318_18594724-1-450x300.jpg 450w, https:\/\/vivatatuape.com.br\/portal\/wp-content\/uploads\/2025\/01\/10450318_18594724-1.jpg 1200w\" sizes=\"(max-width: 788px) 100vw, 788px\" \/>\t\t\t\t\t\t\t\t\t\t\t\t\t<\/div>\n\t\t\t\t<\/div>\n\t\t\t\t<\/div>\n\t\t\t\t\t<\/div>\n\t\t\t\t<\/div>\n\t\t<div class=\"elementor-element elementor-element-13b554d e-flex e-con-boxed e-con e-parent\" data-id=\"13b554d\" data-element_type=\"container\">\n\t\t\t\t\t<div class=\"e-con-inner\">\n\t\t<div class=\"elementor-element elementor-element-69e8637 e-con-full e-flex e-con e-child\" data-id=\"69e8637\" data-element_type=\"container\">\n\t\t\t\t<div class=\"elementor-element elementor-element-237a23b elementor-widget elementor-widget-image\" data-id=\"237a23b\" data-element_type=\"widget\" data-widget_type=\"image.default\">\n\t\t\t\t<div class=\"elementor-widget-container\">\n\t\t\t\t\t\t\t\t\t\t\t\t\t<img decoding=\"async\" width=\"788\" height=\"472\" src=\"https:\/\/vivatatuape.com.br\/portal\/wp-content\/uploads\/2025\/01\/4660580_2446750-1-1024x614.jpg\" class=\"attachment-large size-large wp-image-48187\" alt=\"\" srcset=\"https:\/\/vivatatuape.com.br\/portal\/wp-content\/uploads\/2025\/01\/4660580_2446750-1-1024x614.jpg 1024w, https:\/\/vivatatuape.com.br\/portal\/wp-content\/uploads\/2025\/01\/4660580_2446750-1-300x180.jpg 300w, https:\/\/vivatatuape.com.br\/portal\/wp-content\/uploads\/2025\/01\/4660580_2446750-1-768x461.jpg 768w, https:\/\/vivatatuape.com.br\/portal\/wp-content\/uploads\/2025\/01\/4660580_2446750-1-1536x922.jpg 1536w, https:\/\/vivatatuape.com.br\/portal\/wp-content\/uploads\/2025\/01\/4660580_2446750-1-2048x1229.jpg 2048w, https:\/\/vivatatuape.com.br\/portal\/wp-content\/uploads\/2025\/01\/4660580_2446750-1-150x90.jpg 150w, https:\/\/vivatatuape.com.br\/portal\/wp-content\/uploads\/2025\/01\/4660580_2446750-1-450x270.jpg 450w, https:\/\/vivatatuape.com.br\/portal\/wp-content\/uploads\/2025\/01\/4660580_2446750-1-1200x720.jpg 1200w\" sizes=\"(max-width: 788px) 100vw, 788px\" \/>\t\t\t\t\t\t\t\t\t\t\t\t\t<\/div>\n\t\t\t\t<\/div>\n\t\t\t\t<\/div>\n\t\t<div class=\"elementor-element elementor-element-9945ebc e-con-full e-flex e-con e-child\" data-id=\"9945ebc\" data-element_type=\"container\">\n\t\t\t\t<div class=\"elementor-element elementor-element-a3e4576 elementor-widget elementor-widget-heading\" data-id=\"a3e4576\" data-element_type=\"widget\" data-widget_type=\"heading.default\">\n\t\t\t\t<div class=\"elementor-widget-container\">\n\t\t\t<h2 class=\"elementor-heading-title elementor-size-default\">Cria\u00e7\u00e3o do Material para sua campanha<\/h2>\t\t<\/div>\n\t\t\t\t<\/div>\n\t\t\t\t<div class=\"elementor-element elementor-element-40d8359 elementor-widget elementor-widget-text-editor\" data-id=\"40d8359\" data-element_type=\"widget\" data-widget_type=\"text-editor.default\">\n\t\t\t\t<div class=\"elementor-widget-container\">\n\t\t\t\t\t\t\t<p>N\u00e3o \u00e9 s\u00f3 postar mas sim o que postar! No Vva Tatuap\u00e9 voc\u00ea conta com a cria\u00e7\u00e3o completa do material que ser\u00e1 usado na campanha da sua empresa (fotos e v\u00eddeos).<\/p><p>O Material j\u00e1 \u00e9 criado conforme os formatos necess\u00e1rios para cada rede, seguindo um conceito que mais agrada nossos seguidores.<\/p><p>Um material diferenciado e de alta qualidade, garantindo que sua marca seja apresentada da melhor forma poss\u00edvel.<\/p>\t\t\t\t\t\t<\/div>\n\t\t\t\t<\/div>\n\t\t\t\t<\/div>\n\t\t\t\t\t<\/div>\n\t\t\t\t<\/div>\n\t\t<div class=\"elementor-element elementor-element-3f06459 e-flex e-con-boxed e-con e-parent\" data-id=\"3f06459\" data-element_type=\"container\" data-settings=\"{&quot;background_background&quot;:&quot;classic&quot;}\">\n\t\t\t\t\t<div class=\"e-con-inner\">\n\t\t<div class=\"elementor-element elementor-element-aff13c1 e-con-full e-flex e-con e-child\" data-id=\"aff13c1\" data-element_type=\"container\">\n\t\t\t\t<div class=\"elementor-element elementor-element-1ec5cd7 elementor-widget elementor-widget-heading\" data-id=\"1ec5cd7\" data-element_type=\"widget\" data-widget_type=\"heading.default\">\n\t\t\t\t<div class=\"elementor-widget-container\">\n\t\t\t<h2 class=\"elementor-heading-title elementor-size-default\">Uma p\u00e1ginas da sua empresa no nosso portal<\/h2>\t\t<\/div>\n\t\t\t\t<\/div>\n\t\t\t\t<div class=\"elementor-element elementor-element-1ab64e0 elementor-widget elementor-widget-text-editor\" data-id=\"1ab64e0\" data-element_type=\"widget\" data-widget_type=\"text-editor.default\">\n\t\t\t\t<div class=\"elementor-widget-container\">\n\t\t\t\t\t\t\t<ul><li><p><strong>P\u00e1ginas no site<\/strong>: Criamos p\u00e1ginas dedicadas no nosso portal para destacar seus produtos e servi\u00e7os.<\/p><\/li><li><p>\u00a0<\/p><\/li><li><p><strong>Mat\u00e9rias com dicas no bairro<\/strong>: Inclu\u00edmos sua empresa em mat\u00e9rias relevantes, aumentando sua exposi\u00e7\u00e3o.<\/p><\/li><li><p>\u00a0<\/p><\/li><li><p><strong>Banners no site<\/strong>: Utilizamos banners estrat\u00e9gicos para promover sua marca.<\/p><\/li><\/ul>\t\t\t\t\t\t<\/div>\n\t\t\t\t<\/div>\n\t\t\t\t<\/div>\n\t\t<div class=\"elementor-element elementor-element-2bff957 e-con-full e-flex e-con e-child\" data-id=\"2bff957\" data-element_type=\"container\">\n\t\t\t\t<div class=\"elementor-element elementor-element-e8e70e6 elementor-widget elementor-widget-image\" data-id=\"e8e70e6\" data-element_type=\"widget\" data-widget_type=\"image.default\">\n\t\t\t\t<div class=\"elementor-widget-container\">\n\t\t\t\t\t\t\t\t\t\t\t\t\t<img loading=\"lazy\" decoding=\"async\" width=\"788\" height=\"526\" src=\"https:\/\/vivatatuape.com.br\/portal\/wp-content\/uploads\/2025\/01\/5421738_2842708-1024x683.jpg\" class=\"attachment-large size-large wp-image-48186\" alt=\"\" srcset=\"https:\/\/vivatatuape.com.br\/portal\/wp-content\/uploads\/2025\/01\/5421738_2842708-1024x683.jpg 1024w, https:\/\/vivatatuape.com.br\/portal\/wp-content\/uploads\/2025\/01\/5421738_2842708-300x200.jpg 300w, https:\/\/vivatatuape.com.br\/portal\/wp-content\/uploads\/2025\/01\/5421738_2842708-768x512.jpg 768w, https:\/\/vivatatuape.com.br\/portal\/wp-content\/uploads\/2025\/01\/5421738_2842708-1536x1024.jpg 1536w, https:\/\/vivatatuape.com.br\/portal\/wp-content\/uploads\/2025\/01\/5421738_2842708-2048x1365.jpg 2048w, https:\/\/vivatatuape.com.br\/portal\/wp-content\/uploads\/2025\/01\/5421738_2842708-150x100.jpg 150w, https:\/\/vivatatuape.com.br\/portal\/wp-content\/uploads\/2025\/01\/5421738_2842708-450x300.jpg 450w, https:\/\/vivatatuape.com.br\/portal\/wp-content\/uploads\/2025\/01\/5421738_2842708-1200x800.jpg 1200w\" sizes=\"(max-width: 788px) 100vw, 788px\" \/>\t\t\t\t\t\t\t\t\t\t\t\t\t<\/div>\n\t\t\t\t<\/div>\n\t\t\t\t<\/div>\n\t\t\t\t\t<\/div>\n\t\t\t\t<\/div>\n\t\t<div class=\"elementor-element elementor-element-9ffe663 e-flex e-con-boxed e-con e-parent\" data-id=\"9ffe663\" data-element_type=\"container\">\n\t\t\t\t\t<div class=\"e-con-inner\">\n\t\t<div class=\"elementor-element elementor-element-45d155e e-con-full e-flex e-con e-child\" data-id=\"45d155e\" data-element_type=\"container\">\n\t\t\t\t<div class=\"elementor-element elementor-element-dd78bb8 elementor-widget elementor-widget-image\" data-id=\"dd78bb8\" data-element_type=\"widget\" data-widget_type=\"image.default\">\n\t\t\t\t<div class=\"elementor-widget-container\">\n\t\t\t\t\t\t\t\t\t\t\t\t\t<img loading=\"lazy\" decoding=\"async\" width=\"788\" height=\"533\" src=\"https:\/\/vivatatuape.com.br\/portal\/wp-content\/uploads\/2025\/01\/marketing-analysts-developing-strategy_179970-47-1024x693.jpg\" class=\"attachment-large size-large wp-image-48119\" alt=\"\" srcset=\"https:\/\/vivatatuape.com.br\/portal\/wp-content\/uploads\/2025\/01\/marketing-analysts-developing-strategy_179970-47-1024x693.jpg 1024w, https:\/\/vivatatuape.com.br\/portal\/wp-content\/uploads\/2025\/01\/marketing-analysts-developing-strategy_179970-47-300x203.jpg 300w, https:\/\/vivatatuape.com.br\/portal\/wp-content\/uploads\/2025\/01\/marketing-analysts-developing-strategy_179970-47-768x520.jpg 768w, https:\/\/vivatatuape.com.br\/portal\/wp-content\/uploads\/2025\/01\/marketing-analysts-developing-strategy_179970-47-150x102.jpg 150w, https:\/\/vivatatuape.com.br\/portal\/wp-content\/uploads\/2025\/01\/marketing-analysts-developing-strategy_179970-47-450x305.jpg 450w, https:\/\/vivatatuape.com.br\/portal\/wp-content\/uploads\/2025\/01\/marketing-analysts-developing-strategy_179970-47-1200x812.jpg 1200w, https:\/\/vivatatuape.com.br\/portal\/wp-content\/uploads\/2025\/01\/marketing-analysts-developing-strategy_179970-47.jpg 1380w\" sizes=\"(max-width: 788px) 100vw, 788px\" \/>\t\t\t\t\t\t\t\t\t\t\t\t\t<\/div>\n\t\t\t\t<\/div>\n\t\t\t\t<\/div>\n\t\t<div class=\"elementor-element elementor-element-5311f11 e-con-full e-flex e-con e-child\" data-id=\"5311f11\" data-element_type=\"container\">\n\t\t\t\t<div class=\"elementor-element elementor-element-a505993 elementor-widget elementor-widget-heading\" data-id=\"a505993\" data-element_type=\"widget\" data-widget_type=\"heading.default\">\n\t\t\t\t<div class=\"elementor-widget-container\">\n\t\t\t<h2 class=\"elementor-heading-title elementor-size-default\">Monitoramento de campanhas:<\/h2>\t\t<\/div>\n\t\t\t\t<\/div>\n\t\t\t\t<div class=\"elementor-element elementor-element-de80b48 elementor-widget elementor-widget-text-editor\" data-id=\"de80b48\" data-element_type=\"widget\" data-widget_type=\"text-editor.default\">\n\t\t\t\t<div class=\"elementor-widget-container\">\n\t\t\t\t\t\t\t<p>Cada campanha realizada no Viva Tatuap\u00e9 \u00e9 monitorada de perto, ajustando estrat\u00e9gias conforme necess\u00e1rio para garantir os melhores resultados.<\/p><p>e os resultados podem ser acompanhados em uma p\u00e1gina exclusiva de cada cliente, onde todas as postagens e resultados s\u00e3o exibidos.<\/p><p>\u00a0<\/p>\t\t\t\t\t\t<\/div>\n\t\t\t\t<\/div>\n\t\t\t\t<\/div>\n\t\t\t\t\t<\/div>\n\t\t\t\t<\/div>\n\t\t\t\t<\/div>\n\t\t","protected":false},"excerpt":{"rendered":"<p>Como Funciona divulgar sua empresa no Viva Tatuap\u00e9 O Viva Tatuap\u00e9 \u00e9 a plataforma perfeita para divulga\u00e7\u00e3o da sua empresa no Tatuap\u00e9 O Viva Tatuap\u00e9 conta com mais de 400 mil seguidores nas maiores plataformas e mais de 1 milh\u00e3o de visualiza\u00e7\u00f5es mensais em suas redes sociais.\u00a0Esse p\u00fablico \u00e9 extremamente segmentado com seguidores que moram<\/p>\n","protected":false},"author":1,"featured_media":0,"parent":0,"menu_order":0,"comment_status":"closed","ping_status":"closed","template":"page-templates\/no-wrapper.php","meta":{"footnotes":""},"yoast_head":"<!-- This site is optimized with the Yoast SEO plugin v23.3 - https:\/\/yoast.com\/wordpress\/plugins\/seo\/ -->\n<title>Como Funciona divulgar no Viva Tatuap\u00e9 - Viva Tatuap\u00e9<\/title>\n<meta name=\"robots\" content=\"index, follow, max-snippet:-1, max-image-preview:large, max-video-preview:-1\" \/>\n<link rel=\"canonical\" href=\"https:\/\/vivatatuape.com.br\/portal\/como-funciona-divulgar-no-viva-tatuape\/\" \/>\n<meta property=\"og:locale\" content=\"pt_BR\" \/>\n<meta property=\"og:type\" content=\"article\" \/>\n<meta property=\"og:title\" content=\"Como Funciona divulgar no Viva Tatuap\u00e9 - Viva Tatuap\u00e9\" \/>\n<meta property=\"og:description\" content=\"Como Funciona divulgar sua empresa no Viva Tatuap\u00e9 O Viva Tatuap\u00e9 \u00e9 a plataforma perfeita para divulga\u00e7\u00e3o da sua empresa no Tatuap\u00e9 O Viva Tatuap\u00e9 conta com mais de 400 mil seguidores nas maiores plataformas e mais de 1 milh\u00e3o de visualiza\u00e7\u00f5es mensais em suas redes sociais.\u00a0Esse p\u00fablico \u00e9 extremamente segmentado com seguidores que moram\" \/>\n<meta property=\"og:url\" content=\"https:\/\/vivatatuape.com.br\/portal\/como-funciona-divulgar-no-viva-tatuape\/\" \/>\n<meta property=\"og:site_name\" content=\"Viva Tatuap\u00e9\" \/>\n<meta property=\"article:publisher\" content=\"http:\/\/www.facebook.com\/vivatatuape\" \/>\n<meta property=\"article:modified_time\" content=\"2025-01-24T01:38:15+00:00\" \/>\n<meta property=\"og:image\" content=\"http:\/\/vivatatuape.com.br\/portal\/wp-content\/uploads\/2025\/01\/6976388_4575-1.jpg\" \/>\n<meta name=\"twitter:card\" content=\"summary_large_image\" \/>\n<meta name=\"twitter:site\" content=\"@viva_tatuape\" \/>\n<meta name=\"twitter:label1\" content=\"Est. tempo de leitura\" \/>\n\t<meta name=\"twitter:data1\" content=\"3 minutos\" \/>\n<script type=\"application\/ld+json\" class=\"yoast-schema-graph\">{\"@context\":\"https:\/\/schema.org\",\"@graph\":[{\"@type\":\"WebPage\",\"@id\":\"https:\/\/vivatatuape.com.br\/portal\/como-funciona-divulgar-no-viva-tatuape\/\",\"url\":\"https:\/\/vivatatuape.com.br\/portal\/como-funciona-divulgar-no-viva-tatuape\/\",\"name\":\"Como Funciona divulgar no Viva Tatuap\u00e9 - Viva Tatuap\u00e9\",\"isPartOf\":{\"@id\":\"https:\/\/vivatatuape.com.br\/portal\/#website\"},\"primaryImageOfPage\":{\"@id\":\"https:\/\/vivatatuape.com.br\/portal\/como-funciona-divulgar-no-viva-tatuape\/#primaryimage\"},\"image\":{\"@id\":\"https:\/\/vivatatuape.com.br\/portal\/como-funciona-divulgar-no-viva-tatuape\/#primaryimage\"},\"thumbnailUrl\":\"http:\/\/vivatatuape.com.br\/portal\/wp-content\/uploads\/2025\/01\/6976388_4575-1.jpg\",\"datePublished\":\"2025-01-09T02:27:21+00:00\",\"dateModified\":\"2025-01-24T01:38:15+00:00\",\"breadcrumb\":{\"@id\":\"https:\/\/vivatatuape.com.br\/portal\/como-funciona-divulgar-no-viva-tatuape\/#breadcrumb\"},\"inLanguage\":\"pt-BR\",\"potentialAction\":[{\"@type\":\"ReadAction\",\"target\":[\"https:\/\/vivatatuape.com.br\/portal\/como-funciona-divulgar-no-viva-tatuape\/\"]}]},{\"@type\":\"ImageObject\",\"inLanguage\":\"pt-BR\",\"@id\":\"https:\/\/vivatatuape.com.br\/portal\/como-funciona-divulgar-no-viva-tatuape\/#primaryimage\",\"url\":\"https:\/\/vivatatuape.com.br\/portal\/wp-content\/uploads\/2025\/01\/6976388_4575-1.jpg\",\"contentUrl\":\"https:\/\/vivatatuape.com.br\/portal\/wp-content\/uploads\/2025\/01\/6976388_4575-1.jpg\",\"width\":2100,\"height\":1200},{\"@type\":\"BreadcrumbList\",\"@id\":\"https:\/\/vivatatuape.com.br\/portal\/como-funciona-divulgar-no-viva-tatuape\/#breadcrumb\",\"itemListElement\":[{\"@type\":\"ListItem\",\"position\":1,\"name\":\"In\u00edcio\",\"item\":\"https:\/\/vivatatuape.com.br\/portal\/\"},{\"@type\":\"ListItem\",\"position\":2,\"name\":\"Como Funciona divulgar no Viva Tatuap\u00e9\"}]},{\"@type\":\"WebSite\",\"@id\":\"https:\/\/vivatatuape.com.br\/portal\/#website\",\"url\":\"https:\/\/vivatatuape.com.br\/portal\/\",\"name\":\"Viva Tatuap\u00e9\",\"description\":\"O melhor do Tatuap\u00e9 voc\u00ea encontra aqui!\",\"potentialAction\":[{\"@type\":\"SearchAction\",\"target\":{\"@type\":\"EntryPoint\",\"urlTemplate\":\"https:\/\/vivatatuape.com.br\/portal\/?s={search_term_string}\"},\"query-input\":\"required name=search_term_string\"}],\"inLanguage\":\"pt-BR\"}]}<\/script>\n<!-- \/ Yoast SEO plugin. -->","yoast_head_json":{"title":"Como Funciona divulgar no Viva Tatuap\u00e9 - Viva Tatuap\u00e9","robots":{"index":"index","follow":"follow","max-snippet":"max-snippet:-1","max-image-preview":"max-image-preview:large","max-video-preview":"max-video-preview:-1"},"canonical":"https:\/\/vivatatuape.com.br\/portal\/como-funciona-divulgar-no-viva-tatuape\/","og_locale":"pt_BR","og_type":"article","og_title":"Como Funciona divulgar no Viva Tatuap\u00e9 - Viva Tatuap\u00e9","og_description":"Como Funciona divulgar sua empresa no Viva Tatuap\u00e9 O Viva Tatuap\u00e9 \u00e9 a plataforma perfeita para divulga\u00e7\u00e3o da sua empresa no Tatuap\u00e9 O Viva Tatuap\u00e9 conta com mais de 400 mil seguidores nas maiores plataformas e mais de 1 milh\u00e3o de visualiza\u00e7\u00f5es mensais em suas redes sociais.\u00a0Esse p\u00fablico \u00e9 extremamente segmentado com seguidores que moram","og_url":"https:\/\/vivatatuape.com.br\/portal\/como-funciona-divulgar-no-viva-tatuape\/","og_site_name":"Viva Tatuap\u00e9","article_publisher":"http:\/\/www.facebook.com\/vivatatuape","article_modified_time":"2025-01-24T01:38:15+00:00","og_image":[{"url":"http:\/\/vivatatuape.com.br\/portal\/wp-content\/uploads\/2025\/01\/6976388_4575-1.jpg"}],"twitter_card":"summary_large_image","twitter_site":"@viva_tatuape","twitter_misc":{"Est. tempo de leitura":"3 minutos"},"schema":{"@context":"https:\/\/schema.org","@graph":[{"@type":"WebPage","@id":"https:\/\/vivatatuape.com.br\/portal\/como-funciona-divulgar-no-viva-tatuape\/","url":"https:\/\/vivatatuape.com.br\/portal\/como-funciona-divulgar-no-viva-tatuape\/","name":"Como Funciona divulgar no Viva Tatuap\u00e9 - Viva Tatuap\u00e9","isPartOf":{"@id":"https:\/\/vivatatuape.com.br\/portal\/#website"},"primaryImageOfPage":{"@id":"https:\/\/vivatatuape.com.br\/portal\/como-funciona-divulgar-no-viva-tatuape\/#primaryimage"},"image":{"@id":"https:\/\/vivatatuape.com.br\/portal\/como-funciona-divulgar-no-viva-tatuape\/#primaryimage"},"thumbnailUrl":"http:\/\/vivatatuape.com.br\/portal\/wp-content\/uploads\/2025\/01\/6976388_4575-1.jpg","datePublished":"2025-01-09T02:27:21+00:00","dateModified":"2025-01-24T01:38:15+00:00","breadcrumb":{"@id":"https:\/\/vivatatuape.com.br\/portal\/como-funciona-divulgar-no-viva-tatuape\/#breadcrumb"},"inLanguage":"pt-BR","potentialAction":[{"@type":"ReadAction","target":["https:\/\/vivatatuape.com.br\/portal\/como-funciona-divulgar-no-viva-tatuape\/"]}]},{"@type":"ImageObject","inLanguage":"pt-BR","@id":"https:\/\/vivatatuape.com.br\/portal\/como-funciona-divulgar-no-viva-tatuape\/#primaryimage","url":"https:\/\/vivatatuape.com.br\/portal\/wp-content\/uploads\/2025\/01\/6976388_4575-1.jpg","contentUrl":"https:\/\/vivatatuape.com.br\/portal\/wp-content\/uploads\/2025\/01\/6976388_4575-1.jpg","width":2100,"height":1200},{"@type":"BreadcrumbList","@id":"https:\/\/vivatatuape.com.br\/portal\/como-funciona-divulgar-no-viva-tatuape\/#breadcrumb","itemListElement":[{"@type":"ListItem","position":1,"name":"In\u00edcio","item":"https:\/\/vivatatuape.com.br\/portal\/"},{"@type":"ListItem","position":2,"name":"Como Funciona divulgar no Viva Tatuap\u00e9"}]},{"@type":"WebSite","@id":"https:\/\/vivatatuape.com.br\/portal\/#website","url":"https:\/\/vivatatuape.com.br\/portal\/","name":"Viva Tatuap\u00e9","description":"O melhor do Tatuap\u00e9 voc\u00ea encontra aqui!","potentialAction":[{"@type":"SearchAction","target":{"@type":"EntryPoint","urlTemplate":"https:\/\/vivatatuape.com.br\/portal\/?s={search_term_string}"},"query-input":"required name=search_term_string"}],"inLanguage":"pt-BR"}]}},"_links":{"self":[{"href":"https:\/\/vivatatuape.com.br\/portal\/wp-json\/wp\/v2\/pages\/48154"}],"collection":[{"href":"https:\/\/vivatatuape.com.br\/portal\/wp-json\/wp\/v2\/pages"}],"about":[{"href":"https:\/\/vivatatuape.com.br\/portal\/wp-json\/wp\/v2\/types\/page"}],"author":[{"embeddable":true,"href":"https:\/\/vivatatuape.com.br\/portal\/wp-json\/wp\/v2\/users\/1"}],"replies":[{"embeddable":true,"href":"https:\/\/vivatatuape.com.br\/portal\/wp-json\/wp\/v2\/comments?post=48154"}],"version-history":[{"count":12,"href":"https:\/\/vivatatuape.com.br\/portal\/wp-json\/wp\/v2\/pages\/48154\/revisions"}],"predecessor-version":[{"id":48383,"href":"https:\/\/vivatatuape.com.br\/portal\/wp-json\/wp\/v2\/pages\/48154\/revisions\/48383"}],"wp:attachment":[{"href":"https:\/\/vivatatuape.com.br\/portal\/wp-json\/wp\/v2\/media?parent=48154"}],"curies":[{"name":"wp","href":"https:\/\/api.w.org\/{rel}","templated":true}]}}