{"id":48369,"date":"2025-01-24T01:10:44","date_gmt":"2025-01-24T01:10:44","guid":{"rendered":"https:\/\/vivatatuape.com.br\/portal\/?page_id=48369"},"modified":"2025-08-12T22:59:58","modified_gmt":"2025-08-12T22:59:58","slug":"formulario-de-contato-planos","status":"publish","type":"page","link":"https:\/\/vivatatuape.com.br\/portal\/formulario-de-contato-planos\/","title":{"rendered":"Formul\u00e1rio de Contato Planos"},"content":{"rendered":"\t\t<div data-elementor-type=\"wp-page\" data-elementor-id=\"48369\" class=\"elementor elementor-48369\">\n\t\t\t\t<div class=\"elementor-element elementor-element-4e75f81 e-con-full e-flex e-con e-parent\" data-id=\"4e75f81\" data-element_type=\"container\" data-settings=\"{&quot;background_background&quot;:&quot;classic&quot;}\">\n\t\t\t\t<div class=\"elementor-element elementor-element-08b41ec elementor-widget elementor-widget-image\" data-id=\"08b41ec\" data-element_type=\"widget\" data-widget_type=\"image.default\">\n\t\t\t\t<div class=\"elementor-widget-container\">\n\t\t\t\t\t\t\t\t\t\t\t\t\t\t<a href=\"https:\/\/bit.ly\/3Mai75f\" target=\"_blank\">\n\t\t\t\t\t\t\t<img fetchpriority=\"high\" decoding=\"async\" width=\"1700\" height=\"720\" src=\"https:\/\/vivatatuape.com.br\/portal\/wp-content\/uploads\/2025\/08\/Novo-Projeto-44.png\" class=\"attachment-full size-full wp-image-50066\" alt=\"\" srcset=\"https:\/\/vivatatuape.com.br\/portal\/wp-content\/uploads\/2025\/08\/Novo-Projeto-44.png 1700w, https:\/\/vivatatuape.com.br\/portal\/wp-content\/uploads\/2025\/08\/Novo-Projeto-44-300x127.png 300w, https:\/\/vivatatuape.com.br\/portal\/wp-content\/uploads\/2025\/08\/Novo-Projeto-44-1024x434.png 1024w, https:\/\/vivatatuape.com.br\/portal\/wp-content\/uploads\/2025\/08\/Novo-Projeto-44-768x325.png 768w, https:\/\/vivatatuape.com.br\/portal\/wp-content\/uploads\/2025\/08\/Novo-Projeto-44-1536x651.png 1536w, https:\/\/vivatatuape.com.br\/portal\/wp-content\/uploads\/2025\/08\/Novo-Projeto-44-150x64.png 150w, https:\/\/vivatatuape.com.br\/portal\/wp-content\/uploads\/2025\/08\/Novo-Projeto-44-450x191.png 450w, https:\/\/vivatatuape.com.br\/portal\/wp-content\/uploads\/2025\/08\/Novo-Projeto-44-1200x508.png 1200w\" sizes=\"(max-width: 1700px) 100vw, 1700px\" \/>\t\t\t\t\t\t\t\t<\/a>\n\t\t\t\t\t\t\t\t\t\t\t\t\t<\/div>\n\t\t\t\t<\/div>\n\t\t\t\t<\/div>\n\t\t<div class=\"elementor-element elementor-element-4d6f26b e-flex e-con-boxed e-con e-parent\" data-id=\"4d6f26b\" data-element_type=\"container\" data-settings=\"{&quot;background_background&quot;:&quot;classic&quot;}\">\n\t\t\t\t\t<div class=\"e-con-inner\">\n\t\t\t\t<div class=\"elementor-element elementor-element-04e884f elementor-widget elementor-widget-heading\" data-id=\"04e884f\" data-element_type=\"widget\" data-widget_type=\"heading.default\">\n\t\t\t\t<div class=\"elementor-widget-container\">\n\t\t\t<h2 class=\"elementor-heading-title elementor-size-default\">Fa\u00e7a seu cadastro e comece hoje mesmo a divulga\u00e7\u00e3o da sua empresa com o Viva Tatuap\u00e9.<\/h2>\t\t<\/div>\n\t\t\t\t<\/div>\n\t\t\t\t<div class=\"elementor-element elementor-element-2063f7a elementor-widget elementor-widget-heading\" data-id=\"2063f7a\" data-element_type=\"widget\" data-widget_type=\"heading.default\">\n\t\t\t\t<div class=\"elementor-widget-container\">\n\t\t\t<h2 class=\"elementor-heading-title elementor-size-default\">\nPreencha o cadastro abaixo que nossa equipe entrar\u00e1 em contato com voc\u00ea o mais r\u00e1pido poss\u00edvel.<\/h2>\t\t<\/div>\n\t\t\t\t<\/div>\n\t\t\t\t<div class=\"elementor-element elementor-element-2287339 elementor-widget-divider--view-line elementor-widget elementor-widget-divider\" data-id=\"2287339\" data-element_type=\"widget\" data-widget_type=\"divider.default\">\n\t\t\t\t<div class=\"elementor-widget-container\">\n\t\t\t\t\t<div class=\"elementor-divider\">\n\t\t\t<span class=\"elementor-divider-separator\">\n\t\t\t\t\t\t<\/span>\n\t\t<\/div>\n\t\t\t\t<\/div>\n\t\t\t\t<\/div>\n\t\t\t\t<div class=\"elementor-element elementor-element-7d72796 elementor-widget elementor-widget-shortcode\" data-id=\"7d72796\" data-element_type=\"widget\" data-widget_type=\"shortcode.default\">\n\t\t\t\t<div class=\"elementor-widget-container\">\n\t\t\t\t\t<div class=\"elementor-shortcode\"><div class=\"wpforms-container wpforms-container-full wpforms-render-modern\" id=\"wpforms-48339\"><form id=\"wpforms-form-48339\" class=\"wpforms-validate wpforms-form wpforms-ajax-form\" data-formid=\"48339\" method=\"post\" enctype=\"multipart\/form-data\" action=\"\/portal\/wp-json\/wp\/v2\/pages\/48369\" data-token=\"60e1340654075da319eddd2b2d863347\" data-token-time=\"1775570496\"><noscript class=\"wpforms-error-noscript\">Ative o JavaScript no seu navegador para preencher este formul\u00e1rio.<\/noscript><div class=\"wpforms-hidden\" id=\"wpforms-error-noscript\">Ative o JavaScript no seu navegador para preencher este formul\u00e1rio.<\/div><div class=\"wpforms-field-container\"><div id=\"wpforms-48339-field_1-container\" class=\"wpforms-field wpforms-field-name\" data-field-id=\"1\"><fieldset><legend class=\"wpforms-field-label\">Seu Nome <span class=\"wpforms-required-label\" aria-hidden=\"true\">*<\/span><\/legend><div class=\"wpforms-field-row wpforms-field-medium\"><div class=\"wpforms-field-row-block wpforms-first wpforms-one-half\"><input type=\"text\" id=\"wpforms-48339-field_1\" class=\"wpforms-field-name-first wpforms-field-required\" name=\"wpforms[fields][1][first]\" aria-errormessage=\"wpforms-48339-field_1-error\" required><label for=\"wpforms-48339-field_1\" class=\"wpforms-field-sublabel after\">Nome<\/label><\/div><div class=\"wpforms-field-row-block wpforms-one-half\"><input type=\"text\" id=\"wpforms-48339-field_1-last\" class=\"wpforms-field-name-last wpforms-field-required\" name=\"wpforms[fields][1][last]\" aria-errormessage=\"wpforms-48339-field_1-last-error\" required><label for=\"wpforms-48339-field_1-last\" class=\"wpforms-field-sublabel after\">Sobrenome<\/label><\/div><\/div><\/fieldset><\/div><div id=\"wpforms-48339-field_3-container\" class=\"wpforms-field wpforms-field-text\" data-field-id=\"3\"><label class=\"wpforms-field-label\" for=\"wpforms-48339-field_3\">Nome da sua empresa<\/label><input type=\"text\" id=\"wpforms-48339-field_3\" class=\"wpforms-field-medium\" name=\"wpforms[fields][3]\" aria-errormessage=\"wpforms-48339-field_3-error\" ><\/div><div id=\"wpforms-48339-field_4-container\" class=\"wpforms-field wpforms-field-text\" data-field-id=\"4\"><label class=\"wpforms-field-label\" for=\"wpforms-48339-field_4\">Ramo de atividade que sua empresa atua.<\/label><input type=\"text\" id=\"wpforms-48339-field_4\" class=\"wpforms-field-medium\" name=\"wpforms[fields][4]\" aria-errormessage=\"wpforms-48339-field_4-error\" ><\/div><div id=\"wpforms-48339-field_6-container\" class=\"wpforms-field wpforms-field-number\" data-field-id=\"6\"><label class=\"wpforms-field-label\" for=\"wpforms-48339-field_6\">Seu celular<\/label><input type=\"number\" id=\"wpforms-48339-field_6\" class=\"wpforms-field-medium\" name=\"wpforms[fields][6]\" step=\"any\" aria-errormessage=\"wpforms-48339-field_6-error\" ><\/div><div id=\"wpforms-48339-field_8-container\" class=\"wpforms-field wpforms-field-text\" data-field-id=\"8\"><label class=\"wpforms-field-label\" for=\"wpforms-48339-field_8\">Deixe o seu Instagram<\/label><input type=\"text\" id=\"wpforms-48339-field_8\" class=\"wpforms-field-medium\" name=\"wpforms[fields][8]\" aria-errormessage=\"wpforms-48339-field_8-error\" aria-describedby=\"wpforms-48339-field_8-description\" ><div id=\"wpforms-48339-field_8-description\" class=\"wpforms-field-description\">@nomedasuaempresa<\/div><\/div><div id=\"wpforms-48339-field_10-container\" class=\"wpforms-field wpforms-field-email\" data-field-id=\"10\"><label class=\"wpforms-field-label\" for=\"wpforms-48339-field_10\">Seu e-mail para contato. <span class=\"wpforms-required-label\" aria-hidden=\"true\">*<\/span><\/label><input type=\"email\" id=\"wpforms-48339-field_10\" class=\"wpforms-field-medium wpforms-field-required\" name=\"wpforms[fields][10]\" spellcheck=\"false\" aria-errormessage=\"wpforms-48339-field_10-error\" required><\/div><div id=\"wpforms-48339-field_5-container\" class=\"wpforms-field wpforms-field-text\" data-field-id=\"5\"><label class=\"wpforms-field-label\" for=\"wpforms-48339-field_5\">Endere\u00e7o da sua empresa.<\/label><input type=\"text\" id=\"wpforms-48339-field_5\" class=\"wpforms-field-medium\" name=\"wpforms[fields][5]\" aria-errormessage=\"wpforms-48339-field_5-error\" ><\/div><div id=\"wpforms-48339-field_11-container\" class=\"wpforms-field wpforms-field-checkbox\" data-field-id=\"11\"><fieldset><legend class=\"wpforms-field-label\">Quais redes sociais a sua empresa utiliza?<\/legend><ul id=\"wpforms-48339-field_11\"><li class=\"choice-1 depth-1\"><input type=\"checkbox\" id=\"wpforms-48339-field_11_1\" name=\"wpforms[fields][11][]\" value=\"Instagram\" aria-errormessage=\"wpforms-48339-field_11_1-error\"  ><label class=\"wpforms-field-label-inline\" for=\"wpforms-48339-field_11_1\">Instagram<\/label><\/li><li class=\"choice-2 depth-1\"><input type=\"checkbox\" id=\"wpforms-48339-field_11_2\" name=\"wpforms[fields][11][]\" value=\"Facebook\" aria-errormessage=\"wpforms-48339-field_11_2-error\"  ><label class=\"wpforms-field-label-inline\" for=\"wpforms-48339-field_11_2\">Facebook<\/label><\/li><li class=\"choice-3 depth-1\"><input type=\"checkbox\" id=\"wpforms-48339-field_11_3\" name=\"wpforms[fields][11][]\" value=\"TikTok\" aria-errormessage=\"wpforms-48339-field_11_3-error\"  ><label class=\"wpforms-field-label-inline\" for=\"wpforms-48339-field_11_3\">TikTok<\/label><\/li><li class=\"choice-7 depth-1\"><input type=\"checkbox\" id=\"wpforms-48339-field_11_7\" name=\"wpforms[fields][11][]\" value=\"WhatsApp\" aria-errormessage=\"wpforms-48339-field_11_7-error\"  ><label class=\"wpforms-field-label-inline\" for=\"wpforms-48339-field_11_7\">WhatsApp<\/label><\/li><li class=\"choice-6 depth-1\"><input type=\"checkbox\" id=\"wpforms-48339-field_11_6\" name=\"wpforms[fields][11][]\" value=\"X (Antigo twitter)\" aria-errormessage=\"wpforms-48339-field_11_6-error\"  ><label class=\"wpforms-field-label-inline\" for=\"wpforms-48339-field_11_6\">X (Antigo twitter)<\/label><\/li><li class=\"choice-5 depth-1\"><input type=\"checkbox\" id=\"wpforms-48339-field_11_5\" name=\"wpforms[fields][11][]\" value=\"Thrends\" aria-errormessage=\"wpforms-48339-field_11_5-error\"  ><label class=\"wpforms-field-label-inline\" for=\"wpforms-48339-field_11_5\">Thrends<\/label><\/li><li class=\"choice-4 depth-1\"><input type=\"checkbox\" id=\"wpforms-48339-field_11_4\" name=\"wpforms[fields][11][]\" value=\"Youtube\" aria-errormessage=\"wpforms-48339-field_11_4-error\"  ><label class=\"wpforms-field-label-inline\" for=\"wpforms-48339-field_11_4\">Youtube<\/label><\/li><li class=\"choice-8 depth-1\"><input type=\"checkbox\" id=\"wpforms-48339-field_11_8\" name=\"wpforms[fields][11][]\" value=\"Outros\" aria-errormessage=\"wpforms-48339-field_11_8-error\"  ><label class=\"wpforms-field-label-inline\" for=\"wpforms-48339-field_11_8\">Outros<\/label><\/li><\/ul><\/fieldset><\/div><div id=\"wpforms-48339-field_2-container\" class=\"wpforms-field wpforms-field-textarea\" data-field-id=\"2\"><label class=\"wpforms-field-label\" for=\"wpforms-48339-field_2\">Conte um pouco sobre sua empresa, seu trabalho ou seu produto<\/label><textarea id=\"wpforms-48339-field_2\" class=\"wpforms-field-medium\" name=\"wpforms[fields][2]\" aria-errormessage=\"wpforms-48339-field_2-error\" ><\/textarea><\/div><\/div><!-- .wpforms-field-container --><div class=\"wpforms-submit-container\" ><input type=\"hidden\" name=\"wpforms[id]\" value=\"48339\"><input type=\"hidden\" name=\"page_title\" value=\"\"><input type=\"hidden\" name=\"page_url\" value=\"https:\/\/vivatatuape.com.br\/portal\/wp-json\/wp\/v2\/pages\/48369\"><input type=\"hidden\" name=\"url_referer\" value=\"\"><button type=\"submit\" name=\"wpforms[submit]\" id=\"wpforms-submit-48339\" class=\"wpforms-submit\" data-alt-text=\"Enviando\u2026\" data-submit-text=\"Enviar\" aria-live=\"assertive\" value=\"wpforms-submit\">Enviar<\/button><img decoding=\"async\" src=\"https:\/\/vivatatuape.com.br\/portal\/wp-content\/plugins\/wpforms-lite\/assets\/images\/submit-spin.svg\" class=\"wpforms-submit-spinner\" style=\"display: none;\" width=\"26\" height=\"26\" alt=\"Carregando\"><\/div><\/form><\/div>  <!-- .wpforms-container -->\t<\/div>\n\t\t\t\t<\/div>\n\t\t\t\t<\/div>\n\t\t\t\t\t<\/div>\n\t\t\t\t<\/div>\n\t\t\t\t<\/div>\n\t\t","protected":false},"excerpt":{"rendered":"<p>Fa\u00e7a seu cadastro e comece hoje mesmo a divulga\u00e7\u00e3o da sua empresa com o Viva Tatuap\u00e9. Preencha o cadastro abaixo que nossa equipe entrar\u00e1 em contato com voc\u00ea o mais r\u00e1pido poss\u00edvel.<\/p>\n","protected":false},"author":1,"featured_media":0,"parent":0,"menu_order":0,"comment_status":"closed","ping_status":"closed","template":"page-templates\/no-wrapper.php","meta":{"footnotes":""},"yoast_head":"<!-- This site is optimized with the Yoast SEO plugin v23.3 - https:\/\/yoast.com\/wordpress\/plugins\/seo\/ -->\n<title>Formul\u00e1rio de Contato Planos - Viva Tatuap\u00e9<\/title>\n<meta name=\"robots\" content=\"index, follow, max-snippet:-1, max-image-preview:large, max-video-preview:-1\" \/>\n<link rel=\"canonical\" href=\"https:\/\/vivatatuape.com.br\/portal\/formulario-de-contato-planos\/\" \/>\n<meta property=\"og:locale\" content=\"pt_BR\" \/>\n<meta property=\"og:type\" content=\"article\" \/>\n<meta property=\"og:title\" content=\"Formul\u00e1rio de Contato Planos - Viva Tatuap\u00e9\" \/>\n<meta property=\"og:description\" content=\"Fa\u00e7a seu cadastro e comece hoje mesmo a divulga\u00e7\u00e3o da sua empresa com o Viva Tatuap\u00e9. Preencha o cadastro abaixo que nossa equipe entrar\u00e1 em contato com voc\u00ea o mais r\u00e1pido poss\u00edvel.\" \/>\n<meta property=\"og:url\" content=\"https:\/\/vivatatuape.com.br\/portal\/formulario-de-contato-planos\/\" \/>\n<meta property=\"og:site_name\" content=\"Viva Tatuap\u00e9\" \/>\n<meta property=\"article:publisher\" content=\"http:\/\/www.facebook.com\/vivatatuape\" \/>\n<meta property=\"article:modified_time\" content=\"2025-08-12T22:59:58+00:00\" \/>\n<meta property=\"og:image\" content=\"http:\/\/vivatatuape.com.br\/portal\/wp-content\/uploads\/2025\/08\/Novo-Projeto-44.png\" \/>\n<meta name=\"twitter:card\" content=\"summary_large_image\" \/>\n<meta name=\"twitter:site\" content=\"@viva_tatuape\" \/>\n<meta name=\"twitter:label1\" content=\"Est. tempo de leitura\" \/>\n\t<meta name=\"twitter:data1\" content=\"1 minuto\" \/>\n<script type=\"application\/ld+json\" class=\"yoast-schema-graph\">{\"@context\":\"https:\/\/schema.org\",\"@graph\":[{\"@type\":\"WebPage\",\"@id\":\"https:\/\/vivatatuape.com.br\/portal\/formulario-de-contato-planos\/\",\"url\":\"https:\/\/vivatatuape.com.br\/portal\/formulario-de-contato-planos\/\",\"name\":\"Formul\u00e1rio de Contato Planos - Viva Tatuap\u00e9\",\"isPartOf\":{\"@id\":\"https:\/\/vivatatuape.com.br\/portal\/#website\"},\"primaryImageOfPage\":{\"@id\":\"https:\/\/vivatatuape.com.br\/portal\/formulario-de-contato-planos\/#primaryimage\"},\"image\":{\"@id\":\"https:\/\/vivatatuape.com.br\/portal\/formulario-de-contato-planos\/#primaryimage\"},\"thumbnailUrl\":\"http:\/\/vivatatuape.com.br\/portal\/wp-content\/uploads\/2025\/08\/Novo-Projeto-44.png\",\"datePublished\":\"2025-01-24T01:10:44+00:00\",\"dateModified\":\"2025-08-12T22:59:58+00:00\",\"breadcrumb\":{\"@id\":\"https:\/\/vivatatuape.com.br\/portal\/formulario-de-contato-planos\/#breadcrumb\"},\"inLanguage\":\"pt-BR\",\"potentialAction\":[{\"@type\":\"ReadAction\",\"target\":[\"https:\/\/vivatatuape.com.br\/portal\/formulario-de-contato-planos\/\"]}]},{\"@type\":\"ImageObject\",\"inLanguage\":\"pt-BR\",\"@id\":\"https:\/\/vivatatuape.com.br\/portal\/formulario-de-contato-planos\/#primaryimage\",\"url\":\"https:\/\/vivatatuape.com.br\/portal\/wp-content\/uploads\/2025\/08\/Novo-Projeto-44.png\",\"contentUrl\":\"https:\/\/vivatatuape.com.br\/portal\/wp-content\/uploads\/2025\/08\/Novo-Projeto-44.png\",\"width\":1700,\"height\":720},{\"@type\":\"BreadcrumbList\",\"@id\":\"https:\/\/vivatatuape.com.br\/portal\/formulario-de-contato-planos\/#breadcrumb\",\"itemListElement\":[{\"@type\":\"ListItem\",\"position\":1,\"name\":\"In\u00edcio\",\"item\":\"https:\/\/vivatatuape.com.br\/portal\/\"},{\"@type\":\"ListItem\",\"position\":2,\"name\":\"Formul\u00e1rio de Contato Planos\"}]},{\"@type\":\"WebSite\",\"@id\":\"https:\/\/vivatatuape.com.br\/portal\/#website\",\"url\":\"https:\/\/vivatatuape.com.br\/portal\/\",\"name\":\"Viva Tatuap\u00e9\",\"description\":\"O melhor do Tatuap\u00e9 voc\u00ea encontra aqui!\",\"potentialAction\":[{\"@type\":\"SearchAction\",\"target\":{\"@type\":\"EntryPoint\",\"urlTemplate\":\"https:\/\/vivatatuape.com.br\/portal\/?s={search_term_string}\"},\"query-input\":\"required name=search_term_string\"}],\"inLanguage\":\"pt-BR\"}]}<\/script>\n<!-- \/ Yoast SEO plugin. -->","yoast_head_json":{"title":"Formul\u00e1rio de Contato Planos - Viva Tatuap\u00e9","robots":{"index":"index","follow":"follow","max-snippet":"max-snippet:-1","max-image-preview":"max-image-preview:large","max-video-preview":"max-video-preview:-1"},"canonical":"https:\/\/vivatatuape.com.br\/portal\/formulario-de-contato-planos\/","og_locale":"pt_BR","og_type":"article","og_title":"Formul\u00e1rio de Contato Planos - Viva Tatuap\u00e9","og_description":"Fa\u00e7a seu cadastro e comece hoje mesmo a divulga\u00e7\u00e3o da sua empresa com o Viva Tatuap\u00e9. Preencha o cadastro abaixo que nossa equipe entrar\u00e1 em contato com voc\u00ea o mais r\u00e1pido poss\u00edvel.","og_url":"https:\/\/vivatatuape.com.br\/portal\/formulario-de-contato-planos\/","og_site_name":"Viva Tatuap\u00e9","article_publisher":"http:\/\/www.facebook.com\/vivatatuape","article_modified_time":"2025-08-12T22:59:58+00:00","og_image":[{"url":"http:\/\/vivatatuape.com.br\/portal\/wp-content\/uploads\/2025\/08\/Novo-Projeto-44.png"}],"twitter_card":"summary_large_image","twitter_site":"@viva_tatuape","twitter_misc":{"Est. tempo de leitura":"1 minuto"},"schema":{"@context":"https:\/\/schema.org","@graph":[{"@type":"WebPage","@id":"https:\/\/vivatatuape.com.br\/portal\/formulario-de-contato-planos\/","url":"https:\/\/vivatatuape.com.br\/portal\/formulario-de-contato-planos\/","name":"Formul\u00e1rio de Contato Planos - Viva Tatuap\u00e9","isPartOf":{"@id":"https:\/\/vivatatuape.com.br\/portal\/#website"},"primaryImageOfPage":{"@id":"https:\/\/vivatatuape.com.br\/portal\/formulario-de-contato-planos\/#primaryimage"},"image":{"@id":"https:\/\/vivatatuape.com.br\/portal\/formulario-de-contato-planos\/#primaryimage"},"thumbnailUrl":"http:\/\/vivatatuape.com.br\/portal\/wp-content\/uploads\/2025\/08\/Novo-Projeto-44.png","datePublished":"2025-01-24T01:10:44+00:00","dateModified":"2025-08-12T22:59:58+00:00","breadcrumb":{"@id":"https:\/\/vivatatuape.com.br\/portal\/formulario-de-contato-planos\/#breadcrumb"},"inLanguage":"pt-BR","potentialAction":[{"@type":"ReadAction","target":["https:\/\/vivatatuape.com.br\/portal\/formulario-de-contato-planos\/"]}]},{"@type":"ImageObject","inLanguage":"pt-BR","@id":"https:\/\/vivatatuape.com.br\/portal\/formulario-de-contato-planos\/#primaryimage","url":"https:\/\/vivatatuape.com.br\/portal\/wp-content\/uploads\/2025\/08\/Novo-Projeto-44.png","contentUrl":"https:\/\/vivatatuape.com.br\/portal\/wp-content\/uploads\/2025\/08\/Novo-Projeto-44.png","width":1700,"height":720},{"@type":"BreadcrumbList","@id":"https:\/\/vivatatuape.com.br\/portal\/formulario-de-contato-planos\/#breadcrumb","itemListElement":[{"@type":"ListItem","position":1,"name":"In\u00edcio","item":"https:\/\/vivatatuape.com.br\/portal\/"},{"@type":"ListItem","position":2,"name":"Formul\u00e1rio de Contato Planos"}]},{"@type":"WebSite","@id":"https:\/\/vivatatuape.com.br\/portal\/#website","url":"https:\/\/vivatatuape.com.br\/portal\/","name":"Viva Tatuap\u00e9","description":"O melhor do Tatuap\u00e9 voc\u00ea encontra aqui!","potentialAction":[{"@type":"SearchAction","target":{"@type":"EntryPoint","urlTemplate":"https:\/\/vivatatuape.com.br\/portal\/?s={search_term_string}"},"query-input":"required name=search_term_string"}],"inLanguage":"pt-BR"}]}},"_links":{"self":[{"href":"https:\/\/vivatatuape.com.br\/portal\/wp-json\/wp\/v2\/pages\/48369"}],"collection":[{"href":"https:\/\/vivatatuape.com.br\/portal\/wp-json\/wp\/v2\/pages"}],"about":[{"href":"https:\/\/vivatatuape.com.br\/portal\/wp-json\/wp\/v2\/types\/page"}],"author":[{"embeddable":true,"href":"https:\/\/vivatatuape.com.br\/portal\/wp-json\/wp\/v2\/users\/1"}],"replies":[{"embeddable":true,"href":"https:\/\/vivatatuape.com.br\/portal\/wp-json\/wp\/v2\/comments?post=48369"}],"version-history":[{"count":10,"href":"https:\/\/vivatatuape.com.br\/portal\/wp-json\/wp\/v2\/pages\/48369\/revisions"}],"predecessor-version":[{"id":50069,"href":"https:\/\/vivatatuape.com.br\/portal\/wp-json\/wp\/v2\/pages\/48369\/revisions\/50069"}],"wp:attachment":[{"href":"https:\/\/vivatatuape.com.br\/portal\/wp-json\/wp\/v2\/media?parent=48369"}],"curies":[{"name":"wp","href":"https:\/\/api.w.org\/{rel}","templated":true}]}}