{"id":887,"date":"2016-01-25T22:00:47","date_gmt":"2016-01-25T22:00:47","guid":{"rendered":"http:\/\/vivatatuape.com.br\/portal\/?page_id=887"},"modified":"2024-11-26T01:06:47","modified_gmt":"2024-11-26T01:06:47","slug":"como-funciona-o-conceito","status":"publish","type":"page","link":"https:\/\/vivatatuape.com.br\/portal\/como-funciona-o-conceito\/","title":{"rendered":"Como Funciona &#8211; O Conceito"},"content":{"rendered":"<p>Lan\u00e7ado oficialmente em 01.04.2013, o Viva Tatuap\u00e9 foi idealizado para ser um portal web, uma revista eletr\u00f4nica com todas as informa\u00e7\u00f5es, novidades, dicas relacionadas ao bairro do Tatuap\u00e9.<\/p>\n<h2>Porque anunciar no VivaTatuap\u00e9.com.br<\/h2>\n<p>O Mundo hoje \u00e9 web! Redes sociais, web sites e aplicativos fazem parte da rotina das pessoas e s\u00e3o ferramentas sem igual para divulgar sua empresa. Anunciar no viva Tatuap\u00e9 \u00e9 levar sua<br \/>\nempresa para milhares de novos clientes a qualquer hora do dia em qualquer lugar.<\/p>\n<p>Atualmente o Viva Tatuap\u00e9 conta mais mais de 300 mil seguidores em suas redes sociais e mais de 1 milh\u00e3o de visualiza\u00e7\u00f5es mensais. Esse p\u00fablico \u00e9 extremamente segmentado com seguidores que moram ou frequentam o Bairro do Tatuap\u00e9. Ent\u00e3o, se voc\u00ea tem uma empresa ou presta algum servi\u00e7o no Tatuap\u00e9, n\u00f3s podemos oferecer o p\u00fablico exato para uma divulga\u00e7\u00e3o com maior \u00edndice de sucesso. <\/p>\n<h2>Por que divulgar no Viva Tatuap\u00e9 \u00e9 diferente?<\/h2>\n<p>No Viva Tatuap\u00e9, divulga\u00e7\u00e3o tamb\u00e9m \u00e9 informa\u00e7\u00e3o e qualidade. Divulgar uma empresa ou um produto \u00e9 despertar o interesse do consumidor. Quanto mais conte\u00fado informativo de qualidade sua empresa fornece, mais ela ser\u00e1 divulgada. Queremos que sua empresa converse com nossos seguidores. Conte coisas interessantes sobre seus produtos ou seus servi\u00e7os.<\/p>\n<h2>N\u00e3o \u00e9 s\u00f3 o comprar, mas o porqu\u00ea comprar e ser cliente!<\/h2>\n<p>Voc\u00ea deve lembrar que o Viva Tatuap\u00e9 <strong>N\u00c3O \u00c9<\/strong> a p\u00e1gina da sua empresa, ent\u00e3o a divulga\u00e7\u00e3o funciona de uma maneira diferente. No Viva Tatuap\u00e9 s\u00e3o MILHARES DE NOVOS CLIENTES que n\u00e3o conhecem sua marca, seu produto, sua localiza\u00e7\u00e3o e precisam saber mais detalhes sobre ela. ent\u00e3o, apresente sua empresa, mostre porque ele deve consumir seu produto.<\/p>\n<p>Se voc\u00ea tem um restaurante, n\u00e3o mostre apenas o prato, mostre seu espa\u00e7o, a fachada do seu restaurante, os detalhes do seu prato e os seus diferenciais de uma maneira que o cliente queira saber mais sobre seu restaurante.<\/p>\n<p>Mas lembre-se&#8230;No Viva Tatuap\u00e9 quanto mais real essa mensagem for passada, melhor ser\u00e1 o resultado. Aquelas fotos profissionais com um visual perfeito s\u00e3o muito bacanas e devem ser usadas na SUAS P\u00c1GINAS! Entenda que no Viva essa mensagem deve ter um apelo diferente, ela deve ser real, o mais pr\u00f3ximo da experi\u00eancia real, cada prato como ele \u00e9, sem trucagens de luz, de imagens ou edi\u00e7\u00f5es profissionais. Quanto mais um cliente sentir a realidade no que ele est\u00e1 vendo, mais confian\u00e7a ele vai ter de conhecer sua empresa, provar o seu produto e tornar-se seu cliente.<\/p>\n<p>No Viva Tatuap\u00e9 voc\u00ea conta com 5 alternativas de Planos para divulga\u00e7\u00e3o para a sua empresa.<\/p>\n<p><strong> &#8211; Plano Eventos<br \/>\n &#8211; Plano Inaugura\u00e7\u00e3o<br \/>\n &#8211; Plano 20<br \/>\n &#8211; Plano 30<br \/>\n &#8211; Plano Premium<\/strong><\/p>\n<hr>\n<h3>Plano Inaugura\u00e7\u00e3o = Como funciona<\/h3>\n<p>O Plano inaugura\u00e7\u00e3o foi criado para empresas que v\u00e3o inaugurar no Bairro e querem realmente aparecer para o seu p\u00fablico.<\/p>\n<p><strong>Como Funciona<\/strong>: No Plano Inaugura\u00e7\u00e3o s\u00e3o Realizados 4 postagens em Cada Rede do Viva Tatuap\u00e9 distribu\u00eddos da seguinte maneira.<\/p>\n<p><strong>Pr\u00e9 Inaugura\u00e7\u00e3o:<\/strong> 1 post (foto) em todas as redes informando que uma novidade (empresa) est\u00e1 chegando e a data de inaugura\u00e7\u00e3o  (Essa imagem \u00e9 realizada pela equipe do Viva Tatuap\u00e9 antes da inaugura\u00e7\u00e3o para empresas que n\u00e3o estejam localizadas em edif\u00edcios comerciais)<\/p>\n<p><strong>Cobertura do Evento de Inaugura\u00e7\u00e3o<\/strong>: No Dia da Inaugura\u00e7\u00e3o, uma equipe do Viva Tatuap\u00e9 faz a Cobertura do evento com a cria\u00e7\u00e3o do Material para Divulga\u00e7\u00e3o em todas as redes do Viva Tatuap\u00e9 (Fotos e v\u00eddeos).<br \/>\nInclus\u00e3o da Mat\u00e9ria sobre a empresa no site do Viva Tatuap\u00e9<br \/>\nInclus\u00e3o dos Banners no site do Viva Tatuap\u00e9<\/p>\n<p><strong>P\u00f3s inaugura\u00e7\u00e3o: <\/strong>Ap\u00f3s a inaugura\u00e7\u00e3o s\u00e3o realizados mais 2 posts informando que a nova empresa chegou no Bairro assim como os produtos e servi\u00e7os que ela oferece.<\/p>\n<h3>Plano Inaugura\u00e7\u00e3o = Postagens*<\/h3>\n<p><strong>Redes Sociais &#8211; instagram<\/strong><br \/>\n<strong>4 Post no Feed do Instagram: <\/strong><br \/>\n1 post foto (novidade)<br \/>\n2 posts em v\u00eddeos da empresa (V\u00eddeo da inaugura\u00e7\u00e3o e repost do v\u00eddeo da inaugura\u00e7\u00e3o)<br \/>\n1 Postagens utilizando fotos <\/p>\n<p>4 post no Stories do Instagram<br \/>\n1 post foto (novidade)<br \/>\n2 posts em v\u00eddeos da empresa (V\u00eddeo da inaugura\u00e7\u00e3o e repost do v\u00eddeo da inaugura\u00e7\u00e3o)<br \/>\n1 Postagens utilizando at\u00e9 4 fotos <\/p>\n<p><strong>Redes Sociais &#8211; Facebook<\/strong><br \/>\n 4 Post no Feed do Facebook:<br \/>\n1 post foto (novidade)<br \/>\nposts em v\u00eddeos da empresa (V\u00eddeo da inaugura\u00e7\u00e3o e repost do v\u00eddeo da inaugura\u00e7\u00e3o)<br \/>\n1 postagem com link da mat\u00e9ria da empresa no site VT)<br \/>\n4 Post no Stories do Facebook (At\u00e9 4 Imagens com link para a mat\u00e9ria no site VT)<\/p>\n<p><strong>Redes Sociais &#8211; TikTok<\/strong><br \/>\n 1 post no TikTok: v\u00eddeo da Inaugura\u00e7\u00e3o da empresa<\/p>\n<p><strong>Redes Sociais &#8211; Thrends<\/strong><br \/>\n 2 Post no Feed do Thrends: (Post com link para a mat\u00e9ria sobre a empresa)<\/p>\n<p><strong>Redes Sociais &#8211; Twitter<\/strong><br \/>\n2Posts no Feed do Twitter: (Post com link para a mat\u00e9ria sobre a empresa)<\/p>\n<p><strong>*As postagens podem ser alteradas conforme o ramo de atua\u00e7\u00e3o da empresa ou o produto relacionado.<\/strong><\/p>\n<hr>\n<h3>Site <a href=\"http:\/\/vivatatuape.com.br\" rel=\"noopener\" target=\"_blank\">vivatatuape.com.br<\/a><\/h3>\n<p> &#8211; Uma Mat\u00e9ria da empresa no site do Viva Tatuap\u00e9 em destaque e segmentada por ramo de atua\u00e7\u00e3o<br \/>\n &#8211; 2 Banners em 2 formatos (para home e laterais de p\u00e1ginas) para divulga\u00e7\u00e3o no site do Viva Tatuap\u00e9<br \/>\n &#8211; Inclus\u00e3o Gratuita no App Viva Tatuap\u00e9<\/p>\n<hr>\n<h3>Plano Eventos<\/h3>\n<p>O Plano eventos \u00e9 utilizado exclusivamente para eventos pontuais como lan\u00e7amentos, eventos entre outros.<br \/>\n<strong>No Plano Eventos voc\u00ea conta com:<\/strong><br \/>\n 1 Post no Feed do Instagram (Pode ser formato v\u00eddeo para Reels ou at\u00e9 quatro imagens)<br \/>\n 1 post no Stories do Instagram (Uma Imagens ou v\u00eddeo de at\u00e9 15 segundos)<br \/>\n 1 Post no Feed do Facebook (at\u00e9 4 imagens)<br \/>\n 1 Post no Stories do Facebook (Uma Imagens ou v\u00eddeo de at\u00e9 15 segundos)<br \/>\n 1 Post no Feed do Thrends (1 imagem)<\/p>\n<p><strong>O Plano Eventos conta com duas op\u00e7\u00f5es:<\/strong><br \/>\nA Empresa fornece o material da postagens conforme o tamanho necess\u00e1rio para cada rede. (Formato Instagram reels\/Feed &#8211; Formato Stories &#8211; Formato Facebook)<br \/>\nO Material para a divulga\u00e7\u00e3o e realizado pela equipe do Viva Tatuap\u00e9.<\/p>\n<hr>\n<h3>Plano 20<\/h3>\n<p><strong>No Plano 20 voc\u00ea conta com:<\/strong><br \/>\n 2 Post no Feed do Instagram (Pode ser formato v\u00eddeo para Reels ou at\u00e9 quatro imagens)<br \/>\n 2 post no Stories do Instagram (Duas Imagens ou v\u00eddeo de at\u00e9 30 segundos)<br \/>\n 2 Post no Feed do Facebook (at\u00e9 Cinco imagens)<br \/>\n 2 Post no Stories do Facebook (Duas Imagens ou v\u00eddeo de at\u00e9 15 segundos)<\/p>\n<hr>\n<h3>Plano 30<\/h3>\n<p><strong>No Plano 30 voc\u00ea conta com:<\/strong><br \/>\n 3 Post no Feed do Instagram (Pode ser formato v\u00eddeo para Reels ou at\u00e9 quatro imagens)<br \/>\n 3 post no Stories do Instagram (4 Imagens ou v\u00eddeo de at\u00e9 45 segundos)<br \/>\n 3 Post no Feed do Facebook (at\u00e9 5 imagens)<br \/>\n 3 Post no Stories do Facebook (4 Imagens ou v\u00eddeo de at\u00e9 15 segundos)<\/p>\n<hr>\n<h3>Plano Premium<\/h3>\n<p>O Mais Completo dos Planos do Viva Tatuap\u00e9, para empresas que querem uma divulga\u00e7\u00e3o intensa e concreta para a sua empresa atingindo diversos tipos de p\u00fablicos.<br \/>\n<strong>No Plano 40 voc\u00ea conta com:<\/strong><\/p>\n<p>Toda a Cria\u00e7\u00e3o do material de divulga\u00e7\u00e3o para a Campanha \u00e9 criada pela Equipe do Viva Tatuap\u00e9. Fotos e v\u00eddeos<\/p>\n<p><strong>Redes Sociais &#8211; instagram<\/strong><br \/>\n 4 Post no Feed do Instagram: 2 post utilizando fotos ( at\u00e9 10 fotos contendo o Espa\u00e7o, servi\u00e7os ou produtos da empresa) + 2 posts em v\u00eddeos Reels da empresa (2 v\u00eddeos diferentes sobre a empresa)<br \/>\n 4 post no Stories do Instagram 2 post utilizando fotos ( at\u00e9 4 fotos contendo o Espa\u00e7o, servi\u00e7os ou produtos da empresa) + 2 posts em v\u00eddeos da empresa (Os mesmos utilizados no Reels)<\/p>\n<p><strong>Redes Sociais &#8211; Facebook<\/strong><br \/>\n 4 Post no Feed do Facebook:  1 post utilizando fotos ( at\u00e9 10 fotos contendo o Espa\u00e7o, servi\u00e7os ou produtos da empresa) + 2 posts em v\u00eddeos da empresa (2 v\u00eddeos diferentes sobre a empresa)  + 1 post mat\u00e9ria com link da mat\u00e9ria da empresa no site VT)<br \/>\n 4 Post no Stories do Facebook (At\u00e9 4 Imagens com link para a mat\u00e9ria no site VT)<\/p>\n<p><strong>Redes Sociais &#8211; Facebook<\/strong><br \/>\n 1 post no TikTok: Sobre a empresa \/ Produtos \/ Servi\u00e7os<\/p>\n<p><strong>Redes Sociais &#8211; Thrends<\/strong><br \/>\n 4 Post no Feed do Thrends: (Post com link para a mat\u00e9ria sobre a empresa)<\/p>\n<p><strong>Redes Sociais &#8211; Twitter<\/strong><br \/>\n 4 Posts no Feed do Twitter: (Post com link para a mat\u00e9ria sobre a empresa)<\/p>\n<p><strong>*As postagens podem ser alteradas conforme o ramo de atua\u00e7\u00e3o da empresa ou o produto relacionado.<\/strong><\/p>\n<hr>\n<p><strong>Site <a href=\"http:\/\/vivatatuape.com.br\" rel=\"noopener\" target=\"_blank\">vivatatuape.com.br<\/a><\/strong><br \/>\n &#8211; Uma Mat\u00e9ria da empresa no site do Viva Tatuap\u00e9 em destaque e segmentada por ramo de atua\u00e7\u00e3o<br \/>\n &#8211; Inclus\u00e3o da empresa no guia de dicas conforme o segmento da empresa<br \/>\n &#8211; 2 Banners em 2 formatos (para home e laterais de p\u00e1ginas) para divulga\u00e7\u00e3o no site do Viva Tatuap\u00e9<br \/>\n &#8211; Inclus\u00e3o Gratuita no App Viva Tatuap\u00e9<\/p>\n","protected":false},"excerpt":{"rendered":"<p>Lan\u00e7ado oficialmente em 01.04.2013, o Viva Tatuap\u00e9 foi idealizado para ser um portal web, uma revista eletr\u00f4nica com todas as informa\u00e7\u00f5es, novidades, dicas relacionadas ao bairro do Tatuap\u00e9. Porque anunciar no VivaTatuap\u00e9.com.br O Mundo hoje \u00e9 web! Redes sociais, web sites e aplicativos fazem parte da rotina das pessoas e s\u00e3o ferramentas sem igual para<\/p>\n","protected":false},"author":1,"featured_media":0,"parent":0,"menu_order":0,"comment_status":"closed","ping_status":"closed","template":"","meta":{"footnotes":""},"yoast_head":"<!-- This site is optimized with the Yoast SEO plugin v23.3 - https:\/\/yoast.com\/wordpress\/plugins\/seo\/ -->\n<title>Como Funciona - O Conceito - Viva Tatuap\u00e9<\/title>\n<meta name=\"robots\" content=\"index, follow, max-snippet:-1, max-image-preview:large, max-video-preview:-1\" \/>\n<link rel=\"canonical\" href=\"https:\/\/vivatatuape.com.br\/portal\/como-funciona-o-conceito\/\" \/>\n<meta property=\"og:locale\" content=\"pt_BR\" \/>\n<meta property=\"og:type\" content=\"article\" \/>\n<meta property=\"og:title\" content=\"Como Funciona - O Conceito - Viva Tatuap\u00e9\" \/>\n<meta property=\"og:description\" content=\"Lan\u00e7ado oficialmente em 01.04.2013, o Viva Tatuap\u00e9 foi idealizado para ser um portal web, uma revista eletr\u00f4nica com todas as informa\u00e7\u00f5es, novidades, dicas relacionadas ao bairro do Tatuap\u00e9. Porque anunciar no VivaTatuap\u00e9.com.br O Mundo hoje \u00e9 web! Redes sociais, web sites e aplicativos fazem parte da rotina das pessoas e s\u00e3o ferramentas sem igual para\" \/>\n<meta property=\"og:url\" content=\"https:\/\/vivatatuape.com.br\/portal\/como-funciona-o-conceito\/\" \/>\n<meta property=\"og:site_name\" content=\"Viva Tatuap\u00e9\" \/>\n<meta property=\"article:publisher\" content=\"http:\/\/www.facebook.com\/vivatatuape\" \/>\n<meta property=\"article:modified_time\" content=\"2024-11-26T01:06:47+00:00\" \/>\n<meta name=\"twitter:card\" content=\"summary_large_image\" \/>\n<meta name=\"twitter:site\" content=\"@viva_tatuape\" \/>\n<meta name=\"twitter:label1\" content=\"Est. tempo de leitura\" \/>\n\t<meta name=\"twitter:data1\" content=\"8 minutos\" \/>\n<script type=\"application\/ld+json\" class=\"yoast-schema-graph\">{\"@context\":\"https:\/\/schema.org\",\"@graph\":[{\"@type\":\"WebPage\",\"@id\":\"https:\/\/vivatatuape.com.br\/portal\/como-funciona-o-conceito\/\",\"url\":\"https:\/\/vivatatuape.com.br\/portal\/como-funciona-o-conceito\/\",\"name\":\"Como Funciona - O Conceito - Viva Tatuap\u00e9\",\"isPartOf\":{\"@id\":\"https:\/\/vivatatuape.com.br\/portal\/#website\"},\"datePublished\":\"2016-01-25T22:00:47+00:00\",\"dateModified\":\"2024-11-26T01:06:47+00:00\",\"breadcrumb\":{\"@id\":\"https:\/\/vivatatuape.com.br\/portal\/como-funciona-o-conceito\/#breadcrumb\"},\"inLanguage\":\"pt-BR\",\"potentialAction\":[{\"@type\":\"ReadAction\",\"target\":[\"https:\/\/vivatatuape.com.br\/portal\/como-funciona-o-conceito\/\"]}]},{\"@type\":\"BreadcrumbList\",\"@id\":\"https:\/\/vivatatuape.com.br\/portal\/como-funciona-o-conceito\/#breadcrumb\",\"itemListElement\":[{\"@type\":\"ListItem\",\"position\":1,\"name\":\"In\u00edcio\",\"item\":\"https:\/\/vivatatuape.com.br\/portal\/\"},{\"@type\":\"ListItem\",\"position\":2,\"name\":\"Como Funciona &#8211; O Conceito\"}]},{\"@type\":\"WebSite\",\"@id\":\"https:\/\/vivatatuape.com.br\/portal\/#website\",\"url\":\"https:\/\/vivatatuape.com.br\/portal\/\",\"name\":\"Viva Tatuap\u00e9\",\"description\":\"O melhor do Tatuap\u00e9 voc\u00ea encontra aqui!\",\"potentialAction\":[{\"@type\":\"SearchAction\",\"target\":{\"@type\":\"EntryPoint\",\"urlTemplate\":\"https:\/\/vivatatuape.com.br\/portal\/?s={search_term_string}\"},\"query-input\":\"required name=search_term_string\"}],\"inLanguage\":\"pt-BR\"}]}<\/script>\n<!-- \/ Yoast SEO plugin. -->","yoast_head_json":{"title":"Como Funciona - O Conceito - Viva Tatuap\u00e9","robots":{"index":"index","follow":"follow","max-snippet":"max-snippet:-1","max-image-preview":"max-image-preview:large","max-video-preview":"max-video-preview:-1"},"canonical":"https:\/\/vivatatuape.com.br\/portal\/como-funciona-o-conceito\/","og_locale":"pt_BR","og_type":"article","og_title":"Como Funciona - O Conceito - Viva Tatuap\u00e9","og_description":"Lan\u00e7ado oficialmente em 01.04.2013, o Viva Tatuap\u00e9 foi idealizado para ser um portal web, uma revista eletr\u00f4nica com todas as informa\u00e7\u00f5es, novidades, dicas relacionadas ao bairro do Tatuap\u00e9. Porque anunciar no VivaTatuap\u00e9.com.br O Mundo hoje \u00e9 web! Redes sociais, web sites e aplicativos fazem parte da rotina das pessoas e s\u00e3o ferramentas sem igual para","og_url":"https:\/\/vivatatuape.com.br\/portal\/como-funciona-o-conceito\/","og_site_name":"Viva Tatuap\u00e9","article_publisher":"http:\/\/www.facebook.com\/vivatatuape","article_modified_time":"2024-11-26T01:06:47+00:00","twitter_card":"summary_large_image","twitter_site":"@viva_tatuape","twitter_misc":{"Est. tempo de leitura":"8 minutos"},"schema":{"@context":"https:\/\/schema.org","@graph":[{"@type":"WebPage","@id":"https:\/\/vivatatuape.com.br\/portal\/como-funciona-o-conceito\/","url":"https:\/\/vivatatuape.com.br\/portal\/como-funciona-o-conceito\/","name":"Como Funciona - O Conceito - Viva Tatuap\u00e9","isPartOf":{"@id":"https:\/\/vivatatuape.com.br\/portal\/#website"},"datePublished":"2016-01-25T22:00:47+00:00","dateModified":"2024-11-26T01:06:47+00:00","breadcrumb":{"@id":"https:\/\/vivatatuape.com.br\/portal\/como-funciona-o-conceito\/#breadcrumb"},"inLanguage":"pt-BR","potentialAction":[{"@type":"ReadAction","target":["https:\/\/vivatatuape.com.br\/portal\/como-funciona-o-conceito\/"]}]},{"@type":"BreadcrumbList","@id":"https:\/\/vivatatuape.com.br\/portal\/como-funciona-o-conceito\/#breadcrumb","itemListElement":[{"@type":"ListItem","position":1,"name":"In\u00edcio","item":"https:\/\/vivatatuape.com.br\/portal\/"},{"@type":"ListItem","position":2,"name":"Como Funciona &#8211; O Conceito"}]},{"@type":"WebSite","@id":"https:\/\/vivatatuape.com.br\/portal\/#website","url":"https:\/\/vivatatuape.com.br\/portal\/","name":"Viva Tatuap\u00e9","description":"O melhor do Tatuap\u00e9 voc\u00ea encontra aqui!","potentialAction":[{"@type":"SearchAction","target":{"@type":"EntryPoint","urlTemplate":"https:\/\/vivatatuape.com.br\/portal\/?s={search_term_string}"},"query-input":"required name=search_term_string"}],"inLanguage":"pt-BR"}]}},"_links":{"self":[{"href":"https:\/\/vivatatuape.com.br\/portal\/wp-json\/wp\/v2\/pages\/887"}],"collection":[{"href":"https:\/\/vivatatuape.com.br\/portal\/wp-json\/wp\/v2\/pages"}],"about":[{"href":"https:\/\/vivatatuape.com.br\/portal\/wp-json\/wp\/v2\/types\/page"}],"author":[{"embeddable":true,"href":"https:\/\/vivatatuape.com.br\/portal\/wp-json\/wp\/v2\/users\/1"}],"replies":[{"embeddable":true,"href":"https:\/\/vivatatuape.com.br\/portal\/wp-json\/wp\/v2\/comments?post=887"}],"version-history":[{"count":17,"href":"https:\/\/vivatatuape.com.br\/portal\/wp-json\/wp\/v2\/pages\/887\/revisions"}],"predecessor-version":[{"id":47728,"href":"https:\/\/vivatatuape.com.br\/portal\/wp-json\/wp\/v2\/pages\/887\/revisions\/47728"}],"wp:attachment":[{"href":"https:\/\/vivatatuape.com.br\/portal\/wp-json\/wp\/v2\/media?parent=887"}],"curies":[{"name":"wp","href":"https:\/\/api.w.org\/{rel}","templated":true}]}}